{"id":771845,"date":"2025-08-28T15:19:58","date_gmt":"2025-08-28T12:19:58","guid":{"rendered":"https:\/\/roveyayinevi.com.tr\/index.php\/urun\/kucuk-mutluluklar\/"},"modified":"2026-04-12T03:29:30","modified_gmt":"2026-04-12T00:29:30","slug":"kucuk-mutluluklar","status":"publish","type":"product","link":"https:\/\/roveyayinevi.com.tr\/index.php\/urun\/kucuk-mutluluklar\/","title":{"rendered":"K\u00fc\u00e7\u00fck Mutluluklar"},"content":{"rendered":"<p>G\u00f6zbebe\u011fimiz gibi bakt\u0131\u011f\u0131m\u0131z, gerekli t\u00fcm ihtimam\u0131 g\u00f6sterdi\u011fimiz h\u00e2lde solan, b\u00fcy\u00fcmeyen, \u00e7i\u00e7ek a\u00e7mayan bitkilerimizi d\u00fc\u015f\u00fcnd\u00fcm. Evlerimizde, suyunu, vitaminini, g\u00fcbresini verdi\u011fimiz, uygun yere yerle\u015ftirdi\u011fimiz, \u00f6zenle bakt\u0131\u011f\u0131m\u0131z h\u00e2lde bitkilerimiz \u00e7i\u00e7ek a\u00e7mazken, b\u00fct\u00fcn engellere ra\u011fmen kayal\u0131klardaki \u00e7i\u00e7eklerin t\u00fcm g\u00fczelliklerini sergilemesinin nedeni ne olabilirdi acaba? Hani, \u00f6zel odalar\u0131, \u00f6\u011fretmenleri, son model cep telefonlar\u0131 varken s\u0131n\u0131fta kalan \u00e7ocuklar\u0131m\u0131za inat, gecekonduda ya\u015fayan \u00f6\u011frencilerin takdirname almas\u0131, en iyi okullar\u0131 kazanmas\u0131 gibi San\u0131r\u0131m bu, bir azim meselesi. Yeter ki isteyelim, i\u00e7imizden gelsin, bir i\u015fi ba\u015farma iste\u011fi olsun y\u00fcre\u011fimizde&#8230; \u0130\u015fte o zaman \u00e7elik teller bile engelleyemez bizi!<\/p>\n","protected":false},"excerpt":{"rendered":"<p>G\u00f6zbebe\u011fimiz gibi bakt\u0131\u011f\u0131m\u0131z, gerekli t\u00fcm ihtimam\u0131 g\u00f6sterdi\u011fimiz h\u00e2lde solan, b\u00fcy\u00fcmeyen, \u00e7i\u00e7ek a\u00e7mayan bitkilerimizi d\u00fc\u015f\u00fcnd\u00fcm. Evlerimizde, suyunu, vitaminini, g\u00fcbresini verdi\u011fimiz, uygun yere yerle\u015ftirdi\u011fimiz, \u00f6zenle bakt\u0131\u011f\u0131m\u0131z h\u00e2lde bitkilerimiz<span class=\"excerpt-hellip\"> [\u2026]<\/span><\/p>\n","protected":false},"featured_media":0,"template":"","meta":{"_monsterinsights_skip_tracking":false,"_monsterinsights_sitenote_active":false,"_monsterinsights_sitenote_note":"","_monsterinsights_sitenote_category":0},"product_brand":[],"product_cat":[12364,12376],"product_tag":[],"class_list":{"0":"post-771845","1":"product","2":"type-product","3":"status-publish","5":"product_cat-genel-konular","6":"product_cat-kisisel-gelisim","7":"pa_cilt-ciltsiz","8":"pa_tur-kitap","9":"pa_yayinevi-yediveren-yayinlari","10":"pa_yazar-ikbal-gurpinar","12":"first","13":"instock","14":"sale","15":"shipping-taxable","16":"purchasable","17":"product-type-simple"},"_links":{"self":[{"href":"https:\/\/roveyayinevi.com.tr\/index.php\/wp-json\/wp\/v2\/product\/771845","targetHints":{"allow":["GET"]}}],"collection":[{"href":"https:\/\/roveyayinevi.com.tr\/index.php\/wp-json\/wp\/v2\/product"}],"about":[{"href":"https:\/\/roveyayinevi.com.tr\/index.php\/wp-json\/wp\/v2\/types\/product"}],"wp:attachment":[{"href":"https:\/\/roveyayinevi.com.tr\/index.php\/wp-json\/wp\/v2\/media?parent=771845"}],"wp:term":[{"taxonomy":"product_brand","embeddable":true,"href":"https:\/\/roveyayinevi.com.tr\/index.php\/wp-json\/wp\/v2\/product_brand?post=771845"},{"taxonomy":"product_cat","embeddable":true,"href":"https:\/\/roveyayinevi.com.tr\/index.php\/wp-json\/wp\/v2\/product_cat?post=771845"},{"taxonomy":"product_tag","embeddable":true,"href":"https:\/\/roveyayinevi.com.tr\/index.php\/wp-json\/wp\/v2\/product_tag?post=771845"}],"curies":[{"name":"wp","href":"https:\/\/api.w.org\/{rel}","templated":true}]}}