{"id":771842,"date":"2025-08-28T15:19:51","date_gmt":"2025-08-28T12:19:51","guid":{"rendered":"https:\/\/roveyayinevi.com.tr\/index.php\/urun\/alfie-green-ari-sise-cetesi\/"},"modified":"2026-04-15T03:38:16","modified_gmt":"2026-04-15T00:38:16","slug":"alfie-green-ari-sise-cetesi","status":"publish","type":"product","link":"https:\/\/roveyayinevi.com.tr\/index.php\/urun\/alfie-green-ari-sise-cetesi\/","title":{"rendered":"Alfie Green &#8211; Ar\u0131 \u015ei\u015fe \u00c7etesi"},"content":{"rendered":"<p>&#8220;Muhte\u015fem kitaplar, \u00e7ok g\u00fczel resimlendirilmi\u015f.&#8221;Sunday IndependentAlfie&#8217;nin ba\u015f\u0131 b\u00fcy\u00fck beladad\u0131r.Alfie, Tosun diye bilinen Walsh ve \u00e7etesinin parktaki ar\u0131lar\u0131 avlamas\u0131na engel olur. \u015eimdi \u00e7ete, Alfie&#8217;yi yakalamak i\u00e7in pe\u015fine d\u00fc\u015fer. Alfie ne yapabilir ki?Sihirli kitaptaki ya\u015fl\u0131 bilge bitki, Bal Pete\u011fi Da\u011f\u0131&#8217;ndaki Krali\u00e7e Ar\u0131&#8217;y\u0131 bulmas\u0131 i\u00e7in Alfie&#8217;yi Arcania&#8217;ya geri g\u00f6nderecek bir plan yapar. AncakAlfie, \u00f6ncelikle Ate\u015fli Diken Vadisi&#8217;ndeki yanan \u00e7al\u0131 sald\u0131r\u0131lar\u0131na kar\u015f\u0131 hayatta kalmak zorundad\u0131r.Alfie&#8217;nin deste\u011fe ihtiyac\u0131 vard\u0131r. Ve o deste\u011fe \u015fimdi ihtiyac\u0131 vard\u0131r.<\/p>\n","protected":false},"excerpt":{"rendered":"<p>&#8220;Muhte\u015fem kitaplar, \u00e7ok g\u00fczel resimlendirilmi\u015f.&#8221;Sunday IndependentAlfie&#8217;nin ba\u015f\u0131 b\u00fcy\u00fck beladad\u0131r.Alfie, Tosun diye bilinen Walsh ve \u00e7etesinin parktaki ar\u0131lar\u0131 avlamas\u0131na engel olur. \u015eimdi \u00e7ete, Alfie&#8217;yi yakalamak i\u00e7in pe\u015fine<span class=\"excerpt-hellip\"> [\u2026]<\/span><\/p>\n","protected":false},"featured_media":0,"template":"","meta":{"_monsterinsights_skip_tracking":false,"_monsterinsights_sitenote_active":false,"_monsterinsights_sitenote_note":"","_monsterinsights_sitenote_category":0},"product_brand":[],"product_cat":[12274,12284],"product_tag":[],"class_list":{"0":"post-771842","1":"product","2":"type-product","3":"status-publish","5":"product_cat-cocuk-ve-genclik-kitaplari","6":"product_cat-hikayeler","7":"pa_cilt-ciltsiz","8":"pa_tur-kitap","9":"pa_yayinevi-yediveren-cocuk","10":"pa_yazar-joe-o-brien","12":"first","13":"instock","14":"sale","15":"shipping-taxable","16":"purchasable","17":"product-type-simple"},"_links":{"self":[{"href":"https:\/\/roveyayinevi.com.tr\/index.php\/wp-json\/wp\/v2\/product\/771842","targetHints":{"allow":["GET"]}}],"collection":[{"href":"https:\/\/roveyayinevi.com.tr\/index.php\/wp-json\/wp\/v2\/product"}],"about":[{"href":"https:\/\/roveyayinevi.com.tr\/index.php\/wp-json\/wp\/v2\/types\/product"}],"wp:attachment":[{"href":"https:\/\/roveyayinevi.com.tr\/index.php\/wp-json\/wp\/v2\/media?parent=771842"}],"wp:term":[{"taxonomy":"product_brand","embeddable":true,"href":"https:\/\/roveyayinevi.com.tr\/index.php\/wp-json\/wp\/v2\/product_brand?post=771842"},{"taxonomy":"product_cat","embeddable":true,"href":"https:\/\/roveyayinevi.com.tr\/index.php\/wp-json\/wp\/v2\/product_cat?post=771842"},{"taxonomy":"product_tag","embeddable":true,"href":"https:\/\/roveyayinevi.com.tr\/index.php\/wp-json\/wp\/v2\/product_tag?post=771842"}],"curies":[{"name":"wp","href":"https:\/\/api.w.org\/{rel}","templated":true}]}}