{"id":771840,"date":"2025-08-28T15:19:47","date_gmt":"2025-08-28T12:19:47","guid":{"rendered":"https:\/\/roveyayinevi.com.tr\/index.php\/urun\/annenin-fitrat-yolculugu\/"},"modified":"2026-04-15T03:38:16","modified_gmt":"2026-04-15T00:38:16","slug":"annenin-fitrat-yolculugu","status":"publish","type":"product","link":"https:\/\/roveyayinevi.com.tr\/index.php\/urun\/annenin-fitrat-yolculugu\/","title":{"rendered":"Annenin F\u0131trat Yolculu\u011fu"},"content":{"rendered":"<p>\u015eu d\u00fcnya hayat\u0131nda her canl\u0131 bir yolcudur, \u00f6zellikle de insan\u2026 Yolcu olur da yol olmaz m\u0131? Yol olur da yol hik\u00e2yeleri olmaz m\u0131? \u0130\u015fte elinizde tuttu\u011funuz bu kitap da insan canl\u0131s\u0131n\u0131n d\u00fcnyadaki yolculu\u011funun ba\u015fkahraman\u0131 olan anne ve baban\u0131n hik\u00e2yesini anlat\u0131yor\u2026 \u00c7ocu\u011fun nas\u0131l olmas\u0131 gerekti\u011fine de\u011fil, nas\u0131l oldu\u011funa kendini b\u0131rakma yolculu\u011fudur\u2026 Yolculu\u011fun yorucu taraf\u0131na yo\u011funla\u015fan de\u011fil tad\u0131n\u0131 \u00e7\u0131karan, g\u00fczele ve g\u00fczelliklere odaklanan, i\u00e7indeki tabi olan\u0131 fark edip g\u00f6n\u00fclle yap\u0131lan bir yolculuktur\u2026 Direten de\u011fil dirilen, dayatan de\u011fil dayanan bir yolculuktur\u2026 Ac\u0131n\u0131n da, h\u00fczn\u00fcn de, sevincin de, mutlulu\u011fun da normal oldu\u011funu bilen ve oldu\u011fu gibi kabul eden, normalle\u015ftiren bir yolculuktur\u2026 Kendine yans\u0131yan\u0131 iyi g\u00f6rebilen ve kendi de iyi yans\u0131tan olarak yolunu do\u011fru bir haritayla devam ettiren, i\u015f birli\u011fine dayal\u0131 bir yolculuktur\u2026 Bu hayat yolculu\u011funun seyrini de\u011fi\u015ftirmek isteyen t\u00fcm anne babalar\u0131n ba\u015f ucu kitab\u0131 olmas\u0131 dile\u011fiyle\u2026<\/p>\n","protected":false},"excerpt":{"rendered":"<p>\u015eu d\u00fcnya hayat\u0131nda her canl\u0131 bir yolcudur, \u00f6zellikle de insan\u2026 Yolcu olur da yol olmaz m\u0131? Yol olur da yol hik\u00e2yeleri olmaz m\u0131? \u0130\u015fte elinizde tuttu\u011funuz<span class=\"excerpt-hellip\"> [\u2026]<\/span><\/p>\n","protected":false},"featured_media":0,"template":"","meta":{"_monsterinsights_skip_tracking":false,"_monsterinsights_sitenote_active":false,"_monsterinsights_sitenote_note":"","_monsterinsights_sitenote_category":0},"product_brand":[],"product_cat":[17996,12364],"product_tag":[],"class_list":{"0":"post-771840","1":"product","2":"type-product","3":"status-publish","5":"product_cat-ebeveyn-kitaplari","6":"product_cat-genel-konular","7":"pa_cilt-ciltsiz","8":"pa_tur-kitap","9":"pa_yayinevi-mihenk-kitap","10":"pa_yazar-mine-izgi","12":"first","13":"instock","14":"sale","15":"shipping-taxable","16":"purchasable","17":"product-type-simple"},"_links":{"self":[{"href":"https:\/\/roveyayinevi.com.tr\/index.php\/wp-json\/wp\/v2\/product\/771840","targetHints":{"allow":["GET"]}}],"collection":[{"href":"https:\/\/roveyayinevi.com.tr\/index.php\/wp-json\/wp\/v2\/product"}],"about":[{"href":"https:\/\/roveyayinevi.com.tr\/index.php\/wp-json\/wp\/v2\/types\/product"}],"wp:attachment":[{"href":"https:\/\/roveyayinevi.com.tr\/index.php\/wp-json\/wp\/v2\/media?parent=771840"}],"wp:term":[{"taxonomy":"product_brand","embeddable":true,"href":"https:\/\/roveyayinevi.com.tr\/index.php\/wp-json\/wp\/v2\/product_brand?post=771840"},{"taxonomy":"product_cat","embeddable":true,"href":"https:\/\/roveyayinevi.com.tr\/index.php\/wp-json\/wp\/v2\/product_cat?post=771840"},{"taxonomy":"product_tag","embeddable":true,"href":"https:\/\/roveyayinevi.com.tr\/index.php\/wp-json\/wp\/v2\/product_tag?post=771840"}],"curies":[{"name":"wp","href":"https:\/\/api.w.org\/{rel}","templated":true}]}}