{"id":771839,"date":"2025-08-28T15:19:46","date_gmt":"2025-08-28T12:19:46","guid":{"rendered":"https:\/\/roveyayinevi.com.tr\/index.php\/urun\/pasta-nasil-kesilir\/"},"modified":"2026-02-02T03:33:57","modified_gmt":"2026-02-02T00:33:57","slug":"pasta-nasil-kesilir","status":"publish","type":"product","link":"https:\/\/roveyayinevi.com.tr\/index.php\/urun\/pasta-nasil-kesilir\/","title":{"rendered":"Pasta Nas\u0131l Kesilir?"},"content":{"rendered":"<p>Ian Stewart\u2019\u0131n b\u00fcy\u00fcl\u00fc matematik d\u00fcnyas\u0131na tekrar ho\u015f geldiniz! \u0130\u015fte d\u00fcnyan\u0131n en pop\u00fcler matematik yazarlar\u0131ndan birinden ilgin\u00e7 ve fantastik matematik hik\u00e2yesi daha. Bu, sonsuz satran\u00e7 oyunlar\u0131n\u0131n, ayda kurulan imparatorluklar\u0131n, \u00f6fkeli ate\u015fb\u00f6ceklerinin ve elbette pastan\u0131n en iyi nas\u0131l kesilece\u011fine dair anla\u015fmazl\u0131klar\u0131n yer ald\u0131\u011f\u0131 tuhaf bir d\u00fcnya. Her b\u00f6l\u00fcm, \u201cKayna Kazan\u0131m Kayna\u201d ve \u201cOrtalamalar Yasas\u0131n\u0131 Kald\u0131rmak\u201d gibi ba\u015fl\u0131klarla, okura e\u011flenceli ve esprili bir \u015fekilde \u00f6nemli bir matematiksel problemi tan\u0131tan, ilgi \u00e7ekici bir matematiksel bilmece sunuyor. Zekice ve ilgin\u00e7 karikat\u00fcrlerle s\u00fcslenmi\u015f her hik\u00e2ye, matematiksel bilmeceleri sevenleri memnun edecek.   \u201cHer bir par\u00e7as\u0131, bir otob\u00fcs yolculu\u011funda bitecek matematiksel bilmecelerin keyifli a\u00e7\u0131klamalar\u0131ndan olu\u015fan bir a\u00e7\u0131k b\u00fcfe.\u201d \u2013Lewis Dartnell, plus.maths.org   \u201cStewart heyecan\u0131n\u0131 ve merak duygusunu aktarma konusunda bir d\u00e2hi&#8230;\u201d \u2013New York Journal of Books   \u201c\u0130lgin\u00e7 ve son derece e\u011flenceli bir kitap.\u201d \u2013Physics Today <\/p>\n","protected":false},"excerpt":{"rendered":"<p>Ian Stewart\u2019\u0131n b\u00fcy\u00fcl\u00fc matematik d\u00fcnyas\u0131na tekrar ho\u015f geldiniz! \u0130\u015fte d\u00fcnyan\u0131n en pop\u00fcler matematik yazarlar\u0131ndan birinden ilgin\u00e7 ve fantastik matematik hik\u00e2yesi daha. Bu, sonsuz satran\u00e7 oyunlar\u0131n\u0131n, ayda<span class=\"excerpt-hellip\"> [\u2026]<\/span><\/p>\n","protected":false},"featured_media":0,"template":"","meta":{"_monsterinsights_skip_tracking":false,"_monsterinsights_sitenote_active":false,"_monsterinsights_sitenote_note":"","_monsterinsights_sitenote_category":0},"product_brand":[],"product_cat":[13005,16724],"product_tag":[],"class_list":{"0":"post-771839","1":"product","2":"type-product","3":"status-publish","5":"product_cat-bilim-muhendislik","6":"product_cat-matematik","7":"pa_cilt-ciltsiz","8":"pa_tur-kitap","9":"pa_yayinevi-alfa-yayinlari","10":"pa_yazar-ian-stewart","12":"first","13":"instock","14":"sale","15":"shipping-taxable","16":"purchasable","17":"product-type-simple"},"_links":{"self":[{"href":"https:\/\/roveyayinevi.com.tr\/index.php\/wp-json\/wp\/v2\/product\/771839","targetHints":{"allow":["GET"]}}],"collection":[{"href":"https:\/\/roveyayinevi.com.tr\/index.php\/wp-json\/wp\/v2\/product"}],"about":[{"href":"https:\/\/roveyayinevi.com.tr\/index.php\/wp-json\/wp\/v2\/types\/product"}],"wp:attachment":[{"href":"https:\/\/roveyayinevi.com.tr\/index.php\/wp-json\/wp\/v2\/media?parent=771839"}],"wp:term":[{"taxonomy":"product_brand","embeddable":true,"href":"https:\/\/roveyayinevi.com.tr\/index.php\/wp-json\/wp\/v2\/product_brand?post=771839"},{"taxonomy":"product_cat","embeddable":true,"href":"https:\/\/roveyayinevi.com.tr\/index.php\/wp-json\/wp\/v2\/product_cat?post=771839"},{"taxonomy":"product_tag","embeddable":true,"href":"https:\/\/roveyayinevi.com.tr\/index.php\/wp-json\/wp\/v2\/product_tag?post=771839"}],"curies":[{"name":"wp","href":"https:\/\/api.w.org\/{rel}","templated":true}]}}