{"id":771838,"date":"2025-08-28T15:19:45","date_gmt":"2025-08-28T12:19:45","guid":{"rendered":"https:\/\/roveyayinevi.com.tr\/index.php\/urun\/rehberim\/"},"modified":"2026-04-15T03:38:16","modified_gmt":"2026-04-15T00:38:16","slug":"rehberim","status":"publish","type":"product","link":"https:\/\/roveyayinevi.com.tr\/index.php\/urun\/rehberim\/","title":{"rendered":"Rehberim"},"content":{"rendered":"<p>&#8220;Akl\u0131nla Kalbin Aras\u0131nda \u0130\u00e7sel Yolculu\u011fa Rehberlik&#8221; Bu kitap i\u00e7sel \u00e7at\u0131\u015fmalarla ba\u015fa \u00e7\u0131kmak, karar verme s\u00fcre\u00e7lerinde dengeyi bulmak ve ruhsal y\u00f6nden b\u00fct\u00fcnl\u00fc\u011f\u00fc sa\u011flamak isteyen herkes i\u00e7in bir k\u0131lavuz niteli\u011finde. Rehberim, derinlemesine bir i\u00e7g\u00f6r\u00fc sunarak, kendi zihninizi ve duygular\u0131n\u0131z\u0131 anlaman\u0131z i\u00e7in haz\u0131rland\u0131. B\u00f6ylece ak\u0131l ve kalp aras\u0131ndaki dengeyi kurmaya odaklanarak, kendi i\u00e7 d\u00fcnyan\u0131z\u0131n huzuru bulma yolunda size rehberlik edecek. Her sayfas\u0131nda yeni bir bak\u0131\u015f a\u00e7\u0131s\u0131 sunan Rehberim&#8217;de, i\u00e7sel ke\u015fif yolculu\u011funuzda b\u00fct\u00fcnsel bir denge sa\u011flamak i\u00e7in gerekli ad\u0131mlar\u0131 bulabileceksiniz. Akl\u0131n\u0131z\u0131n, mant\u0131\u011f\u0131n\u0131z\u0131n ve kalbinizin duygusal rehberli\u011fini birle\u015ftirerek, i\u00e7sel uyumu ve b\u00fct\u00fcnl\u00fc\u011f\u00fc ke\u015ffedeceksiniz. K\u0131saca bu kitap i\u00e7sel dengeyi sa\u011flamak isteyen herkes i\u00e7in bir rehber niteli\u011finde.<\/p>\n","protected":false},"excerpt":{"rendered":"<p>&#8220;Akl\u0131nla Kalbin Aras\u0131nda \u0130\u00e7sel Yolculu\u011fa Rehberlik&#8221; Bu kitap i\u00e7sel \u00e7at\u0131\u015fmalarla ba\u015fa \u00e7\u0131kmak, karar verme s\u00fcre\u00e7lerinde dengeyi bulmak ve ruhsal y\u00f6nden b\u00fct\u00fcnl\u00fc\u011f\u00fc sa\u011flamak isteyen herkes i\u00e7in bir<span class=\"excerpt-hellip\"> [\u2026]<\/span><\/p>\n","protected":false},"featured_media":0,"template":"","meta":{"_monsterinsights_skip_tracking":false,"_monsterinsights_sitenote_active":false,"_monsterinsights_sitenote_note":"","_monsterinsights_sitenote_category":0},"product_brand":[],"product_cat":[12364,12376],"product_tag":[],"class_list":{"0":"post-771838","1":"product","2":"type-product","3":"status-publish","5":"product_cat-genel-konular","6":"product_cat-kisisel-gelisim","7":"pa_cilt-ciltsiz","8":"pa_tur-kitap","9":"pa_yayinevi-yediveren-yayinlari","10":"pa_yazar-funda-isik","12":"first","13":"instock","14":"sale","15":"shipping-taxable","16":"purchasable","17":"product-type-simple"},"_links":{"self":[{"href":"https:\/\/roveyayinevi.com.tr\/index.php\/wp-json\/wp\/v2\/product\/771838","targetHints":{"allow":["GET"]}}],"collection":[{"href":"https:\/\/roveyayinevi.com.tr\/index.php\/wp-json\/wp\/v2\/product"}],"about":[{"href":"https:\/\/roveyayinevi.com.tr\/index.php\/wp-json\/wp\/v2\/types\/product"}],"wp:attachment":[{"href":"https:\/\/roveyayinevi.com.tr\/index.php\/wp-json\/wp\/v2\/media?parent=771838"}],"wp:term":[{"taxonomy":"product_brand","embeddable":true,"href":"https:\/\/roveyayinevi.com.tr\/index.php\/wp-json\/wp\/v2\/product_brand?post=771838"},{"taxonomy":"product_cat","embeddable":true,"href":"https:\/\/roveyayinevi.com.tr\/index.php\/wp-json\/wp\/v2\/product_cat?post=771838"},{"taxonomy":"product_tag","embeddable":true,"href":"https:\/\/roveyayinevi.com.tr\/index.php\/wp-json\/wp\/v2\/product_tag?post=771838"}],"curies":[{"name":"wp","href":"https:\/\/api.w.org\/{rel}","templated":true}]}}