{"id":771837,"date":"2025-08-28T15:19:43","date_gmt":"2025-08-28T12:19:43","guid":{"rendered":"https:\/\/roveyayinevi.com.tr\/index.php\/urun\/konstantiniyye-oykuleriyle-ayasofya\/"},"modified":"2026-04-15T03:38:16","modified_gmt":"2026-04-15T00:38:16","slug":"konstantiniyye-oykuleriyle-ayasofya","status":"publish","type":"product","link":"https:\/\/roveyayinevi.com.tr\/index.php\/urun\/konstantiniyye-oykuleriyle-ayasofya\/","title":{"rendered":"Konstantiniyye \u00d6yk\u00fcleriyle Ayasofya"},"content":{"rendered":"<p>913 y\u0131l \u00f6nce ayr\u0131lan \u201ciki kilisenin temsilcisi\u201d, bar\u0131\u015fmak ve yeniden kucakla\u015fmak i\u00e7in \u0130stanbul\u2019da bulu\u015ftular. Papa, hep g\u00f6rmek istedi\u011fi Ayasofya\u2019ya ayak basar basmaz b\u00fcy\u00fclenmi\u015f bir h\u00e2lde diz \u00e7\u00f6kt\u00fc ve \u2018\u0130\u015fte cennet buras\u0131!\u2019 diye hayk\u0131rd\u0131.Uzun y\u0131llar rehber olarak Anadolu\u2019yu yabanc\u0131 misafirlere tan\u0131tan \u00dcnal G\u00fcven, hi\u00e7 yay\u0131nlamam\u0131\u015f \u0130stanbul \u00f6yk\u00fclerini anlat\u0131rken sizi Ayasofya&#8217;n\u0131n tarihinde muhte\u015fem bir yolculu\u011fa \u00e7\u0131kar\u0131yor. Tarih merakl\u0131s\u0131 gezginlerin ba\u015fucu kitab\u0131 olacak bu eser, \u0130stanbul&#8217;a ve Ayasofya\u2019ya bak\u0131\u015f a\u00e7\u0131n\u0131z\u0131 tamamen de\u011fi\u015ftirecek.<\/p>\n","protected":false},"excerpt":{"rendered":"<p>913 y\u0131l \u00f6nce ayr\u0131lan \u201ciki kilisenin temsilcisi\u201d, bar\u0131\u015fmak ve yeniden kucakla\u015fmak i\u00e7in \u0130stanbul\u2019da bulu\u015ftular. Papa, hep g\u00f6rmek istedi\u011fi Ayasofya\u2019ya ayak basar basmaz b\u00fcy\u00fclenmi\u015f bir h\u00e2lde diz<span class=\"excerpt-hellip\"> [\u2026]<\/span><\/p>\n","protected":false},"featured_media":0,"template":"","meta":{"_monsterinsights_skip_tracking":false,"_monsterinsights_sitenote_active":false,"_monsterinsights_sitenote_note":"","_monsterinsights_sitenote_category":0},"product_brand":[],"product_cat":[12370,12304],"product_tag":[],"class_list":{"0":"post-771837","1":"product","2":"type-product","3":"status-publish","5":"product_cat-arastirma-inceleme","6":"product_cat-tarih","7":"pa_cilt-ciltsiz","8":"pa_tur-kitap","9":"pa_yayinevi-yediveren-yayinlari","10":"pa_yazar-unal-guven","12":"first","13":"instock","14":"sale","15":"shipping-taxable","16":"purchasable","17":"product-type-simple"},"_links":{"self":[{"href":"https:\/\/roveyayinevi.com.tr\/index.php\/wp-json\/wp\/v2\/product\/771837","targetHints":{"allow":["GET"]}}],"collection":[{"href":"https:\/\/roveyayinevi.com.tr\/index.php\/wp-json\/wp\/v2\/product"}],"about":[{"href":"https:\/\/roveyayinevi.com.tr\/index.php\/wp-json\/wp\/v2\/types\/product"}],"wp:attachment":[{"href":"https:\/\/roveyayinevi.com.tr\/index.php\/wp-json\/wp\/v2\/media?parent=771837"}],"wp:term":[{"taxonomy":"product_brand","embeddable":true,"href":"https:\/\/roveyayinevi.com.tr\/index.php\/wp-json\/wp\/v2\/product_brand?post=771837"},{"taxonomy":"product_cat","embeddable":true,"href":"https:\/\/roveyayinevi.com.tr\/index.php\/wp-json\/wp\/v2\/product_cat?post=771837"},{"taxonomy":"product_tag","embeddable":true,"href":"https:\/\/roveyayinevi.com.tr\/index.php\/wp-json\/wp\/v2\/product_tag?post=771837"}],"curies":[{"name":"wp","href":"https:\/\/api.w.org\/{rel}","templated":true}]}}