{"id":771836,"date":"2025-08-28T15:19:42","date_gmt":"2025-08-28T12:19:42","guid":{"rendered":"https:\/\/roveyayinevi.com.tr\/index.php\/urun\/nlp-teknigi-ve-zihin\/"},"modified":"2026-04-15T03:38:16","modified_gmt":"2026-04-15T00:38:16","slug":"nlp-teknigi-ve-zihin","status":"publish","type":"product","link":"https:\/\/roveyayinevi.com.tr\/index.php\/urun\/nlp-teknigi-ve-zihin\/","title":{"rendered":"Nlp Tekni\u011fi Ve Zihin"},"content":{"rendered":"<p>N\u00f6roLinguistik Programlama ya da k\u0131saca NLP, d\u00fc\u015f\u00fcnme, dil ve davran\u0131\u015f s\u00fcre\u00e7lerini inceleyerek, hedeflere eri\u015fmek amac\u0131yla onlar\u0131n nas\u0131l en etkin kullan\u0131laca\u011f\u0131n\u0131 \u00f6\u011freten bir \u00e7al\u0131\u015fma alan\u0131d\u0131r. NLP, her zaman istedi\u011finiz sonu\u00e7lara ula\u015fabilmek i\u00e7in gereken m\u00fckemmelli\u011fi irdelemenize ve yeniden olu\u015fturman\u0131za olanak sa\u011flayan bir y\u00f6ntemdir.G\u00fcn\u00fcm\u00fcz\u00fcn h\u0131zla de\u011fi\u015fen i\u015f d\u00fcnyas\u0131nda, tek bir konuya \u00f6zg\u00fc becerilere duyulan gereksinimin yerini, \u00f6\u011frenme ve uyum sa\u011flama becerileri alm\u0131\u015ft\u0131r. Her g\u00fcn daha fazla organizasyon, \u00e7al\u0131\u015fanlar\u0131n kendi performanslar\u0131n\u0131 de\u011ferlendirmelerini, kendi \u00e7evrelerindeki engelleri y\u0131karak potansiyellerinin doru\u011funa \u00e7\u0131kabilmelerini sa\u011flayacak y\u00f6ntemler ara\u015ft\u0131rmakta, kendi i\u00e7inde e\u011fitim ve \u00f6\u011frenme birimleri olu\u015fturmaktad\u0131r. Bu birimler, \u00e7a\u011fa ayak uyduranlar ile yar\u0131\u015f\u0131 terk etmek zorunda kalanlar aras\u0131ndaki fark\u0131 yaratacakt\u0131r.NLP sizinle ba\u015flar. Kendinizi y\u00f6nlendirmeyi ba\u015fard\u0131ktan sonra \u00e7evrenizi y\u00f6nlendirmeye ba\u015flayabilirsiniz. NLP y\u00f6ntemlerini ve \u00f6ng\u00f6rd\u00fc\u011f\u00fc d\u00fc\u015f\u00fcnme bi\u00e7imini tan\u0131d\u0131ktan sonra \u00e7evrenizde etkin olabilirsiniz. Bilin\u00e7siz s\u00fcre\u00e7ler bilin\u00e7li s\u00fcre\u00e7lerden daha g\u00fc\u00e7l\u00fcd\u00fcr. NLP hem bilinci, hem de bilin\u00e7alt\u0131n\u0131 hareketlendiren y\u00f6ntemler sunar. NLP \u00f6\u011fretisi, h\u0131zland\u0131r\u0131lm\u0131\u015f e\u011fitim teknikleri kullan\u0131ld\u0131\u011f\u0131 i\u00e7in etkili, \u00e7abuk ve kal\u0131c\u0131d\u0131r.<\/p>\n","protected":false},"excerpt":{"rendered":"<p>N\u00f6roLinguistik Programlama ya da k\u0131saca NLP, d\u00fc\u015f\u00fcnme, dil ve davran\u0131\u015f s\u00fcre\u00e7lerini inceleyerek, hedeflere eri\u015fmek amac\u0131yla onlar\u0131n nas\u0131l en etkin kullan\u0131laca\u011f\u0131n\u0131 \u00f6\u011freten bir \u00e7al\u0131\u015fma alan\u0131d\u0131r. NLP, her<span class=\"excerpt-hellip\"> [\u2026]<\/span><\/p>\n","protected":false},"featured_media":0,"template":"","meta":{"_monsterinsights_skip_tracking":false,"_monsterinsights_sitenote_active":false,"_monsterinsights_sitenote_note":"","_monsterinsights_sitenote_category":0},"product_brand":[],"product_cat":[13005,37328],"product_tag":[],"class_list":{"0":"post-771836","1":"product","2":"type-product","3":"status-publish","5":"product_cat-bilim-muhendislik","6":"product_cat-diger-bilim-muhendislik","7":"pa_cilt-ciltsiz","8":"pa_tur-kitap","9":"pa_yayinevi-eftalya-kitap","10":"pa_yazar-gazanfer-balaban","12":"first","13":"instock","14":"sale","15":"shipping-taxable","16":"purchasable","17":"product-type-simple"},"_links":{"self":[{"href":"https:\/\/roveyayinevi.com.tr\/index.php\/wp-json\/wp\/v2\/product\/771836","targetHints":{"allow":["GET"]}}],"collection":[{"href":"https:\/\/roveyayinevi.com.tr\/index.php\/wp-json\/wp\/v2\/product"}],"about":[{"href":"https:\/\/roveyayinevi.com.tr\/index.php\/wp-json\/wp\/v2\/types\/product"}],"wp:attachment":[{"href":"https:\/\/roveyayinevi.com.tr\/index.php\/wp-json\/wp\/v2\/media?parent=771836"}],"wp:term":[{"taxonomy":"product_brand","embeddable":true,"href":"https:\/\/roveyayinevi.com.tr\/index.php\/wp-json\/wp\/v2\/product_brand?post=771836"},{"taxonomy":"product_cat","embeddable":true,"href":"https:\/\/roveyayinevi.com.tr\/index.php\/wp-json\/wp\/v2\/product_cat?post=771836"},{"taxonomy":"product_tag","embeddable":true,"href":"https:\/\/roveyayinevi.com.tr\/index.php\/wp-json\/wp\/v2\/product_tag?post=771836"}],"curies":[{"name":"wp","href":"https:\/\/api.w.org\/{rel}","templated":true}]}}