{"id":771832,"date":"2025-08-28T15:19:35","date_gmt":"2025-08-28T12:19:35","guid":{"rendered":"https:\/\/roveyayinevi.com.tr\/index.php\/urun\/cennet-yuvamiz\/"},"modified":"2026-04-15T03:38:16","modified_gmt":"2026-04-15T00:38:16","slug":"cennet-yuvamiz","status":"publish","type":"product","link":"https:\/\/roveyayinevi.com.tr\/index.php\/urun\/cennet-yuvamiz\/","title":{"rendered":"Cennet Yuvam\u0131z"},"content":{"rendered":"<p>Kitap Tan\u0131t\u0131m Yaz\u0131s\u0131 : Evlili\u011fin haritas\u0131na sahip olup, bu haritadan nas\u0131l istifade edece\u011fini bilirsen her \u015fey iyi olacakt\u0131r. H\u0131\u015f\u0131mla hu\u015fu bir arada bulunmaz. G\u00f6n\u00fcl avc\u0131s\u0131 e\u015fler olmal\u0131y\u0131z ve sadece e\u015fimizin g\u00f6nl\u00fcn\u00fc avlamal\u0131y\u0131z. Evlilikle ilgili bilin\u00e7alt\u0131nda gizledi\u011fimiz t\u00fcm negatif d\u00fc\u015f\u00fcnceleri rehabilite etmeliyiz. E\u015flerde metanet, suk\u00fbnet, dirayet olmal\u0131 ki evliliklerinde kar\u015f\u0131lar\u0131na \u00e7\u0131kan zorluklar\u0131 kolayl\u0131kla a\u015fabilsinler. &#8220;An&#8221;\u0131 kaybetmemek i\u00e7in zaman\u0131n kuyru\u011funu b\u0131rakmay\u0131 bilmeliyiz. Hi\u00e7bir sak\u0131z\u0131 \u00e7ok \u00e7i\u011fnemeyeceksin. \u00c7\u00fcnk\u00fc a\u011fza ac\u0131l\u0131k verir ve uzad\u0131k\u00e7a uzar. Ne kadar tatl\u0131 olursa olsun! Evlilik sak\u0131z\u0131 da aynen b\u00f6yledir. \u00c7ok s\u0131k \u00e7i\u011fneyip y\u0131pratt\u0131k\u00e7a uzar da uzar, ac\u0131la\u015f\u0131r da ac\u0131la\u015f\u0131r&#8230; Sonunda da bir yere yap\u0131\u015f\u0131p kal\u0131r. Evlilikte dura\u011fanl\u0131k yoktur. Mutlaka bir ad\u0131m at\u0131lmal\u0131d\u0131r. Ya bir ad\u0131m ileri ya da bir ad\u0131m geri&#8230; Bunun dengesini iyi ayarlayanlar mutlulu\u011fu yakalam\u0131\u015flard\u0131r. Evlilik, bir hayat bisikletidir. Pedallar\u0131 ne kadar iyi \u00e7evirirseniz o kadar sorunsuz yolculuk edersiniz. Ve pedallar\u0131 \u00e7evirdi\u011finiz m\u00fcddet\u00e7e d\u00fc\u015fmezsiniz. Elinizdeki bu \u00e7al\u0131\u015fma, birbirine rakip de\u011fil refik olan ve  evlilik hayatlar\u0131nda ac\u0131 tatl\u0131, iyi k\u00f6t\u00fc, t\u00fcm ailelerde ya\u015fanma olas\u0131l\u0131\u011f\u0131 y\u00fcksek \u015feyleri ya\u015fam\u0131\u015f olan bir \u00e7iftin hayat tecr\u00fcbelerinden olu\u015fmaktad\u0131r.<\/p>\n","protected":false},"excerpt":{"rendered":"<p>Kitap Tan\u0131t\u0131m Yaz\u0131s\u0131 : Evlili\u011fin haritas\u0131na sahip olup, bu haritadan nas\u0131l istifade edece\u011fini bilirsen her \u015fey iyi olacakt\u0131r. H\u0131\u015f\u0131mla hu\u015fu bir arada bulunmaz. G\u00f6n\u00fcl avc\u0131s\u0131 e\u015fler<span class=\"excerpt-hellip\"> [\u2026]<\/span><\/p>\n","protected":false},"featured_media":0,"template":"","meta":{"_monsterinsights_skip_tracking":false,"_monsterinsights_sitenote_active":false,"_monsterinsights_sitenote_note":"","_monsterinsights_sitenote_category":0},"product_brand":[],"product_cat":[12831,12324],"product_tag":[],"class_list":{"0":"post-771832","1":"product","2":"type-product","3":"status-publish","5":"product_cat-aile-ve-cocuk","6":"product_cat-sosyoloji","7":"pa_cilt-ciltsiz","8":"pa_tur-kitap","9":"pa_yayinevi-mihenk-kitap","10":"pa_yazar-mine-izgi","12":"first","13":"instock","14":"sale","15":"shipping-taxable","16":"purchasable","17":"product-type-simple"},"_links":{"self":[{"href":"https:\/\/roveyayinevi.com.tr\/index.php\/wp-json\/wp\/v2\/product\/771832","targetHints":{"allow":["GET"]}}],"collection":[{"href":"https:\/\/roveyayinevi.com.tr\/index.php\/wp-json\/wp\/v2\/product"}],"about":[{"href":"https:\/\/roveyayinevi.com.tr\/index.php\/wp-json\/wp\/v2\/types\/product"}],"wp:attachment":[{"href":"https:\/\/roveyayinevi.com.tr\/index.php\/wp-json\/wp\/v2\/media?parent=771832"}],"wp:term":[{"taxonomy":"product_brand","embeddable":true,"href":"https:\/\/roveyayinevi.com.tr\/index.php\/wp-json\/wp\/v2\/product_brand?post=771832"},{"taxonomy":"product_cat","embeddable":true,"href":"https:\/\/roveyayinevi.com.tr\/index.php\/wp-json\/wp\/v2\/product_cat?post=771832"},{"taxonomy":"product_tag","embeddable":true,"href":"https:\/\/roveyayinevi.com.tr\/index.php\/wp-json\/wp\/v2\/product_tag?post=771832"}],"curies":[{"name":"wp","href":"https:\/\/api.w.org\/{rel}","templated":true}]}}