{"id":771830,"date":"2025-08-28T15:19:29","date_gmt":"2025-08-28T12:19:29","guid":{"rendered":"https:\/\/roveyayinevi.com.tr\/index.php\/urun\/babanin-gunahlari-clifton-gunlukleri\/"},"modified":"2026-04-15T03:38:16","modified_gmt":"2026-04-15T00:38:16","slug":"babanin-gunahlari-clifton-gunlukleri","status":"publish","type":"product","link":"https:\/\/roveyayinevi.com.tr\/index.php\/urun\/babanin-gunahlari-clifton-gunlukleri\/","title":{"rendered":"Baban\u0131n G\u00fcnahlar\u0131 &#8211; Clifton G\u00fcnl\u00fckleri"},"content":{"rendered":"<p>Jeffrey Archer\u2019\u0131n k\u0131rk y\u0131ll\u0131k yazarl\u0131k kariyerinin en iddial\u0131 eseri olan Clifton G\u00fcnl\u00fckleri, ikinci kitab\u0131 \u201cBaban\u0131n G\u00fcnahlar\u0131\u201d ile sizi unutulmaz bir yolculu\u011fa \u00e7\u0131kar\u0131yor.Britanya\u2019n\u0131n Almanya\u2019ya sava\u015f ilan etmesinden yaln\u0131zca birka\u00e7 g\u00fcn \u00f6nce, Harry, uzun s\u00fcredir saklad\u0131\u011f\u0131 aile s\u0131rlar\u0131yla ve sevdi\u011fi kad\u0131n Emma Barrington\u2019la asla evlenemeyecek olmas\u0131 ger\u00e7e\u011fiyle y\u00fczle\u015fmek istemedi\u011finden, bir ticaret gemisinde i\u015fe girer. Ancak gemi Atlantik\u2019in ortas\u0131nda batt\u0131\u011f\u0131nda, ba\u015fka birinin kimli\u011fini \u00fcstlenme f\u0131rsat\u0131n\u0131 yakalar ve yepyeni bir hayata ba\u015flama umuduyla bu \u015fans\u0131 de\u011ferlendirir.Amerika\u2019ya ayak bast\u0131\u011f\u0131nda ise \u00e7ok b\u00fcy\u00fck bir hata yapt\u0131\u011f\u0131n\u0131 fark eder. Elinde ger\u00e7ek kimli\u011fini kan\u0131tlayacak hi\u00e7bir \u015fey olmadan, kendi ge\u00e7mi\u015finden ka\u00e7maya \u00e7al\u0131\u015f\u0131rken \u00e7ok daha karanl\u0131k bir ge\u00e7mi\u015fe mahk\u00fbm olur.Jeffrey Archer, bu s\u00fcr\u00fckleyici roman\u0131nda okuyucular\u0131 b\u00fcy\u00fcleyici bir d\u00fcnyaya davet ediyor. Aile \u00fcyelerinin birbirlerine olan sadakatinin s\u0131nand\u0131\u011f\u0131 ve herkesin kaderinin ba\u015ftan \u00e7izildi\u011fi Clifton G\u00fcnl\u00fckleri serisinin bu g\u00fc\u00e7l\u00fc devam hik\u00e2yesi, okuyucular\u0131n ellerinden d\u00fc\u015f\u00fcremeyece\u011fi bir kitap olarak raflardaki yerini al\u0131yor.<\/p>\n","protected":false},"excerpt":{"rendered":"<p>Jeffrey Archer\u2019\u0131n k\u0131rk y\u0131ll\u0131k yazarl\u0131k kariyerinin en iddial\u0131 eseri olan Clifton G\u00fcnl\u00fckleri, ikinci kitab\u0131 \u201cBaban\u0131n G\u00fcnahlar\u0131\u201d ile sizi unutulmaz bir yolculu\u011fa \u00e7\u0131kar\u0131yor.Britanya\u2019n\u0131n Almanya\u2019ya sava\u015f ilan etmesinden<span class=\"excerpt-hellip\"> [\u2026]<\/span><\/p>\n","protected":false},"featured_media":0,"template":"","meta":{"_monsterinsights_skip_tracking":false,"_monsterinsights_sitenote_active":false,"_monsterinsights_sitenote_note":"","_monsterinsights_sitenote_category":0},"product_brand":[],"product_cat":[12291,12711],"product_tag":[],"class_list":{"0":"post-771830","1":"product","2":"type-product","3":"status-publish","5":"product_cat-edebiyat","6":"product_cat-roman-oyku","7":"pa_cilt-ciltsiz","8":"pa_tur-kitap","9":"pa_yayinevi-yediveren-yayinlari","10":"pa_yazar-jeffrey-archer","12":"first","13":"instock","14":"sale","15":"shipping-taxable","16":"purchasable","17":"product-type-simple"},"_links":{"self":[{"href":"https:\/\/roveyayinevi.com.tr\/index.php\/wp-json\/wp\/v2\/product\/771830","targetHints":{"allow":["GET"]}}],"collection":[{"href":"https:\/\/roveyayinevi.com.tr\/index.php\/wp-json\/wp\/v2\/product"}],"about":[{"href":"https:\/\/roveyayinevi.com.tr\/index.php\/wp-json\/wp\/v2\/types\/product"}],"wp:attachment":[{"href":"https:\/\/roveyayinevi.com.tr\/index.php\/wp-json\/wp\/v2\/media?parent=771830"}],"wp:term":[{"taxonomy":"product_brand","embeddable":true,"href":"https:\/\/roveyayinevi.com.tr\/index.php\/wp-json\/wp\/v2\/product_brand?post=771830"},{"taxonomy":"product_cat","embeddable":true,"href":"https:\/\/roveyayinevi.com.tr\/index.php\/wp-json\/wp\/v2\/product_cat?post=771830"},{"taxonomy":"product_tag","embeddable":true,"href":"https:\/\/roveyayinevi.com.tr\/index.php\/wp-json\/wp\/v2\/product_tag?post=771830"}],"curies":[{"name":"wp","href":"https:\/\/api.w.org\/{rel}","templated":true}]}}