{"id":771828,"date":"2025-08-28T15:19:20","date_gmt":"2025-08-28T12:19:20","guid":{"rendered":"https:\/\/roveyayinevi.com.tr\/index.php\/urun\/etkili-iletisimin-gucu\/"},"modified":"2026-04-03T03:29:58","modified_gmt":"2026-04-03T00:29:58","slug":"etkili-iletisimin-gucu","status":"publish","type":"product","link":"https:\/\/roveyayinevi.com.tr\/index.php\/urun\/etkili-iletisimin-gucu\/","title":{"rendered":"Etkili \u0130leti\u015fimin G\u00fcc\u00fc"},"content":{"rendered":"<p>Etkili ileti\u015fim becerisi, her bireyin \u00f6zel hayat\u0131nda ve \u00f6\u011frenim s\u00fcrecinde oldu\u011fu gibi meslek hayat\u0131nda da kendini ifade edebilmek, anlatabilmek, kar\u015f\u0131s\u0131ndakini anlayabilmek, \u00e7at\u0131\u015fmalar\u0131 \u00f6nleyebilmek ya da y\u00f6netebilmek, \u00e7\u0131kan problemleri \u00e7\u00f6zebilmek i\u00e7in, k\u0131sacas\u0131 kendisiyle ve sosyal \u00e7evresiyle anla\u015fabilmesi i\u00e7in ihtiya\u00e7 duydu\u011fu temel beceridir.G\u00fcne ba\u015flad\u0131\u011f\u0131m\u0131z andan itibaren kendimizle olan ileti\u015fimimiz de ba\u015flam\u0131\u015f olur. G\u00fcn i\u00e7inde ya\u015fad\u0131\u011f\u0131m\u0131z her \u015fey bir ileti\u015fim a\u011f\u0131 \u00e7er\u00e7evesinde ger\u00e7ekle\u015fir. Kendi kendimize iletti\u011fimiz mesajlar\u0131n yan\u0131 s\u0131ra \u00e7evremizde de bir\u00e7ok grupla mesaj al\u0131\u015fveri\u015finde bulunuruz.\u0130leti\u015fim insanlar i\u00e7in \u00e7ok eski zamanlardan beri var ve \u00f6nemli olmas\u0131na ra\u011fmen i\u00e7inde bulundu\u011fumuz y\u00fczy\u0131lda \u00f6zel ilgi haline gelmi\u015ftir. Her g\u00fcn ya\u015fad\u0131\u011f\u0131m\u0131z sorunlar\u0131n bir\u00e7o\u011fu duygular\u0131m\u0131z\u0131, istek ve arzular\u0131m\u0131z\u0131 bizim i\u00e7in \u00f6nemli ki\u015filere iletmede ba\u015far\u0131l\u0131 olmam\u0131zdan kaynaklanmaktad\u0131r. Dolay\u0131s\u0131yla, etkili ileti\u015fim y\u00f6ntemini benimseme ve bunu do\u011fru olarak kullanma hem ki\u015fisel ili\u015fkilerde, hem de toplumsal hayatta \u00e7ok \u00f6nemlidir.\u0130leti\u015fim bir b\u00fct\u00fcnd\u00fcr; kelimelerden, ses tonundan ve beden dilinden olu\u015fur. Kelimeler &#8220;ne&#8221; s\u00f6yledi\u011fimizle, ses tonu ve beden dili &#8220;nas\u0131l&#8221; s\u00f6yledi\u011fimizle ilgilidir. \u0130leti\u015fimin amac\u0131na ula\u015famamas\u0131n\u0131n nedeni genellikle s\u00f6ylenenler de\u011fil, s\u00f6yleme bi\u00e7imidir. Etkili ileti\u015fim kurmak k\u00fc\u00e7\u00fck \u00e7apl\u0131 bir mucizedir.<\/p>\n","protected":false},"excerpt":{"rendered":"<p>Etkili ileti\u015fim becerisi, her bireyin \u00f6zel hayat\u0131nda ve \u00f6\u011frenim s\u00fcrecinde oldu\u011fu gibi meslek hayat\u0131nda da kendini ifade edebilmek, anlatabilmek, kar\u015f\u0131s\u0131ndakini anlayabilmek, \u00e7at\u0131\u015fmalar\u0131 \u00f6nleyebilmek ya da y\u00f6netebilmek,<span class=\"excerpt-hellip\"> [\u2026]<\/span><\/p>\n","protected":false},"featured_media":0,"template":"","meta":{"_monsterinsights_skip_tracking":false,"_monsterinsights_sitenote_active":false,"_monsterinsights_sitenote_note":"","_monsterinsights_sitenote_category":0},"product_brand":[],"product_cat":[12364,12376],"product_tag":[],"class_list":{"0":"post-771828","1":"product","2":"type-product","3":"status-publish","5":"product_cat-genel-konular","6":"product_cat-kisisel-gelisim","7":"pa_cilt-ciltsiz","8":"pa_tur-kitap","9":"pa_yayinevi-eftalya-kitap","10":"pa_yazar-meltem-soyuguzel","12":"first","13":"instock","14":"sale","15":"shipping-taxable","16":"purchasable","17":"product-type-simple"},"_links":{"self":[{"href":"https:\/\/roveyayinevi.com.tr\/index.php\/wp-json\/wp\/v2\/product\/771828","targetHints":{"allow":["GET"]}}],"collection":[{"href":"https:\/\/roveyayinevi.com.tr\/index.php\/wp-json\/wp\/v2\/product"}],"about":[{"href":"https:\/\/roveyayinevi.com.tr\/index.php\/wp-json\/wp\/v2\/types\/product"}],"wp:attachment":[{"href":"https:\/\/roveyayinevi.com.tr\/index.php\/wp-json\/wp\/v2\/media?parent=771828"}],"wp:term":[{"taxonomy":"product_brand","embeddable":true,"href":"https:\/\/roveyayinevi.com.tr\/index.php\/wp-json\/wp\/v2\/product_brand?post=771828"},{"taxonomy":"product_cat","embeddable":true,"href":"https:\/\/roveyayinevi.com.tr\/index.php\/wp-json\/wp\/v2\/product_cat?post=771828"},{"taxonomy":"product_tag","embeddable":true,"href":"https:\/\/roveyayinevi.com.tr\/index.php\/wp-json\/wp\/v2\/product_tag?post=771828"}],"curies":[{"name":"wp","href":"https:\/\/api.w.org\/{rel}","templated":true}]}}