{"id":771827,"date":"2025-08-28T15:19:19","date_gmt":"2025-08-28T12:19:19","guid":{"rendered":"https:\/\/roveyayinevi.com.tr\/index.php\/urun\/40-soruda-iliskileri-yonetme-sanati\/"},"modified":"2026-04-15T03:38:16","modified_gmt":"2026-04-15T00:38:16","slug":"40-soruda-iliskileri-yonetme-sanati","status":"publish","type":"product","link":"https:\/\/roveyayinevi.com.tr\/index.php\/urun\/40-soruda-iliskileri-yonetme-sanati\/","title":{"rendered":"40 Soruda \u0130li\u015fkileri Y\u00f6netme Sanat\u0131"},"content":{"rendered":"<p>Mutlu ve anlaml\u0131 bir ya\u015fam\u0131n temel ta\u015flar\u0131ndan biri, kurdu\u011fumuz ili\u015fkilerdir. 40 soru ile desteklenen pratik ve etkili yakla\u015f\u0131mlar\u0131n sunuldu\u011fu bu kitap, ili\u015fkilerdeki sorunlar\u0131 \u00e7\u00f6zmenize, kendinizi ve kar\u015f\u0131n\u0131zdakini daha iyi tan\u0131man\u0131za, sa\u011fl\u0131kl\u0131 s\u0131n\u0131rlar koyman\u0131za ve empati geli\u015ftirmenize yard\u0131mc\u0131 olacakt\u0131r. Birlikte \u00e7\u0131k\u0131lan yolculuklarda mutlulu\u011fun ve huzurun nas\u0131l korunabilece\u011fini, duygusal \u00e7at\u0131\u015fmalar\u0131n \u00fcstesinden nas\u0131l gelinebilece\u011fini ve g\u00fc\u00e7l\u00fc, dengeli ili\u015fkilerin nas\u0131l kurulabilece\u011fini ke\u015ffedeceksiniz Her ili\u015fki bir sanatt\u0131r ve her bir soru bu sanat\u0131 daha iyi kavraman\u0131z i\u00e7in cevapland\u0131. Kendi mutlulu\u011funuz i\u00e7in bir ad\u0131m atmaya haz\u0131rsan\u0131z, bu kitab\u0131 ba\u015fucunuzdan ay\u0131rmayacaks\u0131n\u0131z .<\/p>\n","protected":false},"excerpt":{"rendered":"<p>Mutlu ve anlaml\u0131 bir ya\u015fam\u0131n temel ta\u015flar\u0131ndan biri, kurdu\u011fumuz ili\u015fkilerdir. 40 soru ile desteklenen pratik ve etkili yakla\u015f\u0131mlar\u0131n sunuldu\u011fu bu kitap, ili\u015fkilerdeki sorunlar\u0131 \u00e7\u00f6zmenize, kendinizi ve<span class=\"excerpt-hellip\"> [\u2026]<\/span><\/p>\n","protected":false},"featured_media":0,"template":"","meta":{"_monsterinsights_skip_tracking":false,"_monsterinsights_sitenote_active":false,"_monsterinsights_sitenote_note":"","_monsterinsights_sitenote_category":0},"product_brand":[],"product_cat":[12364,12376],"product_tag":[],"class_list":{"0":"post-771827","1":"product","2":"type-product","3":"status-publish","5":"product_cat-genel-konular","6":"product_cat-kisisel-gelisim","7":"pa_cilt-ciltsiz","8":"pa_tur-kitap","9":"pa_yayinevi-yediveren-yayinlari","10":"pa_yazar-cengiz-hortoglu-yeliz-arda","12":"first","13":"instock","14":"sale","15":"shipping-taxable","16":"purchasable","17":"product-type-simple"},"_links":{"self":[{"href":"https:\/\/roveyayinevi.com.tr\/index.php\/wp-json\/wp\/v2\/product\/771827","targetHints":{"allow":["GET"]}}],"collection":[{"href":"https:\/\/roveyayinevi.com.tr\/index.php\/wp-json\/wp\/v2\/product"}],"about":[{"href":"https:\/\/roveyayinevi.com.tr\/index.php\/wp-json\/wp\/v2\/types\/product"}],"wp:attachment":[{"href":"https:\/\/roveyayinevi.com.tr\/index.php\/wp-json\/wp\/v2\/media?parent=771827"}],"wp:term":[{"taxonomy":"product_brand","embeddable":true,"href":"https:\/\/roveyayinevi.com.tr\/index.php\/wp-json\/wp\/v2\/product_brand?post=771827"},{"taxonomy":"product_cat","embeddable":true,"href":"https:\/\/roveyayinevi.com.tr\/index.php\/wp-json\/wp\/v2\/product_cat?post=771827"},{"taxonomy":"product_tag","embeddable":true,"href":"https:\/\/roveyayinevi.com.tr\/index.php\/wp-json\/wp\/v2\/product_tag?post=771827"}],"curies":[{"name":"wp","href":"https:\/\/api.w.org\/{rel}","templated":true}]}}