{"id":771825,"date":"2025-08-28T15:19:15","date_gmt":"2025-08-28T12:19:15","guid":{"rendered":"https:\/\/roveyayinevi.com.tr\/index.php\/urun\/horror-story-kutulu-4-kitap-set\/"},"modified":"2026-04-15T03:38:16","modified_gmt":"2026-04-15T00:38:16","slug":"horror-story-kutulu-4-kitap-set","status":"publish","type":"product","link":"https:\/\/roveyayinevi.com.tr\/index.php\/urun\/horror-story-kutulu-4-kitap-set\/","title":{"rendered":"Horror Story Kutulu 4 Kitap Set"},"content":{"rendered":"<p>D\u00fcnya, korku ve gerilim edebiyat\u0131n\u0131n ustalar\u0131ndan, gerilim dozu y\u00fcksek on se\u00e7me korku hikayesinin yer ald\u0131\u011f\u0131 elinizdeki antoloji yay\u0131mland\u0131\u011f\u0131 y\u0131llarda b\u00fcy\u00fck yank\u0131 uyand\u0131ran en ba\u015far\u0131l\u0131 \u00f6rnekleri i\u00e7erisinde bar\u0131nd\u0131r\u0131yor. Korkunun pe\u015finde ko\u015fanlar i\u00e7in korkmak bir varolu\u015f bi\u00e7imidir. En \u00e7ok korkanlar korkunun en \u00e7ok pe\u015finden gidenler aras\u0131nda \u00e7\u0131k\u0131yor. Neden? \u00c7\u00fcnk\u00fc; &#8220;Cesaret talihin kar\u015f\u0131n\u0131za \u00e7\u0131kard\u0131\u011f\u0131 s\u00fcrprizlerden zevk almakt\u0131r.&#8221; \u201cHorror Story serisi sizi korkunun derinliklerine \u00e7a\u011f\u0131r\u0131yor. \u2022    Horror Story-\u00d6l\u00fcy\u00fc Uyand\u0131rma \u2022    Horror Story-Ne\u015fter \u2022    Horror Story-\u00c7\u0131\u011fl\u0131k \u2022    Horror Story-Ayin<\/p>\n","protected":false},"excerpt":{"rendered":"<p>D\u00fcnya, korku ve gerilim edebiyat\u0131n\u0131n ustalar\u0131ndan, gerilim dozu y\u00fcksek on se\u00e7me korku hikayesinin yer ald\u0131\u011f\u0131 elinizdeki antoloji yay\u0131mland\u0131\u011f\u0131 y\u0131llarda b\u00fcy\u00fck yank\u0131 uyand\u0131ran en ba\u015far\u0131l\u0131 \u00f6rnekleri i\u00e7erisinde<span class=\"excerpt-hellip\"> [\u2026]<\/span><\/p>\n","protected":false},"featured_media":0,"template":"","meta":{"_monsterinsights_skip_tracking":false,"_monsterinsights_sitenote_active":false,"_monsterinsights_sitenote_note":"","_monsterinsights_sitenote_category":0},"product_brand":[],"product_cat":[12291,17033],"product_tag":[],"class_list":{"0":"post-771825","1":"product","2":"type-product","3":"status-publish","5":"product_cat-edebiyat","6":"product_cat-korku-gerilim","7":"pa_cilt-ciltsiz","8":"pa_tur-kitap","9":"pa_yayinevi-yediveren-yayinlari","10":"pa_yazar-kolektif","12":"first","13":"instock","14":"sale","15":"shipping-taxable","16":"purchasable","17":"product-type-simple"},"_links":{"self":[{"href":"https:\/\/roveyayinevi.com.tr\/index.php\/wp-json\/wp\/v2\/product\/771825","targetHints":{"allow":["GET"]}}],"collection":[{"href":"https:\/\/roveyayinevi.com.tr\/index.php\/wp-json\/wp\/v2\/product"}],"about":[{"href":"https:\/\/roveyayinevi.com.tr\/index.php\/wp-json\/wp\/v2\/types\/product"}],"wp:attachment":[{"href":"https:\/\/roveyayinevi.com.tr\/index.php\/wp-json\/wp\/v2\/media?parent=771825"}],"wp:term":[{"taxonomy":"product_brand","embeddable":true,"href":"https:\/\/roveyayinevi.com.tr\/index.php\/wp-json\/wp\/v2\/product_brand?post=771825"},{"taxonomy":"product_cat","embeddable":true,"href":"https:\/\/roveyayinevi.com.tr\/index.php\/wp-json\/wp\/v2\/product_cat?post=771825"},{"taxonomy":"product_tag","embeddable":true,"href":"https:\/\/roveyayinevi.com.tr\/index.php\/wp-json\/wp\/v2\/product_tag?post=771825"}],"curies":[{"name":"wp","href":"https:\/\/api.w.org\/{rel}","templated":true}]}}