{"id":771824,"date":"2025-08-28T15:19:14","date_gmt":"2025-08-28T12:19:14","guid":{"rendered":"https:\/\/roveyayinevi.com.tr\/index.php\/urun\/tilsimli-cevaplarbildigin-tum-yollari-unut-rota-yeniden-olusturuluyor\/"},"modified":"2026-04-15T03:38:16","modified_gmt":"2026-04-15T00:38:16","slug":"tilsimli-cevaplarbildigin-tum-yollari-unut-rota-yeniden-olusturuluyor","status":"publish","type":"product","link":"https:\/\/roveyayinevi.com.tr\/index.php\/urun\/tilsimli-cevaplarbildigin-tum-yollari-unut-rota-yeniden-olusturuluyor\/","title":{"rendered":"T\u0131ls\u0131ml\u0131 Cevaplar;Bildi\u011fin T\u00fcm Yollar\u0131 Unut! Rota Yeniden Olu\u015fturuluyor&#8230;"},"content":{"rendered":"<p>\u201cGelecekteki hayat\u0131mdan spoiler g\u00f6r\u00fcp ona g\u00f6re karar versem ne g\u00fczel olurdu beee\u201d diyenler toplan\u0131n!  Bunalm\u0131\u015fl\u0131k, daralm\u0131\u015fl\u0131k, i\u00e7 s\u0131k\u0131nt\u0131s\u0131 ve sinir hali yaratan sorular\u0131n varsa arad\u0131\u011f\u0131n cevap bu kitapta. \u00d6nce kitab\u0131 kapal\u0131 bir \u015fekilde kalbinle hizala. Ard\u0131ndan niyetini yap, soraca\u011f\u0131n soruya 10 saniye  odaklan ve kitaptan bir sayfa a\u00e7, \u00e7\u0131kan cevap arad\u0131\u011f\u0131n sorunun yan\u0131t\u0131 olacak! \u00c7\u0131kan cevab\u0131 iyi d\u00fc\u015f\u00fcn iyi yorumla!<\/p>\n","protected":false},"excerpt":{"rendered":"<p>\u201cGelecekteki hayat\u0131mdan spoiler g\u00f6r\u00fcp ona g\u00f6re karar versem ne g\u00fczel olurdu beee\u201d diyenler toplan\u0131n! Bunalm\u0131\u015fl\u0131k, daralm\u0131\u015fl\u0131k, i\u00e7 s\u0131k\u0131nt\u0131s\u0131 ve sinir hali yaratan sorular\u0131n varsa arad\u0131\u011f\u0131n cevap<span class=\"excerpt-hellip\"> [\u2026]<\/span><\/p>\n","protected":false},"featured_media":0,"template":"","meta":{"_monsterinsights_skip_tracking":false,"_monsterinsights_sitenote_active":false,"_monsterinsights_sitenote_note":"","_monsterinsights_sitenote_category":0},"product_brand":[],"product_cat":[18082,15563],"product_tag":[],"class_list":{"0":"post-771824","1":"product","2":"type-product","3":"status-publish","5":"product_cat-astroloji-fal-ruya","6":"product_cat-hobi","7":"pa_cilt-ciltsiz","8":"pa_tur-kitap","9":"pa_yayinevi-yediveren-yayinlari","10":"pa_yazar-sezen-tatli","12":"first","13":"instock","14":"sale","15":"shipping-taxable","16":"purchasable","17":"product-type-simple"},"_links":{"self":[{"href":"https:\/\/roveyayinevi.com.tr\/index.php\/wp-json\/wp\/v2\/product\/771824","targetHints":{"allow":["GET"]}}],"collection":[{"href":"https:\/\/roveyayinevi.com.tr\/index.php\/wp-json\/wp\/v2\/product"}],"about":[{"href":"https:\/\/roveyayinevi.com.tr\/index.php\/wp-json\/wp\/v2\/types\/product"}],"wp:attachment":[{"href":"https:\/\/roveyayinevi.com.tr\/index.php\/wp-json\/wp\/v2\/media?parent=771824"}],"wp:term":[{"taxonomy":"product_brand","embeddable":true,"href":"https:\/\/roveyayinevi.com.tr\/index.php\/wp-json\/wp\/v2\/product_brand?post=771824"},{"taxonomy":"product_cat","embeddable":true,"href":"https:\/\/roveyayinevi.com.tr\/index.php\/wp-json\/wp\/v2\/product_cat?post=771824"},{"taxonomy":"product_tag","embeddable":true,"href":"https:\/\/roveyayinevi.com.tr\/index.php\/wp-json\/wp\/v2\/product_tag?post=771824"}],"curies":[{"name":"wp","href":"https:\/\/api.w.org\/{rel}","templated":true}]}}