{"id":771823,"date":"2025-08-28T15:19:13","date_gmt":"2025-08-28T12:19:13","guid":{"rendered":"https:\/\/roveyayinevi.com.tr\/index.php\/urun\/askin-tilsimlari\/"},"modified":"2026-04-15T03:38:16","modified_gmt":"2026-04-15T00:38:16","slug":"askin-tilsimlari","status":"publish","type":"product","link":"https:\/\/roveyayinevi.com.tr\/index.php\/urun\/askin-tilsimlari\/","title":{"rendered":"A\u015fk\u0131n T\u0131ls\u0131mlar\u0131"},"content":{"rendered":"<p>Herkesin d\u00fc\u011f\u00fcm\u00fc \u00e7\u00f6zmeye \u00e7al\u0131\u015fmaktan yorulup ipi k\u00f6k\u00fcnden kesti\u011fi bir d\u00f6nem vard\u0131r&#8230; Belki sen de \u00f6yle bir d\u00f6nemdesindir\u2026  Ya\u015fad\u0131klar\u0131mdan anlad\u0131m ki:  \u201cKaybedecek bi&#8217; \u015feyim kalmad\u0131\u011f\u0131nda her \u015feyi g\u00f6ze al\u0131p ya da g\u00f6zden \u00e7\u0131kard\u0131\u011f\u0131mda  \u00e7ok \u015fey kazand\u0131m..!\u201d Haydeeeee o zaman koy kahveni yeni bir yolculu\u011fa \u00e7\u0131k\u0131yoruz..! Evren \u015fovunu yaps\u0131n diyorsan Rune Semboller ve T\u0131ls\u0131mlar, Efsane Dualar seninle\u2026 O zaman listeni haz\u0131rla:  Parlak bir aura   Di\u015fil enerjisi y\u00fcksek    Par\u0131lt\u0131s\u0131 y\u00fcksek kendiyle bar\u0131\u015f\u0131k ve tam bir a\u015fk kad\u0131n\u0131   Sahne senin.<\/p>\n","protected":false},"excerpt":{"rendered":"<p>Herkesin d\u00fc\u011f\u00fcm\u00fc \u00e7\u00f6zmeye \u00e7al\u0131\u015fmaktan yorulup ipi k\u00f6k\u00fcnden kesti\u011fi bir d\u00f6nem vard\u0131r&#8230; Belki sen de \u00f6yle bir d\u00f6nemdesindir\u2026 Ya\u015fad\u0131klar\u0131mdan anlad\u0131m ki: \u201cKaybedecek bi&#8217; \u015feyim kalmad\u0131\u011f\u0131nda her \u015feyi<span class=\"excerpt-hellip\"> [\u2026]<\/span><\/p>\n","protected":false},"featured_media":0,"template":"","meta":{"_monsterinsights_skip_tracking":false,"_monsterinsights_sitenote_active":false,"_monsterinsights_sitenote_note":"","_monsterinsights_sitenote_category":0},"product_brand":[],"product_cat":[18082,15563],"product_tag":[],"class_list":{"0":"post-771823","1":"product","2":"type-product","3":"status-publish","5":"product_cat-astroloji-fal-ruya","6":"product_cat-hobi","7":"pa_cilt-ciltsiz","8":"pa_tur-kitap","9":"pa_yayinevi-yediveren-yayinlari","10":"pa_yazar-sezen-tatli","12":"first","13":"instock","14":"sale","15":"shipping-taxable","16":"purchasable","17":"product-type-simple"},"_links":{"self":[{"href":"https:\/\/roveyayinevi.com.tr\/index.php\/wp-json\/wp\/v2\/product\/771823","targetHints":{"allow":["GET"]}}],"collection":[{"href":"https:\/\/roveyayinevi.com.tr\/index.php\/wp-json\/wp\/v2\/product"}],"about":[{"href":"https:\/\/roveyayinevi.com.tr\/index.php\/wp-json\/wp\/v2\/types\/product"}],"wp:attachment":[{"href":"https:\/\/roveyayinevi.com.tr\/index.php\/wp-json\/wp\/v2\/media?parent=771823"}],"wp:term":[{"taxonomy":"product_brand","embeddable":true,"href":"https:\/\/roveyayinevi.com.tr\/index.php\/wp-json\/wp\/v2\/product_brand?post=771823"},{"taxonomy":"product_cat","embeddable":true,"href":"https:\/\/roveyayinevi.com.tr\/index.php\/wp-json\/wp\/v2\/product_cat?post=771823"},{"taxonomy":"product_tag","embeddable":true,"href":"https:\/\/roveyayinevi.com.tr\/index.php\/wp-json\/wp\/v2\/product_tag?post=771823"}],"curies":[{"name":"wp","href":"https:\/\/api.w.org\/{rel}","templated":true}]}}