{"id":771821,"date":"2025-08-28T15:19:09","date_gmt":"2025-08-28T12:19:09","guid":{"rendered":"https:\/\/roveyayinevi.com.tr\/index.php\/urun\/ibn-i-sina-bilgeliginde-saglikli-yasam\/"},"modified":"2026-04-15T03:38:16","modified_gmt":"2026-04-15T00:38:16","slug":"ibn-i-sina-bilgeliginde-saglikli-yasam","status":"publish","type":"product","link":"https:\/\/roveyayinevi.com.tr\/index.php\/urun\/ibn-i-sina-bilgeliginde-saglikli-yasam\/","title":{"rendered":"\u0130bn-i Sina Bilgeli\u011finde Sa\u011fl\u0131kl\u0131 Ya\u015fam"},"content":{"rendered":"<p>\u0130nsan bedeniyle ilgili bin y\u0131l \u00f6nce yapt\u0131\u011f\u0131 ke\u015fiflerle modern t\u0131bb\u0131n babas\u0131 olarak kabul edilen \u0130bn-i Sina\u2019n\u0131n tavsiye ve \u00f6nerileri bir\u00e7ok sayg\u0131n hekim taraf\u0131ndan kabul g\u00f6rmektedir. Hastal\u0131klardan korunman\u0131n onlar\u0131 iyile\u015ftirmekten daha \u00f6nemli oldu\u011funu s\u00f6yleyen \u0130bn-i Sina, insan v\u00fccudunun kendini iyile\u015ftirme ve koruma yetene\u011fine odaklanm\u0131\u015ft\u0131r. \u015eehirle\u015fme ve sanayile\u015fmeyle toprak, su ve hava kirlili\u011fi artt\u0131. Yeni ya\u015fam tarz\u0131m\u0131z zihnimiz, ruhumuz ve bedenimiz aras\u0131ndaki uyumu bozdu. \u0130bn-i Sina\u2019n\u0131n El-Kanun Fi\u2019t-T\u0131b isimli eserinden faydalan\u0131larak haz\u0131rlanan bu kitapla bedeninizi ve hastal\u0131klar\u0131 yak\u0131ndan tan\u0131yacaks\u0131n\u0131z. G\u00fcn\u00fcm\u00fcz bilimsel ger\u00e7ekleriyle harmanlanan pratik \u00f6neri ve tavsiyelerden ruh, beden ve zihin ekseninde \u00fc\u00e7 boyutlu faydalanabileceksiniz. \u201c\u0130nsan\u0131n ruhu kandil, bilim onun ayd\u0131nl\u0131\u011f\u0131 ve bilgelik de kandilin ya\u011f\u0131 gibidir. Bu yanar ve \u0131\u015f\u0131k sa\u00e7arsa o zaman sana \u2018Ya\u015f\u0131yor.\u2019 denilir.\u201d \u0130bn-i Sina<\/p>\n","protected":false},"excerpt":{"rendered":"<p>\u0130nsan bedeniyle ilgili bin y\u0131l \u00f6nce yapt\u0131\u011f\u0131 ke\u015fiflerle modern t\u0131bb\u0131n babas\u0131 olarak kabul edilen \u0130bn-i Sina\u2019n\u0131n tavsiye ve \u00f6nerileri bir\u00e7ok sayg\u0131n hekim taraf\u0131ndan kabul g\u00f6rmektedir. Hastal\u0131klardan<span class=\"excerpt-hellip\"> [\u2026]<\/span><\/p>\n","protected":false},"featured_media":0,"template":"","meta":{"_monsterinsights_skip_tracking":false,"_monsterinsights_sitenote_active":false,"_monsterinsights_sitenote_note":"","_monsterinsights_sitenote_category":0},"product_brand":[],"product_cat":[13402,13365],"product_tag":[],"class_list":{"0":"post-771821","1":"product","2":"type-product","3":"status-publish","5":"product_cat-beslenme-ve-diyet","6":"product_cat-saglik","7":"pa_cilt-ciltsiz","8":"pa_tur-kitap","9":"pa_yayinevi-yediveren-yayinlari","10":"pa_yazar-delmira-weinstein","12":"first","13":"instock","14":"sale","15":"shipping-taxable","16":"purchasable","17":"product-type-simple"},"_links":{"self":[{"href":"https:\/\/roveyayinevi.com.tr\/index.php\/wp-json\/wp\/v2\/product\/771821","targetHints":{"allow":["GET"]}}],"collection":[{"href":"https:\/\/roveyayinevi.com.tr\/index.php\/wp-json\/wp\/v2\/product"}],"about":[{"href":"https:\/\/roveyayinevi.com.tr\/index.php\/wp-json\/wp\/v2\/types\/product"}],"wp:attachment":[{"href":"https:\/\/roveyayinevi.com.tr\/index.php\/wp-json\/wp\/v2\/media?parent=771821"}],"wp:term":[{"taxonomy":"product_brand","embeddable":true,"href":"https:\/\/roveyayinevi.com.tr\/index.php\/wp-json\/wp\/v2\/product_brand?post=771821"},{"taxonomy":"product_cat","embeddable":true,"href":"https:\/\/roveyayinevi.com.tr\/index.php\/wp-json\/wp\/v2\/product_cat?post=771821"},{"taxonomy":"product_tag","embeddable":true,"href":"https:\/\/roveyayinevi.com.tr\/index.php\/wp-json\/wp\/v2\/product_tag?post=771821"}],"curies":[{"name":"wp","href":"https:\/\/api.w.org\/{rel}","templated":true}]}}