{"id":771818,"date":"2025-08-28T15:19:04","date_gmt":"2025-08-28T12:19:04","guid":{"rendered":"https:\/\/roveyayinevi.com.tr\/index.php\/urun\/dunya-nufusunu-dusurmek-hedef-500-milyon\/"},"modified":"2026-04-15T03:38:15","modified_gmt":"2026-04-15T00:38:15","slug":"dunya-nufusunu-dusurmek-hedef-500-milyon","status":"publish","type":"product","link":"https:\/\/roveyayinevi.com.tr\/index.php\/urun\/dunya-nufusunu-dusurmek-hedef-500-milyon\/","title":{"rendered":"D\u00fcnya N\u00fcfusunu D\u00fc\u015f\u00fcrmek &#8211; Hedef 500 Milyon"},"content":{"rendered":"<p>Bilim, t\u0131p ve teknolojide ilerlenip, adeta uzay \u00e7a\u011f\u0131na gelinmesine ra\u011fmend\u00fcnya yeni hastal\u0131klarla bo\u011fu\u015fuyor. Daha \u00f6nce ismini dahi duymad\u0131\u011f\u0131m\u0131z bir\u00e7ok bula\u015f\u0131c\u0131 ve\u00f6l\u00fcmc\u00fcl hastal\u0131k, \u00fclkelerin s\u0131n\u0131rlar\u0131n\u0131 a\u015farak milyonlar\u0131n \u00f6l\u00fcm\u00fcne neden oluyor.Peki, bilim bu kadar ilerlemi\u015fken, neden bu denli \u00f6l\u00fcmlerin ya\u015fand\u0131\u011f\u0131n\u0131 hi\u00e7 d\u00fc\u015f\u00fcnd\u00fcn\u00fcz m\u00fc?Yapm\u0131\u015f oldu\u011fu ara\u015ft\u0131rmalar ve kaleme alm\u0131\u015f oldu\u011fu kitaplarla bir\u00e7ok s\u0131rl\u0131 ve gizemli olaylar\u0131a\u00e7\u0131\u011fa \u00e7\u0131karan Ara\u015ft\u0131rmac\u0131-Yazar Kursad Berkkan, bu kez bamba\u015fka sorular\u0131n yan\u0131tlar\u0131n\u0131 ar\u0131yor.D\u00fcnya n\u00fcfusu kas\u0131tl\u0131 olarak m\u0131 d\u00fc\u015f\u00fcr\u00fcl\u00fcyor?Daha \u00f6nce hi\u00e7 duyulmam\u0131\u015f bula\u015f\u0131c\u0131 ve \u00f6l\u00fcmc\u00fcl hastal\u0131klar nas\u0131l ortaya \u00e7\u0131kt\u0131?Gizemli Georgia Guidestones ta\u015flar\u0131nda yazan &#8220;\u0130nsan n\u00fcfusunu 500 milyonun alt\u0131nda tut!&#8221;yaz\u0131s\u0131n\u0131n s\u0131rr\u0131 ne?&#8221;\u00dcst\u00fcn Irk&#8221; d\u00fc\u015f\u00fcncesi ve &#8220;Ojeni Teorilerinin&#8221; d\u00fcnya n\u00fcfusuyla ili\u015fkileri neler?Ve daha da \u00f6tesinde, Bill Gates&#8217;in \u015fu a\u00e7\u0131klamas\u0131 ne anlama geliyor?&#8221;\u0130lk olarak n\u00fcfus sorunumuz var. Bug\u00fcn d\u00fcnya n\u00fcfusu 6,8 milyar. Bu say\u0131 9 milyara do\u011frugidiyor. \u015eimdi yeni a\u015f\u0131lar, sa\u011fl\u0131k, \u00fcreme sa\u011fl\u0131\u011f\u0131 hizmetleri konular\u0131nda ger\u00e7ekten \u00f6nemli i\u015fleryaparsak n\u00fcfusu belki %10 ya da %15 oran\u0131nda d\u00fc\u015f\u00fcrebiliriz.&#8221;D\u00fcnya n\u00fcfusunun d\u00fc\u015f\u00fcr\u00fclmesine y\u00f6nelik ortaya at\u0131lan iddialar\u0131n ve bir\u00e7ok sorunun yan\u0131t\u0131belgeleriyle birlikte bu kitapta!<\/p>\n","protected":false},"excerpt":{"rendered":"<p>Bilim, t\u0131p ve teknolojide ilerlenip, adeta uzay \u00e7a\u011f\u0131na gelinmesine ra\u011fmend\u00fcnya yeni hastal\u0131klarla bo\u011fu\u015fuyor. Daha \u00f6nce ismini dahi duymad\u0131\u011f\u0131m\u0131z bir\u00e7ok bula\u015f\u0131c\u0131 ve\u00f6l\u00fcmc\u00fcl hastal\u0131k, \u00fclkelerin s\u0131n\u0131rlar\u0131n\u0131 a\u015farak milyonlar\u0131n<span class=\"excerpt-hellip\"> [\u2026]<\/span><\/p>\n","protected":false},"featured_media":0,"template":"","meta":{"_monsterinsights_skip_tracking":false,"_monsterinsights_sitenote_active":false,"_monsterinsights_sitenote_note":"","_monsterinsights_sitenote_category":0},"product_brand":[],"product_cat":[12325,12324],"product_tag":[],"class_list":{"0":"post-771818","1":"product","2":"type-product","3":"status-publish","5":"product_cat-diger-sosyoloji","6":"product_cat-sosyoloji","7":"pa_cilt-ciltsiz","8":"pa_tur-kitap","9":"pa_yayinevi-eftalya-kitap","10":"pa_yazar-kursad-berkkan","12":"first","13":"instock","14":"sale","15":"shipping-taxable","16":"purchasable","17":"product-type-simple"},"_links":{"self":[{"href":"https:\/\/roveyayinevi.com.tr\/index.php\/wp-json\/wp\/v2\/product\/771818","targetHints":{"allow":["GET"]}}],"collection":[{"href":"https:\/\/roveyayinevi.com.tr\/index.php\/wp-json\/wp\/v2\/product"}],"about":[{"href":"https:\/\/roveyayinevi.com.tr\/index.php\/wp-json\/wp\/v2\/types\/product"}],"wp:attachment":[{"href":"https:\/\/roveyayinevi.com.tr\/index.php\/wp-json\/wp\/v2\/media?parent=771818"}],"wp:term":[{"taxonomy":"product_brand","embeddable":true,"href":"https:\/\/roveyayinevi.com.tr\/index.php\/wp-json\/wp\/v2\/product_brand?post=771818"},{"taxonomy":"product_cat","embeddable":true,"href":"https:\/\/roveyayinevi.com.tr\/index.php\/wp-json\/wp\/v2\/product_cat?post=771818"},{"taxonomy":"product_tag","embeddable":true,"href":"https:\/\/roveyayinevi.com.tr\/index.php\/wp-json\/wp\/v2\/product_tag?post=771818"}],"curies":[{"name":"wp","href":"https:\/\/api.w.org\/{rel}","templated":true}]}}