{"id":771815,"date":"2025-08-28T15:18:59","date_gmt":"2025-08-28T12:18:59","guid":{"rendered":"https:\/\/roveyayinevi.com.tr\/index.php\/urun\/kitap-kurdunun-yukselisi-4\/"},"modified":"2026-04-15T03:38:15","modified_gmt":"2026-04-15T00:38:15","slug":"kitap-kurdunun-yukselisi-4","status":"publish","type":"product","link":"https:\/\/roveyayinevi.com.tr\/index.php\/urun\/kitap-kurdunun-yukselisi-4\/","title":{"rendered":"Kitap Kurdu\u2019nun Y\u00fckseli\u015fi &#8211; 4"},"content":{"rendered":"<p>Kitap Kurdu\u2019nun Y\u00fckseli\u015fi Devam Ediyor!   Myne\u2019\u0131n hik\u00e2yesi kald\u0131\u011f\u0131 yerden, daha da heyecanl\u0131 bir \u015fekilde s\u00fcr\u00fcyor!   Myne ve Lutz, t\u00fcccar \u00e7\u0131ra\u011f\u0131 olarak k\u00e2\u011f\u0131t \u00fcretip satmak isterken, Benno numune \u00fcretebilirlerse onlarla s\u00f6zle\u015fme yapaca\u011f\u0131n\u0131 s\u00f6yler ve yard\u0131m\u0131yla gerekli malzemelere sahip olurlar. Benno sadece k\u00e2\u011f\u0131t de\u011fil, Myne\u2019\u0131n di\u011fer icatlar\u0131n\u0131 da satmak ister. Myne\u2019\u0131n fikirleri giderek daha \u00e7ok dikkat \u00e7ekti\u011fi i\u00e7in herkes ondan bir pay almaya \u00e7al\u0131\u015f\u0131r. T\u00fcm bunlar\u0131n aras\u0131nda, Myne \u00f6teki d\u00fcnya bilgisini ve yeti\u015fkin tav\u0131rlar\u0131n\u0131 giderek daha fazla sergiledi\u011fi i\u00e7in Lutz onun as\u0131l kimli\u011finden \u015f\u00fcphelenmeye ba\u015flar\u2026 Ger\u00e7ekte kim oldu\u011funu \u00f6\u011frenmek istedi\u011finde Myne ne yapacak? Ger\u00e7ek Myne\u2019\u0131n sonsuza dek gitti\u011fini ona nas\u0131l a\u00e7\u0131klayacak?   Seriye kald\u0131\u011f\u0131n\u0131z yerden devam edin, Myne\u2019\u0131n b\u00fcy\u00fcleyici d\u00fcnyas\u0131na bir kez daha ad\u0131m at\u0131n! <\/p>\n","protected":false},"excerpt":{"rendered":"<p>Kitap Kurdu\u2019nun Y\u00fckseli\u015fi Devam Ediyor! Myne\u2019\u0131n hik\u00e2yesi kald\u0131\u011f\u0131 yerden, daha da heyecanl\u0131 bir \u015fekilde s\u00fcr\u00fcyor! Myne ve Lutz, t\u00fcccar \u00e7\u0131ra\u011f\u0131 olarak k\u00e2\u011f\u0131t \u00fcretip satmak isterken, Benno<span class=\"excerpt-hellip\"> [\u2026]<\/span><\/p>\n","protected":false},"featured_media":0,"template":"","meta":{"_monsterinsights_skip_tracking":false,"_monsterinsights_sitenote_active":false,"_monsterinsights_sitenote_note":"","_monsterinsights_sitenote_category":0},"product_brand":[],"product_cat":[12416,12291],"product_tag":[],"class_list":{"0":"post-771815","1":"product","2":"type-product","3":"status-publish","5":"product_cat-cizgi-roman","6":"product_cat-edebiyat","7":"pa_cilt-ciltsiz","8":"pa_tur-kitap","9":"pa_yayinevi-beta-byou","10":"pa_yazar-miya-kazuki","12":"first","13":"instock","14":"sale","15":"shipping-taxable","16":"purchasable","17":"product-type-simple"},"_links":{"self":[{"href":"https:\/\/roveyayinevi.com.tr\/index.php\/wp-json\/wp\/v2\/product\/771815","targetHints":{"allow":["GET"]}}],"collection":[{"href":"https:\/\/roveyayinevi.com.tr\/index.php\/wp-json\/wp\/v2\/product"}],"about":[{"href":"https:\/\/roveyayinevi.com.tr\/index.php\/wp-json\/wp\/v2\/types\/product"}],"wp:attachment":[{"href":"https:\/\/roveyayinevi.com.tr\/index.php\/wp-json\/wp\/v2\/media?parent=771815"}],"wp:term":[{"taxonomy":"product_brand","embeddable":true,"href":"https:\/\/roveyayinevi.com.tr\/index.php\/wp-json\/wp\/v2\/product_brand?post=771815"},{"taxonomy":"product_cat","embeddable":true,"href":"https:\/\/roveyayinevi.com.tr\/index.php\/wp-json\/wp\/v2\/product_cat?post=771815"},{"taxonomy":"product_tag","embeddable":true,"href":"https:\/\/roveyayinevi.com.tr\/index.php\/wp-json\/wp\/v2\/product_tag?post=771815"}],"curies":[{"name":"wp","href":"https:\/\/api.w.org\/{rel}","templated":true}]}}