{"id":771813,"date":"2025-08-28T15:18:55","date_gmt":"2025-08-28T12:18:55","guid":{"rendered":"https:\/\/roveyayinevi.com.tr\/index.php\/urun\/icimden-geldigi-gibi\/"},"modified":"2026-04-15T03:38:15","modified_gmt":"2026-04-15T00:38:15","slug":"icimden-geldigi-gibi","status":"publish","type":"product","link":"https:\/\/roveyayinevi.com.tr\/index.php\/urun\/icimden-geldigi-gibi\/","title":{"rendered":"\u0130\u00e7imden Geldi\u011fi Gibi"},"content":{"rendered":"<p>Nas\u0131ls\u0131n\u0131z bug\u00fcn?Koklad\u0131n\u0131z m\u0131 bir \u00e7i\u00e7e\u011fi? Saks\u0131n\u0131zda herca\u00ee menek\u015fe yoksa bile, k\u00fc\u00e7\u00fck bir bebe\u011fi; sal\u0131ncaktan d\u00fc\u015fen yaramaz bir o\u011flan\u0131; beyaz sa\u00e7lar\u0131, kal\u0131n g\u00f6zl\u00fckleriyle hayata s\u0131ms\u0131k\u0131 sar\u0131lan bir nineyi koklad\u0131n\u0131z m\u0131 hi\u00e7?Dokundunuz mu, yard\u0131m ettiniz mi, &#8220;Merhaba!&#8221; dediniz mi? Aynaya bak\u0131p kendinize g\u00fcl\u00fcmsediniz mi? En son ne zaman bir eli s\u0131k\u0131 s\u0131k\u0131 tuttunuz?Hat\u0131rlam\u0131yorsan\u0131z, uzat\u0131n elinizi, bir yolculu\u011fa \u00e7\u0131kal\u0131m sizinle: ini\u015fli \u00e7\u0131k\u0131\u015fl\u0131, sevin\u00e7li, h\u00fcz\u00fcnl\u00fc, heyecanl\u0131, huzurlu&#8230; Belki hat\u0131rlars\u0131n\u0131z, ya\u011fmurun alt\u0131nda y\u00fcr\u00fcmekten damlalar\u0131n i\u00e7inize i\u015fledi\u011fi o bahar\u0131&#8230;Belki soka\u011fa atars\u0131n\u0131z kendinizi, okuyunca bu sat\u0131rlar\u0131; selam durursunuz g\u00f6ky\u00fcz\u00fcne, u\u00e7an ku\u015flara, toza topra\u011fa, yeni filizlenmi\u015f yapra\u011fa&#8230;Haz\u0131r m\u0131s\u0131n\u0131z, i\u00e7inizden geldi\u011fi gibi ya\u015famaya?<\/p>\n","protected":false},"excerpt":{"rendered":"<p>Nas\u0131ls\u0131n\u0131z bug\u00fcn?Koklad\u0131n\u0131z m\u0131 bir \u00e7i\u00e7e\u011fi? Saks\u0131n\u0131zda herca\u00ee menek\u015fe yoksa bile, k\u00fc\u00e7\u00fck bir bebe\u011fi; sal\u0131ncaktan d\u00fc\u015fen yaramaz bir o\u011flan\u0131; beyaz sa\u00e7lar\u0131, kal\u0131n g\u00f6zl\u00fckleriyle hayata s\u0131ms\u0131k\u0131 sar\u0131lan bir<span class=\"excerpt-hellip\"> [\u2026]<\/span><\/p>\n","protected":false},"featured_media":0,"template":"","meta":{"_monsterinsights_skip_tracking":false,"_monsterinsights_sitenote_active":false,"_monsterinsights_sitenote_note":"","_monsterinsights_sitenote_category":0},"product_brand":[],"product_cat":[12777,12291],"product_tag":[],"class_list":{"0":"post-771813","1":"product","2":"type-product","3":"status-publish","5":"product_cat-deneme","6":"product_cat-edebiyat","7":"pa_cilt-ciltsiz","8":"pa_tur-kitap","9":"pa_yayinevi-yediveren-yayinlari","10":"pa_yazar-ikbal-gurpinar","12":"first","13":"instock","14":"sale","15":"shipping-taxable","16":"purchasable","17":"product-type-simple"},"_links":{"self":[{"href":"https:\/\/roveyayinevi.com.tr\/index.php\/wp-json\/wp\/v2\/product\/771813","targetHints":{"allow":["GET"]}}],"collection":[{"href":"https:\/\/roveyayinevi.com.tr\/index.php\/wp-json\/wp\/v2\/product"}],"about":[{"href":"https:\/\/roveyayinevi.com.tr\/index.php\/wp-json\/wp\/v2\/types\/product"}],"wp:attachment":[{"href":"https:\/\/roveyayinevi.com.tr\/index.php\/wp-json\/wp\/v2\/media?parent=771813"}],"wp:term":[{"taxonomy":"product_brand","embeddable":true,"href":"https:\/\/roveyayinevi.com.tr\/index.php\/wp-json\/wp\/v2\/product_brand?post=771813"},{"taxonomy":"product_cat","embeddable":true,"href":"https:\/\/roveyayinevi.com.tr\/index.php\/wp-json\/wp\/v2\/product_cat?post=771813"},{"taxonomy":"product_tag","embeddable":true,"href":"https:\/\/roveyayinevi.com.tr\/index.php\/wp-json\/wp\/v2\/product_tag?post=771813"}],"curies":[{"name":"wp","href":"https:\/\/api.w.org\/{rel}","templated":true}]}}