{"id":771812,"date":"2025-08-28T15:18:52","date_gmt":"2025-08-28T12:18:52","guid":{"rendered":"https:\/\/roveyayinevi.com.tr\/index.php\/urun\/gunaydin-gece\/"},"modified":"2026-04-15T03:38:15","modified_gmt":"2026-04-15T00:38:15","slug":"gunaydin-gece","status":"publish","type":"product","link":"https:\/\/roveyayinevi.com.tr\/index.php\/urun\/gunaydin-gece\/","title":{"rendered":"G\u00fcnayd\u0131n Gece"},"content":{"rendered":"<p>G\u00fczellik bakan g\u00f6zdeymi\u015f. Niyetmi\u015f her \u015feyi g\u00fczelle\u015ftiren, olmazlar\u0131 olduran. Sevgi, a\u00e7\u0131lmayacak san\u0131lan, \u00fczerine kilit vurulan t\u00fcm kap\u0131lar\u0131n anahtar\u0131ym\u0131\u015f. Tam da \u00fcmitsizli\u011fe d\u00fc\u015fmeye ramak kala do\u011furuvermi\u015f g\u00fcne\u015fi \u00fczerimize Yaradan; parlak ve s\u0131cak&#8230; Tatl\u0131 dille, g\u00fcler y\u00fczle s\u00f6ylenen s\u00f6zlere doyulmazm\u0131\u015f&#8230; Bu kitap, g\u00fcler y\u00fczle, d\u00fc\u015f\u00fcnerek okunsun, y\u00fcreklerde sevgi dokunsun, insanlar sevdiklerine sevgiyle dokunsun, ellerindekinin k\u0131ymetini bilsin, yurdunu sevsin, kendini tan\u0131s\u0131n, bilsin diye yaz\u0131ld\u0131. Bir gece sabaha kar\u015f\u0131 ciyaklayarak d\u00fcnyaya geldi\u011fini c\u00fcmle aleme duyuran \u00e7ocuklar gibi, gece, sabaha kar\u015f\u0131 yaz\u0131lmaya ba\u015fland\u0131. Herkes bana sorup dururken &#8216;Nas\u0131l oluyor da bu kadar pozitif bir insan olmay\u0131 ba\u015farabiliyorsunuz?&#8217; diye. Dilersek, karanl\u0131klar\u0131 bile nas\u0131l ayd\u0131nlatabilece\u011fimizi, geceleri nas\u0131l g\u00fcnd\u00fcz yapabilece\u011fimizi anlatt\u0131m dilim d\u00f6nd\u00fc\u011f\u00fcnce. Hep birlikte s\u00f6yleyelim hadi. G\u00fcnayd\u0131\u0131\u0131nnn gece!!!&#8221;<\/p>\n","protected":false},"excerpt":{"rendered":"<p>G\u00fczellik bakan g\u00f6zdeymi\u015f. Niyetmi\u015f her \u015feyi g\u00fczelle\u015ftiren, olmazlar\u0131 olduran. Sevgi, a\u00e7\u0131lmayacak san\u0131lan, \u00fczerine kilit vurulan t\u00fcm kap\u0131lar\u0131n anahtar\u0131ym\u0131\u015f. Tam da \u00fcmitsizli\u011fe d\u00fc\u015fmeye ramak kala do\u011furuvermi\u015f g\u00fcne\u015fi<span class=\"excerpt-hellip\"> [\u2026]<\/span><\/p>\n","protected":false},"featured_media":0,"template":"","meta":{"_monsterinsights_skip_tracking":false,"_monsterinsights_sitenote_active":false,"_monsterinsights_sitenote_note":"","_monsterinsights_sitenote_category":0},"product_brand":[],"product_cat":[12777,12291],"product_tag":[],"class_list":{"0":"post-771812","1":"product","2":"type-product","3":"status-publish","5":"product_cat-deneme","6":"product_cat-edebiyat","7":"pa_cilt-ciltsiz","8":"pa_tur-kitap","9":"pa_yayinevi-yediveren-yayinlari","10":"pa_yazar-ikbal-gurpinar","12":"first","13":"instock","14":"sale","15":"shipping-taxable","16":"purchasable","17":"product-type-simple"},"_links":{"self":[{"href":"https:\/\/roveyayinevi.com.tr\/index.php\/wp-json\/wp\/v2\/product\/771812","targetHints":{"allow":["GET"]}}],"collection":[{"href":"https:\/\/roveyayinevi.com.tr\/index.php\/wp-json\/wp\/v2\/product"}],"about":[{"href":"https:\/\/roveyayinevi.com.tr\/index.php\/wp-json\/wp\/v2\/types\/product"}],"wp:attachment":[{"href":"https:\/\/roveyayinevi.com.tr\/index.php\/wp-json\/wp\/v2\/media?parent=771812"}],"wp:term":[{"taxonomy":"product_brand","embeddable":true,"href":"https:\/\/roveyayinevi.com.tr\/index.php\/wp-json\/wp\/v2\/product_brand?post=771812"},{"taxonomy":"product_cat","embeddable":true,"href":"https:\/\/roveyayinevi.com.tr\/index.php\/wp-json\/wp\/v2\/product_cat?post=771812"},{"taxonomy":"product_tag","embeddable":true,"href":"https:\/\/roveyayinevi.com.tr\/index.php\/wp-json\/wp\/v2\/product_tag?post=771812"}],"curies":[{"name":"wp","href":"https:\/\/api.w.org\/{rel}","templated":true}]}}