{"id":771810,"date":"2025-08-28T15:18:50","date_gmt":"2025-08-28T12:18:50","guid":{"rendered":"https:\/\/roveyayinevi.com.tr\/index.php\/urun\/gorunmeyen-hastaliklar-ve-psikiyatrik-hastaliklar\/"},"modified":"2026-04-15T03:38:15","modified_gmt":"2026-04-15T00:38:15","slug":"gorunmeyen-hastaliklar-ve-psikiyatrik-hastaliklar","status":"publish","type":"product","link":"https:\/\/roveyayinevi.com.tr\/index.php\/urun\/gorunmeyen-hastaliklar-ve-psikiyatrik-hastaliklar\/","title":{"rendered":"G\u00f6r\u00fcnmeyen Hastal\u0131klar ve Psikiyatrik Hastal\u0131klar"},"content":{"rendered":"<p>Bilim din de\u011fildir; tart\u0131\u015f\u0131l\u0131r. Bilim adam\u0131 \u015f\u00fcphecidir, taraftar ya da kar\u015f\u0131 olamaz. Emin olduklar\u0131m\u0131z\u0131n de\u011fil, \u015f\u00fcphe duyduklar\u0131m\u0131z\u0131n \u00fczerinde ilmi geli\u015ftirebiliriz.Pe\u015fin fikirli olmadan bakarsak, yarat\u0131l\u0131\u015f\u0131n farkl\u0131 boyutlar\u0131 ile kar\u015f\u0131 kar\u015f\u0131ya oldu\u011fumuzu d\u00fc\u015f\u00fcnd\u00fcrecek vakalarla kar\u015f\u0131la\u015f\u0131yoruz. 10 y\u0131l i\u00e7inde 3000&#8217;i a\u015fk\u0131n, \u00fczerinde d\u00fc\u015f\u00fcn\u00fclmesi gereken hasta g\u00f6rd\u00fcm. Bu hastalar daha \u00e7ok &#8220;cinci&#8221;, &#8220;medyum&#8221;; &#8220;hoca&#8221; ve &#8220;papaz&#8221; diye bilinen kimselere giderek \u015eifa ar\u0131yorlar.Peki kim bu adamlar? Bu hastalar nas\u0131l hasta? Alternatif y\u00f6ntemlerin etkisi ne? Nas\u0131l anlamal\u0131y\u0131z \u015fu g\u00f6r\u00fcnmeyen varl\u0131klar\u0131?<\/p>\n","protected":false},"excerpt":{"rendered":"<p>Bilim din de\u011fildir; tart\u0131\u015f\u0131l\u0131r. Bilim adam\u0131 \u015f\u00fcphecidir, taraftar ya da kar\u015f\u0131 olamaz. Emin olduklar\u0131m\u0131z\u0131n de\u011fil, \u015f\u00fcphe duyduklar\u0131m\u0131z\u0131n \u00fczerinde ilmi geli\u015ftirebiliriz.Pe\u015fin fikirli olmadan bakarsak, yarat\u0131l\u0131\u015f\u0131n farkl\u0131 boyutlar\u0131<span class=\"excerpt-hellip\"> [\u2026]<\/span><\/p>\n","protected":false},"featured_media":0,"template":"","meta":{"_monsterinsights_skip_tracking":false,"_monsterinsights_sitenote_active":false,"_monsterinsights_sitenote_note":"","_monsterinsights_sitenote_category":0},"product_brand":[],"product_cat":[12358,12357],"product_tag":[],"class_list":{"0":"post-771810","1":"product","2":"type-product","3":"status-publish","5":"product_cat-genel-psikoloji","6":"product_cat-psikoloji","7":"pa_cilt-ciltsiz","8":"pa_tur-kitap","9":"pa_yayinevi-yediveren-yayinlari","10":"pa_yazar-hamdi-kalyoncu","12":"first","13":"instock","14":"sale","15":"shipping-taxable","16":"purchasable","17":"product-type-simple"},"_links":{"self":[{"href":"https:\/\/roveyayinevi.com.tr\/index.php\/wp-json\/wp\/v2\/product\/771810","targetHints":{"allow":["GET"]}}],"collection":[{"href":"https:\/\/roveyayinevi.com.tr\/index.php\/wp-json\/wp\/v2\/product"}],"about":[{"href":"https:\/\/roveyayinevi.com.tr\/index.php\/wp-json\/wp\/v2\/types\/product"}],"wp:attachment":[{"href":"https:\/\/roveyayinevi.com.tr\/index.php\/wp-json\/wp\/v2\/media?parent=771810"}],"wp:term":[{"taxonomy":"product_brand","embeddable":true,"href":"https:\/\/roveyayinevi.com.tr\/index.php\/wp-json\/wp\/v2\/product_brand?post=771810"},{"taxonomy":"product_cat","embeddable":true,"href":"https:\/\/roveyayinevi.com.tr\/index.php\/wp-json\/wp\/v2\/product_cat?post=771810"},{"taxonomy":"product_tag","embeddable":true,"href":"https:\/\/roveyayinevi.com.tr\/index.php\/wp-json\/wp\/v2\/product_tag?post=771810"}],"curies":[{"name":"wp","href":"https:\/\/api.w.org\/{rel}","templated":true}]}}