{"id":771809,"date":"2025-08-28T15:18:48","date_gmt":"2025-08-28T12:18:48","guid":{"rendered":"https:\/\/roveyayinevi.com.tr\/index.php\/urun\/genc-psikoloji\/"},"modified":"2026-04-15T03:38:15","modified_gmt":"2026-04-15T00:38:15","slug":"genc-psikoloji","status":"publish","type":"product","link":"https:\/\/roveyayinevi.com.tr\/index.php\/urun\/genc-psikoloji\/","title":{"rendered":"Gen\u00e7 Psikoloji"},"content":{"rendered":"<p>Do\u011fdu\u011fumuz andan itibaren; hatta daha do\u011fmadan evvel de bizi mutlu k\u0131lacak yegane \u015fey &#8216;sevme&#8217; ve &#8216;sevilme&#8217; ihtiyac\u0131m\u0131z\u0131n kar\u015f\u0131lanmas\u0131d\u0131r. \u00c7ocuklu\u011fun ard\u0131ndan gelen, kendimizi ve \u00e7evremizi tan\u0131maya ba\u015flad\u0131\u011f\u0131m\u0131z gen\u00e7lik \u00e7a\u011f\u0131nda, kararlar\u0131m\u0131z\u0131 etkileyen iki temel unsur \u00e7\u0131k\u0131yor kar\u015f\u0131m\u0131za; a\u015fk ve cinsellik. Bu kitap; gen\u00e7 k\u0131z ve erkeklerin duygular\u0131n\u0131, hayatlar\u0131n\u0131 etkileyen cinsellik kavram\u0131n\u0131 anlaman\u0131z\u0131 sa\u011flayacakt\u0131r.Tecr\u00fcbe edilmi\u015f pratik tavsiyeler sayesinde ebeveyn ve gen\u00e7 olarak, kan\u0131n damarlarda delice akt\u0131\u011f\u0131 o y\u0131llar\u0131 daha kolay atlatman\u0131za yard\u0131mc\u0131 olacakt\u0131r.<\/p>\n","protected":false},"excerpt":{"rendered":"<p>Do\u011fdu\u011fumuz andan itibaren; hatta daha do\u011fmadan evvel de bizi mutlu k\u0131lacak yegane \u015fey &#8216;sevme&#8217; ve &#8216;sevilme&#8217; ihtiyac\u0131m\u0131z\u0131n kar\u015f\u0131lanmas\u0131d\u0131r. \u00c7ocuklu\u011fun ard\u0131ndan gelen, kendimizi ve \u00e7evremizi tan\u0131maya ba\u015flad\u0131\u011f\u0131m\u0131z<span class=\"excerpt-hellip\"> [\u2026]<\/span><\/p>\n","protected":false},"featured_media":0,"template":"","meta":{"_monsterinsights_skip_tracking":false,"_monsterinsights_sitenote_active":false,"_monsterinsights_sitenote_note":"","_monsterinsights_sitenote_category":0},"product_brand":[],"product_cat":[12755,12357],"product_tag":[],"class_list":{"0":"post-771809","1":"product","2":"type-product","3":"status-publish","5":"product_cat-gelisim-psikolojisi","6":"product_cat-psikoloji","7":"pa_cilt-ciltsiz","8":"pa_tur-kitap","9":"pa_yayinevi-yediveren-yayinlari","10":"pa_yazar-hamdi-kalyoncu","12":"first","13":"instock","14":"sale","15":"shipping-taxable","16":"purchasable","17":"product-type-simple"},"_links":{"self":[{"href":"https:\/\/roveyayinevi.com.tr\/index.php\/wp-json\/wp\/v2\/product\/771809","targetHints":{"allow":["GET"]}}],"collection":[{"href":"https:\/\/roveyayinevi.com.tr\/index.php\/wp-json\/wp\/v2\/product"}],"about":[{"href":"https:\/\/roveyayinevi.com.tr\/index.php\/wp-json\/wp\/v2\/types\/product"}],"wp:attachment":[{"href":"https:\/\/roveyayinevi.com.tr\/index.php\/wp-json\/wp\/v2\/media?parent=771809"}],"wp:term":[{"taxonomy":"product_brand","embeddable":true,"href":"https:\/\/roveyayinevi.com.tr\/index.php\/wp-json\/wp\/v2\/product_brand?post=771809"},{"taxonomy":"product_cat","embeddable":true,"href":"https:\/\/roveyayinevi.com.tr\/index.php\/wp-json\/wp\/v2\/product_cat?post=771809"},{"taxonomy":"product_tag","embeddable":true,"href":"https:\/\/roveyayinevi.com.tr\/index.php\/wp-json\/wp\/v2\/product_tag?post=771809"}],"curies":[{"name":"wp","href":"https:\/\/api.w.org\/{rel}","templated":true}]}}