{"id":771804,"date":"2025-08-28T15:18:39","date_gmt":"2025-08-28T12:18:39","guid":{"rendered":"https:\/\/roveyayinevi.com.tr\/index.php\/urun\/baca-kasabasinin-copadami\/"},"modified":"2026-04-15T03:38:15","modified_gmt":"2026-04-15T00:38:15","slug":"baca-kasabasinin-copadami","status":"publish","type":"product","link":"https:\/\/roveyayinevi.com.tr\/index.php\/urun\/baca-kasabasinin-copadami\/","title":{"rendered":"Baca Kasabas\u0131&#8217;n\u0131n \u00c7\u00f6padam&#8217;\u0131"},"content":{"rendered":"<p>&#8220;\u0130nan. Bir tek sen olsan bile.&#8221;Baca Kasabas\u0131 halk\u0131, Cad\u0131lar Bayram\u0131 kost\u00fcmlerini giymi\u015f kasaban\u0131n sokaklar\u0131nda e\u011fleniyorlard\u0131.Gecenin sonunda herkes yava\u015f yava\u015f kost\u00fcmlerini \u00e7\u0131kar\u0131yordu. Biri hari\u00e7&#8230;G\u00f6r\u00fcn\u00fc\u015f\u00fc ve k\u00f6t\u00fc kokusu nedeniyle kasabal\u0131lar taraf\u0131ndan d\u0131\u015flanan \u00c7\u00f6padam, Lubicchi adl\u0131 \u00e7ocukla arkada\u015f olur. Ve ona, kasabada sadece babas\u0131n\u0131n g\u00f6rd\u00fc\u011f\u00fc y\u0131ld\u0131zlar\u0131 g\u00f6stermek i\u00e7in her \u015feyini ortaya koyar&#8230;Bu baca kasabas\u0131nda ya\u015fayan insanlar, siyah dumanla kafeslenmi\u015flerdi ve mavi g\u00f6ky\u00fcz\u00fc hakk\u0131nda hi\u00e7bir \u015fey bilmiyorlard\u0131.Onlar par\u0131ldayan y\u0131ld\u0131zlar hakk\u0131nda hi\u00e7bir \u015fey bilmiyorlard\u0131.<\/p>\n","protected":false},"excerpt":{"rendered":"<p>&#8220;\u0130nan. Bir tek sen olsan bile.&#8221;Baca Kasabas\u0131 halk\u0131, Cad\u0131lar Bayram\u0131 kost\u00fcmlerini giymi\u015f kasaban\u0131n sokaklar\u0131nda e\u011fleniyorlard\u0131.Gecenin sonunda herkes yava\u015f yava\u015f kost\u00fcmlerini \u00e7\u0131kar\u0131yordu. Biri hari\u00e7&#8230;G\u00f6r\u00fcn\u00fc\u015f\u00fc ve k\u00f6t\u00fc kokusu<span class=\"excerpt-hellip\"> [\u2026]<\/span><\/p>\n","protected":false},"featured_media":0,"template":"","meta":{"_monsterinsights_skip_tracking":false,"_monsterinsights_sitenote_active":false,"_monsterinsights_sitenote_note":"","_monsterinsights_sitenote_category":0},"product_brand":[],"product_cat":[12274,12284],"product_tag":[],"class_list":{"0":"post-771804","1":"product","2":"type-product","3":"status-publish","5":"product_cat-cocuk-ve-genclik-kitaplari","6":"product_cat-hikayeler","7":"pa_cilt-ciltsiz","8":"pa_tur-kitap","9":"pa_yayinevi-yediveren-cocuk","10":"pa_yazar-akihiro-nishino","12":"first","13":"instock","14":"sale","15":"shipping-taxable","16":"purchasable","17":"product-type-simple"},"_links":{"self":[{"href":"https:\/\/roveyayinevi.com.tr\/index.php\/wp-json\/wp\/v2\/product\/771804","targetHints":{"allow":["GET"]}}],"collection":[{"href":"https:\/\/roveyayinevi.com.tr\/index.php\/wp-json\/wp\/v2\/product"}],"about":[{"href":"https:\/\/roveyayinevi.com.tr\/index.php\/wp-json\/wp\/v2\/types\/product"}],"wp:attachment":[{"href":"https:\/\/roveyayinevi.com.tr\/index.php\/wp-json\/wp\/v2\/media?parent=771804"}],"wp:term":[{"taxonomy":"product_brand","embeddable":true,"href":"https:\/\/roveyayinevi.com.tr\/index.php\/wp-json\/wp\/v2\/product_brand?post=771804"},{"taxonomy":"product_cat","embeddable":true,"href":"https:\/\/roveyayinevi.com.tr\/index.php\/wp-json\/wp\/v2\/product_cat?post=771804"},{"taxonomy":"product_tag","embeddable":true,"href":"https:\/\/roveyayinevi.com.tr\/index.php\/wp-json\/wp\/v2\/product_tag?post=771804"}],"curies":[{"name":"wp","href":"https:\/\/api.w.org\/{rel}","templated":true}]}}