{"id":771803,"date":"2025-08-28T15:18:37","date_gmt":"2025-08-28T12:18:37","guid":{"rendered":"https:\/\/roveyayinevi.com.tr\/index.php\/urun\/atamla-sakaryada\/"},"modified":"2026-04-15T03:38:15","modified_gmt":"2026-04-15T00:38:15","slug":"atamla-sakaryada","status":"publish","type":"product","link":"https:\/\/roveyayinevi.com.tr\/index.php\/urun\/atamla-sakaryada\/","title":{"rendered":"Ata&#8217;mla Sakarya&#8217;da"},"content":{"rendered":"<p>Kahraman\u0131m\u0131z Mustafa Umut, kendisini bir anda Sakarya Meydan Sava\u015f\u0131&#8217;n\u0131n i\u00e7erisinde bulur. Sakarya Nehrine yak\u0131n bir k\u00f6y, d\u00fc\u015fman askerleri taraf\u0131ndan bas\u0131lm\u0131\u015ft\u0131r. K\u00f6yl\u00fcler d\u00fc\u015fman askerleri taraf\u0131ndan rehin al\u0131nm\u0131\u015ft\u0131r. Rehinelerin hayatlar\u0131 tehlikededir. Bir an \u00f6nce kurtar\u0131lmalar\u0131 \u015fartt\u0131r. Ayr\u0131ca Mustafa Umut, d\u00fc\u015fmanlara ait gizli bir cephaneli\u011fin yerini de \u00f6\u011frenmi\u015ftir.Mustafa Umut, ne pahas\u0131na olursa olsun rehinelerin yerini bulmaya karar verir. Ancak rehinelerin kurtar\u0131lmas\u0131 kolay de\u011fildir. Rehinelerin kurtar\u0131lmas\u0131 i\u00e7in rehinelerin ve gizli cephaneli\u011fin yerini Mustafa Kemal Pa\u015fa&#8217;ya bildirmesi gerekmektedir.Mustafa Umut&#8217;un bu zorlu maceras\u0131na e\u015flik etmek ister misin?Her b\u00f6l\u00fcm sonundaki sorular\u0131 do\u011fru cevaplayarak, Mustafa Umut&#8217;a yard\u0131mc\u0131 olmaya ne dersin?<\/p>\n","protected":false},"excerpt":{"rendered":"<p>Kahraman\u0131m\u0131z Mustafa Umut, kendisini bir anda Sakarya Meydan Sava\u015f\u0131&#8217;n\u0131n i\u00e7erisinde bulur. Sakarya Nehrine yak\u0131n bir k\u00f6y, d\u00fc\u015fman askerleri taraf\u0131ndan bas\u0131lm\u0131\u015ft\u0131r. K\u00f6yl\u00fcler d\u00fc\u015fman askerleri taraf\u0131ndan rehin al\u0131nm\u0131\u015ft\u0131r.<span class=\"excerpt-hellip\"> [\u2026]<\/span><\/p>\n","protected":false},"featured_media":0,"template":"","meta":{"_monsterinsights_skip_tracking":false,"_monsterinsights_sitenote_active":false,"_monsterinsights_sitenote_note":"","_monsterinsights_sitenote_category":0},"product_brand":[],"product_cat":[12274,12284],"product_tag":[],"class_list":{"0":"post-771803","1":"product","2":"type-product","3":"status-publish","5":"product_cat-cocuk-ve-genclik-kitaplari","6":"product_cat-hikayeler","7":"pa_cilt-ciltsiz","8":"pa_tur-kitap","9":"pa_yayinevi-yediveren-cocuk","10":"pa_yazar-cihangir-defterdar","12":"first","13":"instock","14":"sale","15":"shipping-taxable","16":"purchasable","17":"product-type-simple"},"_links":{"self":[{"href":"https:\/\/roveyayinevi.com.tr\/index.php\/wp-json\/wp\/v2\/product\/771803","targetHints":{"allow":["GET"]}}],"collection":[{"href":"https:\/\/roveyayinevi.com.tr\/index.php\/wp-json\/wp\/v2\/product"}],"about":[{"href":"https:\/\/roveyayinevi.com.tr\/index.php\/wp-json\/wp\/v2\/types\/product"}],"wp:attachment":[{"href":"https:\/\/roveyayinevi.com.tr\/index.php\/wp-json\/wp\/v2\/media?parent=771803"}],"wp:term":[{"taxonomy":"product_brand","embeddable":true,"href":"https:\/\/roveyayinevi.com.tr\/index.php\/wp-json\/wp\/v2\/product_brand?post=771803"},{"taxonomy":"product_cat","embeddable":true,"href":"https:\/\/roveyayinevi.com.tr\/index.php\/wp-json\/wp\/v2\/product_cat?post=771803"},{"taxonomy":"product_tag","embeddable":true,"href":"https:\/\/roveyayinevi.com.tr\/index.php\/wp-json\/wp\/v2\/product_tag?post=771803"}],"curies":[{"name":"wp","href":"https:\/\/api.w.org\/{rel}","templated":true}]}}