{"id":771802,"date":"2025-08-28T15:18:35","date_gmt":"2025-08-28T12:18:35","guid":{"rendered":"https:\/\/roveyayinevi.com.tr\/index.php\/urun\/galeride-kargasa-prizmanin-cok-sekil-maceralari\/"},"modified":"2026-04-15T03:38:15","modified_gmt":"2026-04-15T00:38:15","slug":"galeride-kargasa-prizmanin-cok-sekil-maceralari","status":"publish","type":"product","link":"https:\/\/roveyayinevi.com.tr\/index.php\/urun\/galeride-kargasa-prizmanin-cok-sekil-maceralari\/","title":{"rendered":"Galeride Karga\u015fa &#8211; Prizma&#8217;n\u0131n \u00c7ok \u015eekil Maceralar\u0131"},"content":{"rendered":"<p>Sana kendimi anlatmak i\u00e7in sayfalarca not tuttum, bir \u00e7ok maceram aras\u0131ndan en keyiflilerini se\u00e7tim. Serinin bu kitab\u0131nda, bir televizyon program\u0131nda 3 dakika 55 saniye g\u00f6r\u00fcnen aslan terbiyecisinin ard\u0131ndaki s\u0131r perdesi aralan\u0131yor. Hatta o perde, Picasso&#8217;nun kay\u0131p eseri i\u00e7in d\u00fczenlenen sanat kamp\u0131nda tepemize d\u00fc\u015f\u00fcyor. Peki sana sorar\u0131m sevgili arkada\u015f\u0131m, bir \u00e7ay ka\u015f\u0131\u011f\u0131na ka\u00e7 fil s\u0131\u011f\u0131yor? Sevgili Prizmac\u0131\u011f\u0131n\u0131n huysuzlukta \u00f6nc\u00fc, birinci, dev bir marka olma yolunda ilerlemesinin sebebi ne? Aranan s\u00fcper kahraman kimlerin burnunun dibinden \u00e7\u0131k\u0131yor? \u0130\u015fte t\u00fcm sorular\u0131n cevaplar\u0131 bu kitapta!<\/p>\n","protected":false},"excerpt":{"rendered":"<p>Sana kendimi anlatmak i\u00e7in sayfalarca not tuttum, bir \u00e7ok maceram aras\u0131ndan en keyiflilerini se\u00e7tim. Serinin bu kitab\u0131nda, bir televizyon program\u0131nda 3 dakika 55 saniye g\u00f6r\u00fcnen aslan<span class=\"excerpt-hellip\"> [\u2026]<\/span><\/p>\n","protected":false},"featured_media":0,"template":"","meta":{"_monsterinsights_skip_tracking":false,"_monsterinsights_sitenote_active":false,"_monsterinsights_sitenote_note":"","_monsterinsights_sitenote_category":0},"product_brand":[],"product_cat":[12274,12284],"product_tag":[],"class_list":{"0":"post-771802","1":"product","2":"type-product","3":"status-publish","5":"product_cat-cocuk-ve-genclik-kitaplari","6":"product_cat-hikayeler","7":"pa_cilt-ciltli","8":"pa_tur-kitap","9":"pa_yayinevi-yediveren-cocuk","10":"pa_yazar-bilgenur-corlu","12":"first","13":"instock","14":"sale","15":"shipping-taxable","16":"purchasable","17":"product-type-simple"},"_links":{"self":[{"href":"https:\/\/roveyayinevi.com.tr\/index.php\/wp-json\/wp\/v2\/product\/771802","targetHints":{"allow":["GET"]}}],"collection":[{"href":"https:\/\/roveyayinevi.com.tr\/index.php\/wp-json\/wp\/v2\/product"}],"about":[{"href":"https:\/\/roveyayinevi.com.tr\/index.php\/wp-json\/wp\/v2\/types\/product"}],"wp:attachment":[{"href":"https:\/\/roveyayinevi.com.tr\/index.php\/wp-json\/wp\/v2\/media?parent=771802"}],"wp:term":[{"taxonomy":"product_brand","embeddable":true,"href":"https:\/\/roveyayinevi.com.tr\/index.php\/wp-json\/wp\/v2\/product_brand?post=771802"},{"taxonomy":"product_cat","embeddable":true,"href":"https:\/\/roveyayinevi.com.tr\/index.php\/wp-json\/wp\/v2\/product_cat?post=771802"},{"taxonomy":"product_tag","embeddable":true,"href":"https:\/\/roveyayinevi.com.tr\/index.php\/wp-json\/wp\/v2\/product_tag?post=771802"}],"curies":[{"name":"wp","href":"https:\/\/api.w.org\/{rel}","templated":true}]}}