{"id":771798,"date":"2025-08-28T15:18:27","date_gmt":"2025-08-28T12:18:27","guid":{"rendered":"https:\/\/roveyayinevi.com.tr\/index.php\/urun\/doguyla-batinin-bursa-macerasi\/"},"modified":"2026-04-15T03:38:15","modified_gmt":"2026-04-15T00:38:15","slug":"doguyla-batinin-bursa-macerasi","status":"publish","type":"product","link":"https:\/\/roveyayinevi.com.tr\/index.php\/urun\/doguyla-batinin-bursa-macerasi\/","title":{"rendered":"Do\u011fu&#8217;yla Bat\u0131&#8217;n\u0131n Bursa Maceras\u0131"},"content":{"rendered":"<p>Konya maceras\u0131ndan sonra dinlenmeyi d\u00fc\u015f\u00fcn\u00fcrken i\u00e7imizdeki seyahat a\u015fk\u0131na engel olmad\u0131k. Kendimizi Uluda\u011f\u2019\u0131n yama\u00e7lar\u0131ndaki Bursa yolunda bulduk.Osmanl\u0131\u2019n\u0131n ilk ba\u015fkenti olan bu \u015fehirde gezerken inan\u0131lmaz olaylar ya\u015fad\u0131k, harika insanlarla tan\u0131\u015ft\u0131k. Buram buram tarih kokan sokaklar\u0131nda gezerken ge\u00e7mi\u015fe do\u011fru heyecanl\u0131 bir yolculu\u011fa \u00e7\u0131kt\u0131k.Elinde tuttu\u011fun bu kitapta gezilerimizin yan\u0131 s\u0131ra bulmacalar, testler, \u015fa\u015f\u0131rt\u0131c\u0131 bilgiler de seni bekliyor.Bol gezmeler ve keyifli okumalar.<\/p>\n","protected":false},"excerpt":{"rendered":"<p>Konya maceras\u0131ndan sonra dinlenmeyi d\u00fc\u015f\u00fcn\u00fcrken i\u00e7imizdeki seyahat a\u015fk\u0131na engel olmad\u0131k. Kendimizi Uluda\u011f\u2019\u0131n yama\u00e7lar\u0131ndaki Bursa yolunda bulduk.Osmanl\u0131\u2019n\u0131n ilk ba\u015fkenti olan bu \u015fehirde gezerken inan\u0131lmaz olaylar ya\u015fad\u0131k, harika<span class=\"excerpt-hellip\"> [\u2026]<\/span><\/p>\n","protected":false},"featured_media":0,"template":"","meta":{"_monsterinsights_skip_tracking":false,"_monsterinsights_sitenote_active":false,"_monsterinsights_sitenote_note":"","_monsterinsights_sitenote_category":0},"product_brand":[],"product_cat":[12274,12284],"product_tag":[],"class_list":{"0":"post-771798","1":"product","2":"type-product","3":"status-publish","5":"product_cat-cocuk-ve-genclik-kitaplari","6":"product_cat-hikayeler","7":"pa_cilt-ciltsiz","8":"pa_tur-kitap","9":"pa_yayinevi-yediveren-cocuk","10":"pa_yazar-asena-meric","12":"first","13":"instock","14":"sale","15":"shipping-taxable","16":"purchasable","17":"product-type-simple"},"_links":{"self":[{"href":"https:\/\/roveyayinevi.com.tr\/index.php\/wp-json\/wp\/v2\/product\/771798","targetHints":{"allow":["GET"]}}],"collection":[{"href":"https:\/\/roveyayinevi.com.tr\/index.php\/wp-json\/wp\/v2\/product"}],"about":[{"href":"https:\/\/roveyayinevi.com.tr\/index.php\/wp-json\/wp\/v2\/types\/product"}],"wp:attachment":[{"href":"https:\/\/roveyayinevi.com.tr\/index.php\/wp-json\/wp\/v2\/media?parent=771798"}],"wp:term":[{"taxonomy":"product_brand","embeddable":true,"href":"https:\/\/roveyayinevi.com.tr\/index.php\/wp-json\/wp\/v2\/product_brand?post=771798"},{"taxonomy":"product_cat","embeddable":true,"href":"https:\/\/roveyayinevi.com.tr\/index.php\/wp-json\/wp\/v2\/product_cat?post=771798"},{"taxonomy":"product_tag","embeddable":true,"href":"https:\/\/roveyayinevi.com.tr\/index.php\/wp-json\/wp\/v2\/product_tag?post=771798"}],"curies":[{"name":"wp","href":"https:\/\/api.w.org\/{rel}","templated":true}]}}