{"id":771794,"date":"2025-08-28T15:18:19","date_gmt":"2025-08-28T12:18:19","guid":{"rendered":"https:\/\/roveyayinevi.com.tr\/index.php\/urun\/h-a-a-r-p-silahi-ve-nikola-tesla\/"},"modified":"2026-04-15T03:38:15","modified_gmt":"2026-04-15T00:38:15","slug":"h-a-a-r-p-silahi-ve-nikola-tesla","status":"publish","type":"product","link":"https:\/\/roveyayinevi.com.tr\/index.php\/urun\/h-a-a-r-p-silahi-ve-nikola-tesla\/","title":{"rendered":"H. A. A. R. P. Silah\u0131 ve Nikola Tesla"},"content":{"rendered":"<p>Televizyondan, Radyo&#8217;ya, robotik sistemlerden, r\u00f6ntgen \u0131\u015f\u0131nlar\u0131na, manyetik alan, telsiz haberle\u015fme sisteminden alternatif ak\u0131m motoruna, kablosuz elektrikten, bilgisayarlara ve kablosuz veri a\u011f\u0131 (wifi) sistemine, g\u00f6ky\u00fcz\u00fcnde s\u00fcz\u00fclen f\u00fczelerden, uzaktan kumandal\u0131 t\u00fcm cihazlara ve daha bir \u00e7ok icad\u0131n mucididir Nikola TESLA&#8230;TESLA\u2019n\u0131n ya\u015fam\u0131 ve esrarengiz \u00e7al\u0131\u015fmalar\u0131n\u0131n da anlat\u0131ld\u0131\u011f\u0131 bu eserde ayr\u0131ca HAARP isimli proje ile d\u00fcnya da ve \u00fclkemizde hangi gizli projelerin y\u00fcr\u00fct\u00fcld\u00fc\u011f\u00fcne \u015fahit olacak, 2. D\u00fcnya sava\u015f\u0131ndan daha \u00f6nce zihin g\u00f6r\u00fcnt\u00fcleme sistemini nas\u0131l kulland\u0131\u011f\u0131n\u0131, Phidelphia&#8217;da USS Eldrige gemisini nas\u0131l \u0131\u015f\u0131nlad\u0131\u011f\u0131n\u0131, metafizik varl\u0131klar ile nas\u0131l irtibat kurdu\u011funu, Tunguska&#8217;y\u0131 elektromanyetik silah ile daha o devirde nas\u0131l vurdu\u011funu, k\u00fc\u00e7\u00fck deprem silah\u0131 ile Manhattan&#8217;da t\u00fcm \u015fehrin camlar\u0131n\u0131 yerle bir etti\u011fini b\u00fcy\u00fck bir merak ile okuyacaks\u0131n\u0131z.Echelon sistemi ile her saniye nas\u0131l dinlendi\u011fimizi, ak\u0131ll\u0131 telefonlar\u0131m\u0131z\u0131n dokunmatikleri ile parmak izi, selfieler ile y\u00fcz tarama ve ses analizleri ile HAARP&#8217;a hizmet etti\u011fini, Chamtrail projesi ile nas\u0131l zehirlendi\u011fimizi, zihin kontrol faaliyetleri ile nelere maruz kald\u0131\u011f\u0131m\u0131z\u0131, k\u00fc\u00e7\u00fck fay hatlar\u0131na m\u00fcdahalenin alt\u0131nda hangi gizli ger\u00e7eklerin yatt\u0131\u011f\u0131n\u0131 hayretle okuyacaks\u0131n\u0131z.<\/p>\n","protected":false},"excerpt":{"rendered":"<p>Televizyondan, Radyo&#8217;ya, robotik sistemlerden, r\u00f6ntgen \u0131\u015f\u0131nlar\u0131na, manyetik alan, telsiz haberle\u015fme sisteminden alternatif ak\u0131m motoruna, kablosuz elektrikten, bilgisayarlara ve kablosuz veri a\u011f\u0131 (wifi) sistemine, g\u00f6ky\u00fcz\u00fcnde s\u00fcz\u00fclen f\u00fczelerden,<span class=\"excerpt-hellip\"> [\u2026]<\/span><\/p>\n","protected":false},"featured_media":0,"template":"","meta":{"_monsterinsights_skip_tracking":false,"_monsterinsights_sitenote_active":false,"_monsterinsights_sitenote_note":"","_monsterinsights_sitenote_category":0},"product_brand":[],"product_cat":[12370,12304],"product_tag":[],"class_list":{"0":"post-771794","1":"product","2":"type-product","3":"status-publish","5":"product_cat-arastirma-inceleme","6":"product_cat-tarih","7":"pa_cilt-ciltsiz","8":"pa_tur-kitap","9":"pa_yayinevi-eftalya-kitap","10":"pa_yazar-kursad-berkkan","12":"first","13":"instock","14":"sale","15":"shipping-taxable","16":"purchasable","17":"product-type-simple"},"_links":{"self":[{"href":"https:\/\/roveyayinevi.com.tr\/index.php\/wp-json\/wp\/v2\/product\/771794","targetHints":{"allow":["GET"]}}],"collection":[{"href":"https:\/\/roveyayinevi.com.tr\/index.php\/wp-json\/wp\/v2\/product"}],"about":[{"href":"https:\/\/roveyayinevi.com.tr\/index.php\/wp-json\/wp\/v2\/types\/product"}],"wp:attachment":[{"href":"https:\/\/roveyayinevi.com.tr\/index.php\/wp-json\/wp\/v2\/media?parent=771794"}],"wp:term":[{"taxonomy":"product_brand","embeddable":true,"href":"https:\/\/roveyayinevi.com.tr\/index.php\/wp-json\/wp\/v2\/product_brand?post=771794"},{"taxonomy":"product_cat","embeddable":true,"href":"https:\/\/roveyayinevi.com.tr\/index.php\/wp-json\/wp\/v2\/product_cat?post=771794"},{"taxonomy":"product_tag","embeddable":true,"href":"https:\/\/roveyayinevi.com.tr\/index.php\/wp-json\/wp\/v2\/product_tag?post=771794"}],"curies":[{"name":"wp","href":"https:\/\/api.w.org\/{rel}","templated":true}]}}