{"id":771793,"date":"2025-08-28T15:18:17","date_gmt":"2025-08-28T12:18:17","guid":{"rendered":"https:\/\/roveyayinevi.com.tr\/index.php\/urun\/sadist-2\/"},"modified":"2026-04-15T03:38:15","modified_gmt":"2026-04-15T00:38:15","slug":"sadist-2","status":"publish","type":"product","link":"https:\/\/roveyayinevi.com.tr\/index.php\/urun\/sadist-2\/","title":{"rendered":"Sadist"},"content":{"rendered":"<p>Meyra Kaya. 18 ya\u015f\u0131ndayken ka\u00e7\u0131r\u0131lan ve bir haftas\u0131, b\u00fct\u00fcn hayat\u0131na mal olan parlayan \u0131\u015f\u0131k. Bir haftan\u0131n sonunda evinin \u00f6n\u00fcnde kesikler i\u00e7inde \u00e7\u0131r\u0131l\u00e7\u0131plak uyanan Meyra i\u00e7in oyun yeni ba\u015fl\u0131yor. G\u00fcc\u00fcn bende oldu\u011funu biliyorsun, yapabileceklerimi, kaybettireceklerimi Ama bir \u015feyi ka\u00e7\u0131r\u0131yorsun. Ben hep arkandan gelen karalt\u0131y\u0131m. Beni bulman i\u00e7in arkan\u0131 d\u00f6nmen gerek. Cesaretine kar\u0131\u015fm\u0131\u015f korkun buna engel olsa da d\u00f6n arkan\u0131. Unutma ben herkesim. Bir a\u015fa\u011f\u0131dayken bir yukar\u0131day\u0131m. Ben yakalanamayan ruhun k\u00f6relmi\u015f g\u00f6lgesiyim.<\/p>\n","protected":false},"excerpt":{"rendered":"<p>Meyra Kaya. 18 ya\u015f\u0131ndayken ka\u00e7\u0131r\u0131lan ve bir haftas\u0131, b\u00fct\u00fcn hayat\u0131na mal olan parlayan \u0131\u015f\u0131k. Bir haftan\u0131n sonunda evinin \u00f6n\u00fcnde kesikler i\u00e7inde \u00e7\u0131r\u0131l\u00e7\u0131plak uyanan Meyra i\u00e7in oyun<span class=\"excerpt-hellip\"> [\u2026]<\/span><\/p>\n","protected":false},"featured_media":0,"template":"","meta":{"_monsterinsights_skip_tracking":false,"_monsterinsights_sitenote_active":false,"_monsterinsights_sitenote_note":"","_monsterinsights_sitenote_category":0},"product_brand":[],"product_cat":[12291,17033],"product_tag":[],"class_list":{"0":"post-771793","1":"product","2":"type-product","3":"status-publish","5":"product_cat-edebiyat","6":"product_cat-korku-gerilim","7":"pa_cilt-ciltsiz","8":"pa_tur-kitap","9":"pa_yayinevi-eftalya-kitap","10":"pa_yazar-beyzanur-yilmaz","12":"first","13":"instock","14":"sale","15":"shipping-taxable","16":"purchasable","17":"product-type-simple"},"_links":{"self":[{"href":"https:\/\/roveyayinevi.com.tr\/index.php\/wp-json\/wp\/v2\/product\/771793","targetHints":{"allow":["GET"]}}],"collection":[{"href":"https:\/\/roveyayinevi.com.tr\/index.php\/wp-json\/wp\/v2\/product"}],"about":[{"href":"https:\/\/roveyayinevi.com.tr\/index.php\/wp-json\/wp\/v2\/types\/product"}],"wp:attachment":[{"href":"https:\/\/roveyayinevi.com.tr\/index.php\/wp-json\/wp\/v2\/media?parent=771793"}],"wp:term":[{"taxonomy":"product_brand","embeddable":true,"href":"https:\/\/roveyayinevi.com.tr\/index.php\/wp-json\/wp\/v2\/product_brand?post=771793"},{"taxonomy":"product_cat","embeddable":true,"href":"https:\/\/roveyayinevi.com.tr\/index.php\/wp-json\/wp\/v2\/product_cat?post=771793"},{"taxonomy":"product_tag","embeddable":true,"href":"https:\/\/roveyayinevi.com.tr\/index.php\/wp-json\/wp\/v2\/product_tag?post=771793"}],"curies":[{"name":"wp","href":"https:\/\/api.w.org\/{rel}","templated":true}]}}