{"id":771792,"date":"2025-08-28T15:18:15","date_gmt":"2025-08-28T12:18:15","guid":{"rendered":"https:\/\/roveyayinevi.com.tr\/index.php\/urun\/illuminati-aydinligin-ve-karanligin-savasi\/"},"modified":"2026-04-15T03:38:15","modified_gmt":"2026-04-15T00:38:15","slug":"illuminati-aydinligin-ve-karanligin-savasi","status":"publish","type":"product","link":"https:\/\/roveyayinevi.com.tr\/index.php\/urun\/illuminati-aydinligin-ve-karanligin-savasi\/","title":{"rendered":"\u0130lluminati; Ayd\u0131nl\u0131\u011f\u0131n Ve Karanl\u0131\u011f\u0131n Sava\u015f\u0131"},"content":{"rendered":"<p>Onlar bu d\u00fcnyay\u0131 y\u00f6neten bir g\u00fc\u00e7 \u015febekesi mi? K\u00fcresel bir entrikan\u0131n usta uygulay\u0131c\u0131lar\u0131 m\u0131? \u0130lluminati&#8217;nin varl\u0131\u011f\u0131na inan\u0131n ya da inanmay\u0131n. Bu kitab\u0131okuduktan sonra tek bir \u015feye inanacaks\u0131n\u0131z. \u0130lluminati&#8217;nin varl\u0131\u011f\u0131na&#8230;Dan Brown, Melekler ve \u015eeytanlar kitab\u0131 ile \u0130lluminati ismini duyurdu ve haf\u0131zalarakaz\u0131nmas\u0131na yard\u0131mc\u0131 oldu. Texe Marrs ve Dav\u0131d Icke gibi yazarlar ise \u0130lluminati\u00f6rg\u00fct\u00fcn\u00fcn sistemini topluma tan\u0131tt\u0131lar. \u015eimdi ise bir T\u00fcrk Yazar Kursad Berkkan\u00e7ok daha ileri gidiyor ve hem sistemini hemde karanl\u0131k emellerini t\u00fcm y\u00f6nleriyleortaya seriyor. Bu kitab\u0131 okudu\u011funuzda \u0130lluminati \u00f6rg\u00fct\u00fcn\u00fcn sars\u0131c\u0131 komplolar\u0131kar\u015f\u0131s\u0131nda kan\u0131n\u0131z donacak ve her sat\u0131r\u0131n\u0131 derin soluk alarak okuyacaks\u0131n\u0131z. T\u00fcrkyazar\u0131n bu ba\u015far\u0131s\u0131 \u0130lluminati \u00f6rg\u00fct\u00fcn\u00fcn anla\u015f\u0131lmas\u0131nda \u00f6nemli rol oynayacak. Emekli CIA Uzman\u0131 Brad SteigerTarihsel verilere g\u00f6re, \u0130lluminati 1600&#8217;l\u00fc y\u0131llarda Vatikan&#8217;a kar\u015f\u0131 intikam yeminietmi\u015ftir. Galileo zaman\u0131ndaki ilk \u0130lluminati, Vatikan taraf\u0131ndan Roma&#8217;dan uzakla\u015ft\u0131-r\u0131lm\u0131\u015f ve ac\u0131mas\u0131zca yok edilmi\u015ftir. \u0130lluminati, Katolik kilisesinden ka\u00e7an di\u011ferm\u00fcltecilere (mistik, simyac\u0131, bilim adam\u0131, do\u011fa \u00fcst\u00fc g\u00fc\u00e7lere inanan gruplar, ve M\u00fcsl\u00fcmanlar ile Museviler) kar\u0131\u015farak Bavyera&#8217;da saklanm\u0131\u015ft\u0131r.Yazar Dan Brown\u0130lluminati, d\u00fcnyay\u0131 y\u00f6neten komite, binlerce y\u0131l \u00f6nce d\u00fcnya d\u0131\u015f\u0131ndan gelen s\u00fcr\u00fcngenbir \u0131rk ve insanlar\u0131n \u00fcremesi sonucu ortaya \u00e7\u0131kan melezlerden olu\u015fan karanl\u0131k \u00f6rg\u00fct.Komplo Yazar\u0131 Dav\u0131d Icke<\/p>\n","protected":false},"excerpt":{"rendered":"<p>Onlar bu d\u00fcnyay\u0131 y\u00f6neten bir g\u00fc\u00e7 \u015febekesi mi? K\u00fcresel bir entrikan\u0131n usta uygulay\u0131c\u0131lar\u0131 m\u0131? \u0130lluminati&#8217;nin varl\u0131\u011f\u0131na inan\u0131n ya da inanmay\u0131n. Bu kitab\u0131okuduktan sonra tek bir \u015feye<span class=\"excerpt-hellip\"> [\u2026]<\/span><\/p>\n","protected":false},"featured_media":0,"template":"","meta":{"_monsterinsights_skip_tracking":false,"_monsterinsights_sitenote_active":false,"_monsterinsights_sitenote_note":"","_monsterinsights_sitenote_category":0},"product_brand":[],"product_cat":[12370,12304],"product_tag":[],"class_list":{"0":"post-771792","1":"product","2":"type-product","3":"status-publish","5":"product_cat-arastirma-inceleme","6":"product_cat-tarih","7":"pa_cilt-ciltsiz","8":"pa_tur-kitap","9":"pa_yayinevi-eftalya-kitap","10":"pa_yazar-kursad-berkkan","12":"first","13":"instock","14":"sale","15":"shipping-taxable","16":"purchasable","17":"product-type-simple"},"_links":{"self":[{"href":"https:\/\/roveyayinevi.com.tr\/index.php\/wp-json\/wp\/v2\/product\/771792","targetHints":{"allow":["GET"]}}],"collection":[{"href":"https:\/\/roveyayinevi.com.tr\/index.php\/wp-json\/wp\/v2\/product"}],"about":[{"href":"https:\/\/roveyayinevi.com.tr\/index.php\/wp-json\/wp\/v2\/types\/product"}],"wp:attachment":[{"href":"https:\/\/roveyayinevi.com.tr\/index.php\/wp-json\/wp\/v2\/media?parent=771792"}],"wp:term":[{"taxonomy":"product_brand","embeddable":true,"href":"https:\/\/roveyayinevi.com.tr\/index.php\/wp-json\/wp\/v2\/product_brand?post=771792"},{"taxonomy":"product_cat","embeddable":true,"href":"https:\/\/roveyayinevi.com.tr\/index.php\/wp-json\/wp\/v2\/product_cat?post=771792"},{"taxonomy":"product_tag","embeddable":true,"href":"https:\/\/roveyayinevi.com.tr\/index.php\/wp-json\/wp\/v2\/product_tag?post=771792"}],"curies":[{"name":"wp","href":"https:\/\/api.w.org\/{rel}","templated":true}]}}