{"id":771788,"date":"2025-08-28T15:18:07","date_gmt":"2025-08-28T12:18:07","guid":{"rendered":"https:\/\/roveyayinevi.com.tr\/index.php\/urun\/deizim-akli\/"},"modified":"2026-04-15T03:38:15","modified_gmt":"2026-04-15T00:38:15","slug":"deizim-akli","status":"publish","type":"product","link":"https:\/\/roveyayinevi.com.tr\/index.php\/urun\/deizim-akli\/","title":{"rendered":"Deizim Akl\u0131"},"content":{"rendered":"<p>Deizm Nedir? Ateizm, Materyalizm, Panteizm ya da Agnostizm \u2026 Toplumdaki y\u00fckselen din kar\u015f\u0131tl\u0131\u011f\u0131n\u0131n fark\u0131nda m\u0131s\u0131n\u0131z? Ak\u0131l Tanr\u0131\u2019n\u0131n varl\u0131\u011f\u0131n\u0131 idrak i\u00e7in yeterli midir? Y\u00fczde y\u00fcz iman var m\u0131d\u0131r? Sizdeki \u00f6l\u00fcm korkusu mu, yok olma korkusu mu? Kur\u2019an, \u0130ncil ve Tevrat; Bu kitaplardan hangisini veya hangilerini anlayarak okudunuz? \u201cBelki hayat Matrix Felsefesi\u2019nde oldu\u011fu gibi bir oyundan ibaret\u2026\u201d \u201c\u0130nsanlar maymundan evrimle\u015fmemi\u015ftir. Kur\u2019an\u2019da belirtildi\u011fi \u00fczere baz\u0131 insanlar maymuna \u00e7evrilmi\u015ftir belki!\u201d \u201cBir damla suda milyarlarca bakteri ya\u015fayabiliyor. Belki bu d\u00fcnya, bu evren, bu galaksi ve bizler, bir damla su i\u00e7inde s\u0131n\u0131rl\u0131 s\u00fcre ya\u015fayan varl\u0131klardan ibaretizdir!\u201d \u201cVar m\u0131y\u0131z? Emin misin?\u201d Yok, bu kitap bir dini kitap de\u011fil\u2026 \u201cDeizm Akl\u0131\u201d kitab\u0131 akl\u0131n\u0131z\u0131 zorluyor. Ya da akl\u0131n\u0131z\u0131 akl\u0131yor&#8230; Belki hayat dedi\u011fin sanal bir yan\u0131lsamadan ibaret!<\/p>\n","protected":false},"excerpt":{"rendered":"<p>Deizm Nedir? Ateizm, Materyalizm, Panteizm ya da Agnostizm \u2026 Toplumdaki y\u00fckselen din kar\u015f\u0131tl\u0131\u011f\u0131n\u0131n fark\u0131nda m\u0131s\u0131n\u0131z? Ak\u0131l Tanr\u0131\u2019n\u0131n varl\u0131\u011f\u0131n\u0131 idrak i\u00e7in yeterli midir? Y\u00fczde y\u00fcz iman var<span class=\"excerpt-hellip\"> [\u2026]<\/span><\/p>\n","protected":false},"featured_media":0,"template":"","meta":{"_monsterinsights_skip_tracking":false,"_monsterinsights_sitenote_active":false,"_monsterinsights_sitenote_note":"","_monsterinsights_sitenote_category":0},"product_brand":[],"product_cat":[12777,12291],"product_tag":[],"class_list":{"0":"post-771788","1":"product","2":"type-product","3":"status-publish","5":"product_cat-deneme","6":"product_cat-edebiyat","7":"pa_cilt-ciltsiz","8":"pa_tur-kitap","9":"pa_yayinevi-mihenk-kitap","10":"pa_yazar-vedat-ali-kiziltepe","12":"first","13":"instock","14":"sale","15":"shipping-taxable","16":"purchasable","17":"product-type-simple"},"_links":{"self":[{"href":"https:\/\/roveyayinevi.com.tr\/index.php\/wp-json\/wp\/v2\/product\/771788","targetHints":{"allow":["GET"]}}],"collection":[{"href":"https:\/\/roveyayinevi.com.tr\/index.php\/wp-json\/wp\/v2\/product"}],"about":[{"href":"https:\/\/roveyayinevi.com.tr\/index.php\/wp-json\/wp\/v2\/types\/product"}],"wp:attachment":[{"href":"https:\/\/roveyayinevi.com.tr\/index.php\/wp-json\/wp\/v2\/media?parent=771788"}],"wp:term":[{"taxonomy":"product_brand","embeddable":true,"href":"https:\/\/roveyayinevi.com.tr\/index.php\/wp-json\/wp\/v2\/product_brand?post=771788"},{"taxonomy":"product_cat","embeddable":true,"href":"https:\/\/roveyayinevi.com.tr\/index.php\/wp-json\/wp\/v2\/product_cat?post=771788"},{"taxonomy":"product_tag","embeddable":true,"href":"https:\/\/roveyayinevi.com.tr\/index.php\/wp-json\/wp\/v2\/product_tag?post=771788"}],"curies":[{"name":"wp","href":"https:\/\/api.w.org\/{rel}","templated":true}]}}