{"id":771783,"date":"2025-08-28T15:17:56","date_gmt":"2025-08-28T12:17:56","guid":{"rendered":"https:\/\/roveyayinevi.com.tr\/index.php\/urun\/insanat-bahcesi\/"},"modified":"2026-04-15T03:38:15","modified_gmt":"2026-04-15T00:38:15","slug":"insanat-bahcesi","status":"publish","type":"product","link":"https:\/\/roveyayinevi.com.tr\/index.php\/urun\/insanat-bahcesi\/","title":{"rendered":"\u0130nsanat Bah\u00e7esi"},"content":{"rendered":"<p>Herkes kendi vatan\u0131nda Sindirella\u2019yd\u0131. Zira ka\u00e7arken d\u00fc\u015f\u00fcrd\u00fckleri ayakkab\u0131n\u0131n di\u011fer teki kendi topraklar\u0131ndayd\u0131. Onlar\u0131n kimli\u011fi ayakkab\u0131n\u0131n geride kalan di\u011fer tekiydi. D\u00f6n\u00fcp onu giymezlerse kimliksiz ve de vatans\u0131z bir k\u00fclkedisi olarak yok olup gideceklerdi. *** A\u015fk bir s\u0131navd\u0131r! Birlikte \u00f6lmeyi g\u00f6ze almak a\u015fk de\u011fil, ayr\u0131 olunsa da kar\u015f\u0131dakinin nefes ald\u0131\u011f\u0131n\u0131 bilip \u015f\u00fckretmektir. A\u015fk, s\u0131n\u0131r\u0131 a\u015fmak de\u011fil, cesaret g\u00f6sterip s\u0131n\u0131rda kalmay\u0131 g\u00f6ze almakt\u0131r. A\u015fk, a\u015fk\u0131 i\u00e7in alemden vazge\u00e7ebilece\u011fini herkese ispatlamak de\u011fil, gerekti\u011finde alem i\u00e7in a\u015fk\u0131ndan vazge\u00e7meyi bilecek kadar \u00e2\u015f\u0131k oldu\u011funu kendine ispatlamakt\u0131r.*** Cehennem dedikleri b\u00f6yle bir \u015fey olmal\u0131yd\u0131. Ate\u015f, ate\u015f ve sadece ate\u015f!.. \u0130stanbul&#8217;un ba\u011fr\u0131 tutu\u015fmu\u015ftu. Beyo\u011flu ate\u015fler i\u00e7inde yan\u0131yordu. Hali\u00e7, Hask\u00f6y&#8217;e bak\u0131p a\u011fl\u0131yordu. Ama nafile, g\u00f6zya\u015flar\u0131 yang\u0131n\u0131 s\u00f6nd\u00fcrmeye yetmiyordu. Yan\u0131yordu Hask\u00f6y! Yan\u0131yordu Beyo\u011flu! Yan\u0131yordu \u0130stanbul! \u00dc\u00e7 g\u00fcn \u00fc\u00e7 gece durmaks\u0131z\u0131n\u2026 D\u00fc\u011f\u00fcn de\u011fildi ki bu\u2026 Neden bu kadar uzun s\u00fcrm\u00fc\u015ft\u00fc ve s\u00f6nd\u00fcr\u00fclememi\u015fti? Oysa g\u00f6zya\u015flar\u0131 sel olmu\u015ftu, s\u00f6nmeliydi bu ate\u015f. Bu g\u00f6zya\u015flar\u0131 bu cehennemi so\u011futmal\u0131yd\u0131. Nafile! Ne ate\u015f s\u00f6nm\u00fc\u015ft\u00fc ne de cehennem so\u011fumu\u015ftu.<\/p>\n","protected":false},"excerpt":{"rendered":"<p>Herkes kendi vatan\u0131nda Sindirella\u2019yd\u0131. Zira ka\u00e7arken d\u00fc\u015f\u00fcrd\u00fckleri ayakkab\u0131n\u0131n di\u011fer teki kendi topraklar\u0131ndayd\u0131. Onlar\u0131n kimli\u011fi ayakkab\u0131n\u0131n geride kalan di\u011fer tekiydi. D\u00f6n\u00fcp onu giymezlerse kimliksiz ve de vatans\u0131z<span class=\"excerpt-hellip\"> [\u2026]<\/span><\/p>\n","protected":false},"featured_media":0,"template":"","meta":{"_monsterinsights_skip_tracking":false,"_monsterinsights_sitenote_active":false,"_monsterinsights_sitenote_note":"","_monsterinsights_sitenote_category":0},"product_brand":[],"product_cat":[12291,12711],"product_tag":[],"class_list":{"0":"post-771783","1":"product","2":"type-product","3":"status-publish","5":"product_cat-edebiyat","6":"product_cat-roman-oyku","7":"pa_cilt-ciltsiz","8":"pa_tur-kitap","9":"pa_yayinevi-mihenk-kitap","10":"pa_yazar-selma-dolgun","12":"first","13":"instock","14":"sale","15":"shipping-taxable","16":"purchasable","17":"product-type-simple"},"_links":{"self":[{"href":"https:\/\/roveyayinevi.com.tr\/index.php\/wp-json\/wp\/v2\/product\/771783","targetHints":{"allow":["GET"]}}],"collection":[{"href":"https:\/\/roveyayinevi.com.tr\/index.php\/wp-json\/wp\/v2\/product"}],"about":[{"href":"https:\/\/roveyayinevi.com.tr\/index.php\/wp-json\/wp\/v2\/types\/product"}],"wp:attachment":[{"href":"https:\/\/roveyayinevi.com.tr\/index.php\/wp-json\/wp\/v2\/media?parent=771783"}],"wp:term":[{"taxonomy":"product_brand","embeddable":true,"href":"https:\/\/roveyayinevi.com.tr\/index.php\/wp-json\/wp\/v2\/product_brand?post=771783"},{"taxonomy":"product_cat","embeddable":true,"href":"https:\/\/roveyayinevi.com.tr\/index.php\/wp-json\/wp\/v2\/product_cat?post=771783"},{"taxonomy":"product_tag","embeddable":true,"href":"https:\/\/roveyayinevi.com.tr\/index.php\/wp-json\/wp\/v2\/product_tag?post=771783"}],"curies":[{"name":"wp","href":"https:\/\/api.w.org\/{rel}","templated":true}]}}