{"id":771782,"date":"2025-08-28T15:17:55","date_gmt":"2025-08-28T12:17:55","guid":{"rendered":"https:\/\/roveyayinevi.com.tr\/index.php\/urun\/mevlana-ruhsal-sifa-terapileri\/"},"modified":"2026-04-15T03:38:14","modified_gmt":"2026-04-15T00:38:14","slug":"mevlana-ruhsal-sifa-terapileri","status":"publish","type":"product","link":"https:\/\/roveyayinevi.com.tr\/index.php\/urun\/mevlana-ruhsal-sifa-terapileri\/","title":{"rendered":"Mevlana Ruhsal \u015eifa Terapileri"},"content":{"rendered":"<p>Kitap Tan\u0131t\u0131m Yaz\u0131s\u0131 : Mevl\u00e2n\u00e2\u2019n\u0131n ruha dokunu\u015fu, yaln\u0131zca ya\u015fad\u0131\u011f\u0131 zamanla s\u0131n\u0131rl\u0131 de\u011fildir. G\u00fcn\u00fcm\u00fcze kadar uzanan ruhsal \u015fifa re\u00e7eteleri vard\u0131r&#8230; Ki bu da bu b\u00fcy\u00fck \u0130sl\u00e2m filozofunun \u00e7a\u011flar\u0131 a\u015fan bir d\u00fc\u015f\u00fcnce y\u00fck\u00fcne sahip oldu\u011funu ortaya koyar. Mevl\u00e2n\u00e2 bir ruh doktoru, a\u015fk\u0131n dilidir ve iyi bir psikoterapisttir. \u0130nsan\u0131 seven, kar\u015f\u0131s\u0131nda kim olursa olsun kucaklayan, yarg\u0131lamadan, \u00f6n yarg\u0131s\u0131z, incitmeden, merhametle insanlara yakla\u015fan bir ruh hekimidir. \u201cGel, gel; ne olursan ol, yine gel! \u0130ster k\u00e2fir ister Mecusi ister puta tapan ol, yine gel! Bizim derg\u00e2h\u0131m\u0131z, \u00fcmitsizlik derg\u00e2h\u0131 de\u011fildir. Y\u00fcz kere t\u00f6vbeni bozmu\u015f olsan da yine gel&#8230;\u201d rubaisi, Mevl\u00e2n\u00e2 hazretlerinin ho\u015fg\u00f6r\u00fcs\u00fcn\u00fcn, insanlara bak\u0131\u015f\u0131n\u0131n \u00f6zetidir.<\/p>\n","protected":false},"excerpt":{"rendered":"<p>Kitap Tan\u0131t\u0131m Yaz\u0131s\u0131 : Mevl\u00e2n\u00e2\u2019n\u0131n ruha dokunu\u015fu, yaln\u0131zca ya\u015fad\u0131\u011f\u0131 zamanla s\u0131n\u0131rl\u0131 de\u011fildir. G\u00fcn\u00fcm\u00fcze kadar uzanan ruhsal \u015fifa re\u00e7eteleri vard\u0131r&#8230; Ki bu da bu b\u00fcy\u00fck \u0130sl\u00e2m filozofunun<span class=\"excerpt-hellip\"> [\u2026]<\/span><\/p>\n","protected":false},"featured_media":0,"template":"","meta":{"_monsterinsights_skip_tracking":false,"_monsterinsights_sitenote_active":false,"_monsterinsights_sitenote_note":"","_monsterinsights_sitenote_category":0},"product_brand":[],"product_cat":[12718,12719],"product_tag":[],"class_list":{"0":"post-771782","1":"product","2":"type-product","3":"status-publish","5":"product_cat-din","6":"product_cat-islam","7":"pa_cilt-ciltsiz","8":"pa_tur-kitap","9":"pa_yayinevi-mihenk-kitap","10":"pa_yazar-kolektif","12":"first","13":"instock","14":"sale","15":"shipping-taxable","16":"purchasable","17":"product-type-simple"},"_links":{"self":[{"href":"https:\/\/roveyayinevi.com.tr\/index.php\/wp-json\/wp\/v2\/product\/771782","targetHints":{"allow":["GET"]}}],"collection":[{"href":"https:\/\/roveyayinevi.com.tr\/index.php\/wp-json\/wp\/v2\/product"}],"about":[{"href":"https:\/\/roveyayinevi.com.tr\/index.php\/wp-json\/wp\/v2\/types\/product"}],"wp:attachment":[{"href":"https:\/\/roveyayinevi.com.tr\/index.php\/wp-json\/wp\/v2\/media?parent=771782"}],"wp:term":[{"taxonomy":"product_brand","embeddable":true,"href":"https:\/\/roveyayinevi.com.tr\/index.php\/wp-json\/wp\/v2\/product_brand?post=771782"},{"taxonomy":"product_cat","embeddable":true,"href":"https:\/\/roveyayinevi.com.tr\/index.php\/wp-json\/wp\/v2\/product_cat?post=771782"},{"taxonomy":"product_tag","embeddable":true,"href":"https:\/\/roveyayinevi.com.tr\/index.php\/wp-json\/wp\/v2\/product_tag?post=771782"}],"curies":[{"name":"wp","href":"https:\/\/api.w.org\/{rel}","templated":true}]}}