{"id":771781,"date":"2025-08-28T15:17:53","date_gmt":"2025-08-28T12:17:53","guid":{"rendered":"https:\/\/roveyayinevi.com.tr\/index.php\/urun\/kizimi-yetistiriyorum\/"},"modified":"2026-04-15T03:38:14","modified_gmt":"2026-04-15T00:38:14","slug":"kizimi-yetistiriyorum","status":"publish","type":"product","link":"https:\/\/roveyayinevi.com.tr\/index.php\/urun\/kizimi-yetistiriyorum\/","title":{"rendered":"K\u0131z\u0131m\u0131 Yeti\u015ftiriyorum"},"content":{"rendered":"<p>&#8220;Biricik G\u00fcl\u00fcm, benim hayat\u0131mda yapt\u0131\u011f\u0131m hatalar\u0131 g\u00f6zard\u0131 etme sak\u0131n. Ne g\u00fcnler ge\u00e7irdik seninle, neler ya\u015fad\u0131k?&#8230; Bir anne k\u0131z de\u011fil, iki kader arkada\u015f\u0131yd\u0131k sanki. Hele bebekli\u011finde&#8230; O g\u00fcnleri hat\u0131rlam\u0131yorsundur ama, bu g\u00fcnl\u00fck sana her \u015feyi anlatacak Beni iyi dinlemeni ve k\u0131z\u0131n\u0131 yeti\u015ftirirken bu p\u00fcf noktalara dikkat etmeni istiyorum. Hemen \u015funu da belirteyim, ben bu hatalar\u0131 bilerek yapmad\u0131m. \u00c7evrem, ailem ve belki de en \u00f6nemlisi yetersiz gelen bilgim bunlar\u0131 bana yapt\u0131rd\u0131. Sonralar\u0131 kendimi \u00e7ok iyi yeti\u015ftirdim, fakat ge\u00e7 kalm\u0131\u015fl\u0131\u011f\u0131n ac\u0131s\u0131yla&#8230; Ama sen \u00f6yle olmayacaks\u0131n. Benim ac\u0131 tecr\u00fcbelerim, sana \u00f6rnek olacak Sen daha g\u00fczel yeti\u015ftireceksin Gonca g\u00fcl\u00fcn\u00fc&#8221;. &#8220;K\u0131z\u0131m\u0131 Yeti\u015ftiriyorum&#8221; adl\u0131 bu kitap, k\u0131z \u00e7ocu\u011fuyla muhatap olan t\u00fcm yeti\u015fkinlere ve annelere rehber niteli\u011finde bir \u00e7al\u0131\u015fma. Neden &#8220;k\u0131z&#8221; diyenler i\u00e7in ise, &#8220;e\u011fitimli k\u0131zlar, e\u011fitimli anneler demektir; e\u011fitimli anneler, e\u011fitimli toplum demektir,&#8221; diyoruz. K\u0131z \u00e7ocuklar\u0131n\u0131n e\u011fitimine ayna tutaca\u011f\u0131n\u0131 \u00fcmit etti\u011fimiz bu eserle k\u0131zlar\u0131n\u0131z\u0131, g\u00fcl gibi yeti\u015ftirmeye ilk ad\u0131m\u0131 atm\u0131\u015f olacaks\u0131n\u0131z. K\u0131zlar\u0131m\u0131z, bizim g\u00fcllerimiz, onlar\u0131 l\u00fctfen soldurmayal\u0131m.<\/p>\n","protected":false},"excerpt":{"rendered":"<p>&#8220;Biricik G\u00fcl\u00fcm, benim hayat\u0131mda yapt\u0131\u011f\u0131m hatalar\u0131 g\u00f6zard\u0131 etme sak\u0131n. Ne g\u00fcnler ge\u00e7irdik seninle, neler ya\u015fad\u0131k?&#8230; Bir anne k\u0131z de\u011fil, iki kader arkada\u015f\u0131yd\u0131k sanki. Hele bebekli\u011finde&#8230; O<span class=\"excerpt-hellip\"> [\u2026]<\/span><\/p>\n","protected":false},"featured_media":0,"template":"","meta":{"_monsterinsights_skip_tracking":false,"_monsterinsights_sitenote_active":false,"_monsterinsights_sitenote_note":"","_monsterinsights_sitenote_category":0},"product_brand":[],"product_cat":[17996,12364],"product_tag":[],"class_list":{"0":"post-771781","1":"product","2":"type-product","3":"status-publish","5":"product_cat-ebeveyn-kitaplari","6":"product_cat-genel-konular","7":"pa_cilt-ciltsiz","8":"pa_tur-kitap","9":"pa_yayinevi-mihenk-kitap","10":"pa_yazar-mine-izgi","12":"first","13":"instock","14":"sale","15":"shipping-taxable","16":"purchasable","17":"product-type-simple"},"_links":{"self":[{"href":"https:\/\/roveyayinevi.com.tr\/index.php\/wp-json\/wp\/v2\/product\/771781","targetHints":{"allow":["GET"]}}],"collection":[{"href":"https:\/\/roveyayinevi.com.tr\/index.php\/wp-json\/wp\/v2\/product"}],"about":[{"href":"https:\/\/roveyayinevi.com.tr\/index.php\/wp-json\/wp\/v2\/types\/product"}],"wp:attachment":[{"href":"https:\/\/roveyayinevi.com.tr\/index.php\/wp-json\/wp\/v2\/media?parent=771781"}],"wp:term":[{"taxonomy":"product_brand","embeddable":true,"href":"https:\/\/roveyayinevi.com.tr\/index.php\/wp-json\/wp\/v2\/product_brand?post=771781"},{"taxonomy":"product_cat","embeddable":true,"href":"https:\/\/roveyayinevi.com.tr\/index.php\/wp-json\/wp\/v2\/product_cat?post=771781"},{"taxonomy":"product_tag","embeddable":true,"href":"https:\/\/roveyayinevi.com.tr\/index.php\/wp-json\/wp\/v2\/product_tag?post=771781"}],"curies":[{"name":"wp","href":"https:\/\/api.w.org\/{rel}","templated":true}]}}