{"id":771780,"date":"2025-08-28T15:17:52","date_gmt":"2025-08-28T12:17:52","guid":{"rendered":"https:\/\/roveyayinevi.com.tr\/index.php\/urun\/oglumu-yetistiriyorum\/"},"modified":"2026-04-15T03:38:14","modified_gmt":"2026-04-15T00:38:14","slug":"oglumu-yetistiriyorum","status":"publish","type":"product","link":"https:\/\/roveyayinevi.com.tr\/index.php\/urun\/oglumu-yetistiriyorum\/","title":{"rendered":"O\u011flumu Yeti\u015ftiriyorum"},"content":{"rendered":"<p>\u00c7ocuk yeti\u015ftirmek sanatt\u0131r. Bu sanat\u0131 en iyi \u015fekilde yerine getirenler ise hi\u00e7 \u015f\u00fcphesiz anne babalard\u0131r&#8230; Ki onlar, ayn\u0131 zamanda \u00e7ocuk yeti\u015ftirme bilmecesinin de en \u00f6nemli par\u00e7as\u0131d\u0131rlar. Bu bilmecede joker, babalard\u0131r. Gelece\u011fin babalar\u0131 \u015fimdinin gen\u00e7leridir. Bu bilmecenin jokerini en iyi \u015fekilde kullanmak ve gen\u00e7lerin \u015fifresini \u00e7\u00f6zmek mi istiyorsunuz? O zaman iyi babalar yeti\u015ftirmek ve bu bilmeceyi daha rahat \u00e7\u00f6zmek i\u00e7in, l\u00fctfen &#8220;O\u011flumu Yeti\u015ftiriyorum&#8221;a bir g\u00f6z at\u0131n. \u00c7\u00fcnk\u00fc bu kitap; anneler, babalar, o\u011fullar ve yolu erkek \u00e7ocuklarla kesi\u015fenler i\u00e7in yaz\u0131ld\u0131.<\/p>\n","protected":false},"excerpt":{"rendered":"<p>\u00c7ocuk yeti\u015ftirmek sanatt\u0131r. Bu sanat\u0131 en iyi \u015fekilde yerine getirenler ise hi\u00e7 \u015f\u00fcphesiz anne babalard\u0131r&#8230; Ki onlar, ayn\u0131 zamanda \u00e7ocuk yeti\u015ftirme bilmecesinin de en \u00f6nemli par\u00e7as\u0131d\u0131rlar.<span class=\"excerpt-hellip\"> [\u2026]<\/span><\/p>\n","protected":false},"featured_media":0,"template":"","meta":{"_monsterinsights_skip_tracking":false,"_monsterinsights_sitenote_active":false,"_monsterinsights_sitenote_note":"","_monsterinsights_sitenote_category":0},"product_brand":[],"product_cat":[17996,12364],"product_tag":[],"class_list":{"0":"post-771780","1":"product","2":"type-product","3":"status-publish","5":"product_cat-ebeveyn-kitaplari","6":"product_cat-genel-konular","7":"pa_cilt-ciltsiz","8":"pa_tur-kitap","9":"pa_yayinevi-mihenk-kitap","10":"pa_yazar-mine-izgi","12":"first","13":"instock","14":"sale","15":"shipping-taxable","16":"purchasable","17":"product-type-simple"},"_links":{"self":[{"href":"https:\/\/roveyayinevi.com.tr\/index.php\/wp-json\/wp\/v2\/product\/771780","targetHints":{"allow":["GET"]}}],"collection":[{"href":"https:\/\/roveyayinevi.com.tr\/index.php\/wp-json\/wp\/v2\/product"}],"about":[{"href":"https:\/\/roveyayinevi.com.tr\/index.php\/wp-json\/wp\/v2\/types\/product"}],"wp:attachment":[{"href":"https:\/\/roveyayinevi.com.tr\/index.php\/wp-json\/wp\/v2\/media?parent=771780"}],"wp:term":[{"taxonomy":"product_brand","embeddable":true,"href":"https:\/\/roveyayinevi.com.tr\/index.php\/wp-json\/wp\/v2\/product_brand?post=771780"},{"taxonomy":"product_cat","embeddable":true,"href":"https:\/\/roveyayinevi.com.tr\/index.php\/wp-json\/wp\/v2\/product_cat?post=771780"},{"taxonomy":"product_tag","embeddable":true,"href":"https:\/\/roveyayinevi.com.tr\/index.php\/wp-json\/wp\/v2\/product_tag?post=771780"}],"curies":[{"name":"wp","href":"https:\/\/api.w.org\/{rel}","templated":true}]}}