{"id":771779,"date":"2025-08-28T15:17:51","date_gmt":"2025-08-28T12:17:51","guid":{"rendered":"https:\/\/roveyayinevi.com.tr\/index.php\/urun\/3-dunya-savasi-melhamei-kubra-armageddon-komplosu\/"},"modified":"2026-04-15T03:38:14","modified_gmt":"2026-04-15T00:38:14","slug":"3-dunya-savasi-melhamei-kubra-armageddon-komplosu","status":"publish","type":"product","link":"https:\/\/roveyayinevi.com.tr\/index.php\/urun\/3-dunya-savasi-melhamei-kubra-armageddon-komplosu\/","title":{"rendered":"3. D\u00fcnya Sava\u015f\u0131 &#8211; Melhame&#8217;i K\u00fcbra: Armageddon Komplosu"},"content":{"rendered":"<p>Yeni D\u00fcnya D\u00fczeni fikri yakla\u015f\u0131k olarak 50 k\u00fcs\u00fcr y\u0131ld\u0131r savunulan, ortaya at\u0131lan ve ger\u00e7ekle\u015fmesi i\u00e7in halen faaliyet g\u00f6sterilen bir fikirdir. Yeni D\u00fcnya D\u00fczeni fikrini form\u00fcle eden isim ise Robert Strausz Hupe idi ve bu ki\u015fi Amerikan D\u0131\u015f Politika Ara\u015ft\u0131rmalar\u0131 Enstit\u00fcs\u00fc ba\u015fkanl\u0131\u011f\u0131n\u0131 y\u00fcr\u00fct\u00fcyordu.  Ayda bir kez gizli bir toplant\u0131 yap\u0131yor ve \u00e7ok \u00f6nemli misafirleri a\u011f\u0131rl\u0131yordu&#8230;Kimler mi onlar?David Rockefeller, Henry Kissenger, Zbigniev Brzezinski, Samuel Hungtington, Nick Rothschild ve di\u011ferleri&#8230; Hepsi CFR \u00fcyesi, hepsi ABD&#8217;nin d\u0131\u015f politikas\u0131 konusunda \u00f6nemli ki\u015filer ve hepsi Siyonist inanca sahip ABD&#8217;de ki Yahudi Lobisi&#8217;nin s\u0131k\u0131 destek\u00e7ileri&#8230;1940&#8217;l\u0131 y\u0131llardan bu yana ABD D\u0131\u015fi\u015fleri Bakanlar\u0131 sadece CFR \u00fcyelerinden se\u00e7ilir ki bu da ABD i\u00e7indeki Yahudi Lobisinin emri \u00fczeredir.Bug\u00fcn d\u00fcnyan\u0131n b\u00fcy\u00fck b\u00f6l\u00fcm\u00fc \u00fczerinde h\u00e2kim olan k\u00fcresel emperyalizmi dayatan yeg\u00e2ne g\u00fc\u00e7, \u00fclke h\u00fck\u00fcmetleri de\u011fil, uluslararas\u0131 \u015firketlerdir ki bu \u015firketlerin b\u00fcy\u00fck b\u00f6l\u00fcm\u00fcn\u00fc ise ne yaz\u0131k ki CFR, Bilderberg, Trilater Komisyon gibi \u00f6rg\u00fctlere \u00fcye olan elitler y\u00f6netir.<\/p>\n","protected":false},"excerpt":{"rendered":"<p>Yeni D\u00fcnya D\u00fczeni fikri yakla\u015f\u0131k olarak 50 k\u00fcs\u00fcr y\u0131ld\u0131r savunulan, ortaya at\u0131lan ve ger\u00e7ekle\u015fmesi i\u00e7in halen faaliyet g\u00f6sterilen bir fikirdir. Yeni D\u00fcnya D\u00fczeni fikrini form\u00fcle eden<span class=\"excerpt-hellip\"> [\u2026]<\/span><\/p>\n","protected":false},"featured_media":0,"template":"","meta":{"_monsterinsights_skip_tracking":false,"_monsterinsights_sitenote_active":false,"_monsterinsights_sitenote_note":"","_monsterinsights_sitenote_category":0},"product_brand":[],"product_cat":[12337],"product_tag":[],"class_list":{"0":"post-771779","1":"product","2":"type-product","3":"status-publish","5":"product_cat-politika-siyaset","6":"pa_cilt-ciltsiz","7":"pa_tur-kitap","8":"pa_yayinevi-eftalya-kitap","9":"pa_yazar-kursad-berkkan","11":"first","12":"instock","13":"sale","14":"shipping-taxable","15":"purchasable","16":"product-type-simple"},"_links":{"self":[{"href":"https:\/\/roveyayinevi.com.tr\/index.php\/wp-json\/wp\/v2\/product\/771779","targetHints":{"allow":["GET"]}}],"collection":[{"href":"https:\/\/roveyayinevi.com.tr\/index.php\/wp-json\/wp\/v2\/product"}],"about":[{"href":"https:\/\/roveyayinevi.com.tr\/index.php\/wp-json\/wp\/v2\/types\/product"}],"wp:attachment":[{"href":"https:\/\/roveyayinevi.com.tr\/index.php\/wp-json\/wp\/v2\/media?parent=771779"}],"wp:term":[{"taxonomy":"product_brand","embeddable":true,"href":"https:\/\/roveyayinevi.com.tr\/index.php\/wp-json\/wp\/v2\/product_brand?post=771779"},{"taxonomy":"product_cat","embeddable":true,"href":"https:\/\/roveyayinevi.com.tr\/index.php\/wp-json\/wp\/v2\/product_cat?post=771779"},{"taxonomy":"product_tag","embeddable":true,"href":"https:\/\/roveyayinevi.com.tr\/index.php\/wp-json\/wp\/v2\/product_tag?post=771779"}],"curies":[{"name":"wp","href":"https:\/\/api.w.org\/{rel}","templated":true}]}}