{"id":771778,"date":"2025-08-28T15:17:49","date_gmt":"2025-08-28T12:17:49","guid":{"rendered":"https:\/\/roveyayinevi.com.tr\/index.php\/urun\/limitsiz-yasam\/"},"modified":"2026-04-12T03:29:29","modified_gmt":"2026-04-12T00:29:29","slug":"limitsiz-yasam","status":"publish","type":"product","link":"https:\/\/roveyayinevi.com.tr\/index.php\/urun\/limitsiz-yasam\/","title":{"rendered":"Limitsiz Ya\u015fam"},"content":{"rendered":"<p>\u201cHayat\u0131mda s\u0131n\u0131rlara yer yok benim! Sizlerin de zorluklar kar\u015f\u0131s\u0131nda s\u0131n\u0131r tan\u0131madan cesurca ilerlemesini istiyorum. Kitab\u0131mda yapaca\u011f\u0131m\u0131z bu yolculu\u011fa ba\u015flamadan \u00f6nce \u015funu bilmenizi isterim; S\u0131n\u0131rlar\u0131 olmayan bir ya\u015fam i\u00e7in ne kola ihtiyac\u0131n\u0131z var, ne de baca\u011fa. \u0130htiyac\u0131n\u0131z olan tek \u015fey s\u0131n\u0131rlar\u0131 olmayan bir ak\u0131l&#8230;\u201dBir kolunuz olmasayd\u0131 di\u011feriyle idare edebilirdiniz, ya ikisi birden olmasayd\u0131?!Bir baca\u011f\u0131n\u0131z olmasayd\u0131 di\u011feriyle y\u00fcr\u00fcmeye \u00e7al\u0131\u015f\u0131rd\u0131n\u0131z, ya ikisi birden olmasayd\u0131?!Peki, ya bacaklar\u0131n\u0131z ve kollar\u0131n\u0131z tamam\u0131yla olmasayd\u0131 ne yapard\u0131n\u0131z?!Nick Vujicic, \u201cNe kola ne de baca\u011fa ihtiyac\u0131n var, yaln\u0131zca s\u0131n\u0131r kabul etmeyen bir ak\u0131l yeterlidir\u201d diyor.\u0130nsan hayat\u0131nda sorunlar ka\u00e7\u0131n\u0131lmaz olarak s\u00fcrekli var olacakt\u0131r. \u00d6nemli olan bizi s\u0131n\u0131rland\u0131ran hayat\u0131n dayatmalar\u0131na ra\u011fmen m\u00fccadele edebilmektir. Nick, bu m\u00fccadeleyi fiziksel s\u0131n\u0131rlar\u0131na ra\u011fmen nas\u0131l verdi\u011fini taktire \u015fayan bir ya\u015fam tarz\u0131yla g\u00f6zler \u00f6n\u00fcne seriyor.Fiziki imkans\u0131zl\u0131klara meydan okurcas\u0131na s\u00f6rf yapmak, golf oynamak ve y\u00fczmek gibi hobilere sahip olan yazar elinizdeki eserde ya\u015fam\u0131n s\u0131n\u0131rlara s\u0131\u011fmayacakkadar b\u00fcy\u00fck bir nimet olu\u011funu savunuyor. \u201cNas\u0131l olur da kollar\u0131 ve bacaklar\u0131 olmadan ya\u015f\u0131yor ve hayata b\u00f6ylesi bir tutkuyla ba\u011flanabiliyor?\u201d diyorsan\u0131z buyurun birlikte g\u00f6z atal\u0131m.<\/p>\n","protected":false},"excerpt":{"rendered":"<p>\u201cHayat\u0131mda s\u0131n\u0131rlara yer yok benim! Sizlerin de zorluklar kar\u015f\u0131s\u0131nda s\u0131n\u0131r tan\u0131madan cesurca ilerlemesini istiyorum. Kitab\u0131mda yapaca\u011f\u0131m\u0131z bu yolculu\u011fa ba\u015flamadan \u00f6nce \u015funu bilmenizi isterim; S\u0131n\u0131rlar\u0131 olmayan bir<span class=\"excerpt-hellip\"> [\u2026]<\/span><\/p>\n","protected":false},"featured_media":0,"template":"","meta":{"_monsterinsights_skip_tracking":false,"_monsterinsights_sitenote_active":false,"_monsterinsights_sitenote_note":"","_monsterinsights_sitenote_category":0},"product_brand":[],"product_cat":[12364,12376],"product_tag":[],"class_list":{"0":"post-771778","1":"product","2":"type-product","3":"status-publish","5":"product_cat-genel-konular","6":"product_cat-kisisel-gelisim","7":"pa_cilt-ciltsiz","8":"pa_tur-kitap","9":"pa_yayinevi-eftalya-kitap","10":"pa_yazar-nick-vujicic","12":"first","13":"instock","14":"sale","15":"shipping-taxable","16":"purchasable","17":"product-type-simple"},"_links":{"self":[{"href":"https:\/\/roveyayinevi.com.tr\/index.php\/wp-json\/wp\/v2\/product\/771778","targetHints":{"allow":["GET"]}}],"collection":[{"href":"https:\/\/roveyayinevi.com.tr\/index.php\/wp-json\/wp\/v2\/product"}],"about":[{"href":"https:\/\/roveyayinevi.com.tr\/index.php\/wp-json\/wp\/v2\/types\/product"}],"wp:attachment":[{"href":"https:\/\/roveyayinevi.com.tr\/index.php\/wp-json\/wp\/v2\/media?parent=771778"}],"wp:term":[{"taxonomy":"product_brand","embeddable":true,"href":"https:\/\/roveyayinevi.com.tr\/index.php\/wp-json\/wp\/v2\/product_brand?post=771778"},{"taxonomy":"product_cat","embeddable":true,"href":"https:\/\/roveyayinevi.com.tr\/index.php\/wp-json\/wp\/v2\/product_cat?post=771778"},{"taxonomy":"product_tag","embeddable":true,"href":"https:\/\/roveyayinevi.com.tr\/index.php\/wp-json\/wp\/v2\/product_tag?post=771778"}],"curies":[{"name":"wp","href":"https:\/\/api.w.org\/{rel}","templated":true}]}}