{"id":771777,"date":"2025-08-28T15:17:48","date_gmt":"2025-08-28T12:17:48","guid":{"rendered":"https:\/\/roveyayinevi.com.tr\/index.php\/urun\/turkce-dualar\/"},"modified":"2026-04-15T03:38:14","modified_gmt":"2026-04-15T00:38:14","slug":"turkce-dualar","status":"publish","type":"product","link":"https:\/\/roveyayinevi.com.tr\/index.php\/urun\/turkce-dualar\/","title":{"rendered":"T\u00fcrk\u00e7e Dualar"},"content":{"rendered":"<p>\u015eayet kullar\u0131m, sana benden sordularsa, ger\u00e7ekten ben \u00e7ok yak\u0131n\u0131md\u0131r. Bana dua edince, duac\u0131n\u0131n duas\u0131n\u0131 kabul ederim. O halde onlar da benim davetime ko\u015fsunlar ve bana hakk\u0131yla iman etsinler ki, do\u011fru yola gidebilsinler.Bakara S\u00fbresi, 186&#8243;\u015e\u00fcphesiz ki Allah, \u0131srarla dua edenleri sever. Hz. Muhammed(s.a.s)&#8217;in \u00e7ok okudu\u011fu dua. Y\u00fcz kere okununca korkular\u0131 bitiren dua. Namazda okunacak dualar. Sofra duas\u0131. Cenaze duas\u0131. Tene\u015fir duas\u0131. \u0130ftarda yap\u0131lacak dua. Lokma duas\u0131. Bor\u00e7lardan ve s\u0131k\u0131nt\u0131lardan kurtulu\u015f duas\u0131. Memnun ve raz\u0131 olmak ve cennete girmek i\u00e7in dua.<\/p>\n","protected":false},"excerpt":{"rendered":"<p>\u015eayet kullar\u0131m, sana benden sordularsa, ger\u00e7ekten ben \u00e7ok yak\u0131n\u0131md\u0131r. Bana dua edince, duac\u0131n\u0131n duas\u0131n\u0131 kabul ederim. O halde onlar da benim davetime ko\u015fsunlar ve bana hakk\u0131yla<span class=\"excerpt-hellip\"> [\u2026]<\/span><\/p>\n","protected":false},"featured_media":0,"template":"","meta":{"_monsterinsights_skip_tracking":false,"_monsterinsights_sitenote_active":false,"_monsterinsights_sitenote_note":"","_monsterinsights_sitenote_category":0},"product_brand":[],"product_cat":[12718,12719],"product_tag":[],"class_list":{"0":"post-771777","1":"product","2":"type-product","3":"status-publish","5":"product_cat-din","6":"product_cat-islam","7":"pa_cilt-ciltsiz","8":"pa_tur-kitap","9":"pa_yayinevi-yediveren-yayinlari","10":"pa_yazar-harun-bayrak","12":"first","13":"instock","14":"sale","15":"shipping-taxable","16":"purchasable","17":"product-type-simple"},"_links":{"self":[{"href":"https:\/\/roveyayinevi.com.tr\/index.php\/wp-json\/wp\/v2\/product\/771777","targetHints":{"allow":["GET"]}}],"collection":[{"href":"https:\/\/roveyayinevi.com.tr\/index.php\/wp-json\/wp\/v2\/product"}],"about":[{"href":"https:\/\/roveyayinevi.com.tr\/index.php\/wp-json\/wp\/v2\/types\/product"}],"wp:attachment":[{"href":"https:\/\/roveyayinevi.com.tr\/index.php\/wp-json\/wp\/v2\/media?parent=771777"}],"wp:term":[{"taxonomy":"product_brand","embeddable":true,"href":"https:\/\/roveyayinevi.com.tr\/index.php\/wp-json\/wp\/v2\/product_brand?post=771777"},{"taxonomy":"product_cat","embeddable":true,"href":"https:\/\/roveyayinevi.com.tr\/index.php\/wp-json\/wp\/v2\/product_cat?post=771777"},{"taxonomy":"product_tag","embeddable":true,"href":"https:\/\/roveyayinevi.com.tr\/index.php\/wp-json\/wp\/v2\/product_tag?post=771777"}],"curies":[{"name":"wp","href":"https:\/\/api.w.org\/{rel}","templated":true}]}}