{"id":771776,"date":"2025-08-28T15:17:46","date_gmt":"2025-08-28T12:17:46","guid":{"rendered":"https:\/\/roveyayinevi.com.tr\/index.php\/urun\/erkegini-ilahlastiran-kadinlar\/"},"modified":"2026-04-15T03:38:14","modified_gmt":"2026-04-15T00:38:14","slug":"erkegini-ilahlastiran-kadinlar","status":"publish","type":"product","link":"https:\/\/roveyayinevi.com.tr\/index.php\/urun\/erkegini-ilahlastiran-kadinlar\/","title":{"rendered":"Erke\u011fini \u0130lahla\u015ft\u0131ran Kad\u0131nlar"},"content":{"rendered":"<p>Tanr\u0131 alg\u0131lamas\u0131 bozulmu\u015f toplumlarda hi\u00e7bir \u015fey d\u00fczg\u00fcn gitmez! \u0130nsano\u011flu, kendisini en \u00e7ok etkileyen \u015feyi o kadar kolay y\u00fcceltiyor ki! Tanr\u0131la\u015ft\u0131r\u0131yor adeta! Mal\u0131n\u0131, m\u00fclk\u00fcn\u00fc, servetini, mevkiini, makam\u0131n\u0131.. Bir lideri.. Hatta devleti! Duygular\u0131n en yo\u011fun ya\u015fand\u0131\u011f\u0131 zamanlarda, kar\u015f\u0131 cinsi \u00d6zellikle de, kad\u0131nlar e\u015flerini b\u00fct\u00fcn bir \u00f6m\u00fcr sahte tanr\u0131lara heba ediliyor gibi!Kad\u0131n\u0131 a\u015fa\u011f\u0131layan k\u00fclt\u00fcr ve inan\u00e7lar zemininde, erke\u011fin y\u00fcceltilmesi de b\u00f6yle bir problem. Bu problemin ortaya \u00e7\u0131kard\u0131\u011f\u0131 mutsuz kad\u0131nlar o kadar \u00e7ok ki!Bu mutsuz kad\u0131nlar\u0131n sessizliklerine birazda olsa kulak verelim<\/p>\n","protected":false},"excerpt":{"rendered":"<p>Tanr\u0131 alg\u0131lamas\u0131 bozulmu\u015f toplumlarda hi\u00e7bir \u015fey d\u00fczg\u00fcn gitmez! \u0130nsano\u011flu, kendisini en \u00e7ok etkileyen \u015feyi o kadar kolay y\u00fcceltiyor ki! Tanr\u0131la\u015ft\u0131r\u0131yor adeta! Mal\u0131n\u0131, m\u00fclk\u00fcn\u00fc, servetini, mevkiini, makam\u0131n\u0131..<span class=\"excerpt-hellip\"> [\u2026]<\/span><\/p>\n","protected":false},"featured_media":0,"template":"","meta":{"_monsterinsights_skip_tracking":false,"_monsterinsights_sitenote_active":false,"_monsterinsights_sitenote_note":"","_monsterinsights_sitenote_category":0},"product_brand":[],"product_cat":[26396,13488],"product_tag":[],"class_list":{"0":"post-771776","1":"product","2":"type-product","3":"status-publish","5":"product_cat-kadin-erkek-iliskileri","6":"product_cat-toplum-ve-insan","7":"pa_cilt-ciltsiz","8":"pa_tur-kitap","9":"pa_yayinevi-yediveren-yayinlari","10":"pa_yazar-hamdi-kalyoncu","12":"first","13":"instock","14":"sale","15":"shipping-taxable","16":"purchasable","17":"product-type-simple"},"_links":{"self":[{"href":"https:\/\/roveyayinevi.com.tr\/index.php\/wp-json\/wp\/v2\/product\/771776","targetHints":{"allow":["GET"]}}],"collection":[{"href":"https:\/\/roveyayinevi.com.tr\/index.php\/wp-json\/wp\/v2\/product"}],"about":[{"href":"https:\/\/roveyayinevi.com.tr\/index.php\/wp-json\/wp\/v2\/types\/product"}],"wp:attachment":[{"href":"https:\/\/roveyayinevi.com.tr\/index.php\/wp-json\/wp\/v2\/media?parent=771776"}],"wp:term":[{"taxonomy":"product_brand","embeddable":true,"href":"https:\/\/roveyayinevi.com.tr\/index.php\/wp-json\/wp\/v2\/product_brand?post=771776"},{"taxonomy":"product_cat","embeddable":true,"href":"https:\/\/roveyayinevi.com.tr\/index.php\/wp-json\/wp\/v2\/product_cat?post=771776"},{"taxonomy":"product_tag","embeddable":true,"href":"https:\/\/roveyayinevi.com.tr\/index.php\/wp-json\/wp\/v2\/product_tag?post=771776"}],"curies":[{"name":"wp","href":"https:\/\/api.w.org\/{rel}","templated":true}]}}