{"id":771775,"date":"2025-08-28T15:17:44","date_gmt":"2025-08-28T12:17:44","guid":{"rendered":"https:\/\/roveyayinevi.com.tr\/index.php\/urun\/akame-keser-7\/"},"modified":"2026-04-15T03:38:14","modified_gmt":"2026-04-15T00:38:14","slug":"akame-keser-7","status":"publish","type":"product","link":"https:\/\/roveyayinevi.com.tr\/index.php\/urun\/akame-keser-7\/","title":{"rendered":"Akame Keser 7"},"content":{"rendered":"<p>GECE AKINCILARI VE JEAGERS\u2019IN \u0130MPARATORLUK S\u0130LAHLARI\u2019NI KULLANDI\u011eI SAVA\u015e BA\u015eLAR.   AKAME VE KUROME\u2019N\u0130N KAR\u015eI KAR\u015eIYA GELMES\u0130YLE YEN\u0130 S\u0130LAHLARIN YETENE\u011e\u0130   A\u00c7I\u011eA \u00c7IKAR.   B\u0130R\u00c7OK HAYAT KAYBOLUP G\u0130DER&#8230;   SU\u0130KAST\u00c7ILARIN KADER\u0130N\u0130N ACIMASIZ B\u0130R TASV\u0130R\u0130 OLAN TAKAH\u0130RO\u2019NUN   KARANLIK KURGUSU, YED\u0130NC\u0130 C\u0130LD\u0130YLE KAR\u015eINIZDA.<\/p>\n","protected":false},"excerpt":{"rendered":"<p>GECE AKINCILARI VE JEAGERS\u2019IN \u0130MPARATORLUK S\u0130LAHLARI\u2019NI KULLANDI\u011eI SAVA\u015e BA\u015eLAR. AKAME VE KUROME\u2019N\u0130N KAR\u015eI KAR\u015eIYA GELMES\u0130YLE YEN\u0130 S\u0130LAHLARIN YETENE\u011e\u0130 A\u00c7I\u011eA \u00c7IKAR. B\u0130R\u00c7OK HAYAT KAYBOLUP G\u0130DER&#8230; SU\u0130KAST\u00c7ILARIN KADER\u0130N\u0130N<span class=\"excerpt-hellip\"> [\u2026]<\/span><\/p>\n","protected":false},"featured_media":0,"template":"","meta":{"_monsterinsights_skip_tracking":false,"_monsterinsights_sitenote_active":false,"_monsterinsights_sitenote_note":"","_monsterinsights_sitenote_category":0},"product_brand":[],"product_cat":[12416,12291],"product_tag":[],"class_list":{"0":"post-771775","1":"product","2":"type-product","3":"status-publish","5":"product_cat-cizgi-roman","6":"product_cat-edebiyat","7":"pa_cilt-ciltsiz","8":"pa_tur-kitap","9":"pa_yayinevi-athica-yayinlari","10":"pa_yazar-takahiro","12":"first","13":"instock","14":"sale","15":"shipping-taxable","16":"purchasable","17":"product-type-simple"},"_links":{"self":[{"href":"https:\/\/roveyayinevi.com.tr\/index.php\/wp-json\/wp\/v2\/product\/771775","targetHints":{"allow":["GET"]}}],"collection":[{"href":"https:\/\/roveyayinevi.com.tr\/index.php\/wp-json\/wp\/v2\/product"}],"about":[{"href":"https:\/\/roveyayinevi.com.tr\/index.php\/wp-json\/wp\/v2\/types\/product"}],"wp:attachment":[{"href":"https:\/\/roveyayinevi.com.tr\/index.php\/wp-json\/wp\/v2\/media?parent=771775"}],"wp:term":[{"taxonomy":"product_brand","embeddable":true,"href":"https:\/\/roveyayinevi.com.tr\/index.php\/wp-json\/wp\/v2\/product_brand?post=771775"},{"taxonomy":"product_cat","embeddable":true,"href":"https:\/\/roveyayinevi.com.tr\/index.php\/wp-json\/wp\/v2\/product_cat?post=771775"},{"taxonomy":"product_tag","embeddable":true,"href":"https:\/\/roveyayinevi.com.tr\/index.php\/wp-json\/wp\/v2\/product_tag?post=771775"}],"curies":[{"name":"wp","href":"https:\/\/api.w.org\/{rel}","templated":true}]}}