{"id":771772,"date":"2025-08-28T15:17:37","date_gmt":"2025-08-28T12:17:37","guid":{"rendered":"https:\/\/roveyayinevi.com.tr\/index.php\/urun\/golge-adam\/"},"modified":"2026-04-15T03:38:14","modified_gmt":"2026-04-15T00:38:14","slug":"golge-adam","status":"publish","type":"product","link":"https:\/\/roveyayinevi.com.tr\/index.php\/urun\/golge-adam\/","title":{"rendered":"G\u00f6lge Adam"},"content":{"rendered":"<p>KORKUN\u00c7 C\u0130NAYETLER \u0130\u015eLEN\u0130YORDU&#8230; \u0130ngiltere&#8217;nin d\u00f6rt bir yan\u0131ndan bir dizi cinayet haberi geliyordu. Hepsinin y\u00f6ntemi farkl\u0131 olsa da her biri deh\u015fet verici ve ac\u0131mas\u0131zd\u0131.FAKAT KAT\u0130L DAHA YEN\u0130 BA\u015eLAMI\u015eTI. Jess Ambrose, evi ate\u015fe verildi\u011finde kendini koca bir soru\u015fturman\u0131n ortas\u0131nda buluverdi. Kocas\u0131 \u00f6lm\u00fc\u015f ve polis onu ararken, o ka\u00e7may\u0131 tercih etti. Tek umudu, onun masum oldu\u011funa inanan tek ki\u015fi olan, g\u00f6revden uzakla\u015ft\u0131r\u0131lm\u0131\u015f dedektif Nate Griffin&#8217;di.VE D\u00dcNYAYI DEH\u015eETE D\u00dc\u015e\u00dcRECEKT\u0130&#8230; \u00c7ok ge\u00e7meden Jess ve Griffin akla hayale gelmeyecek bir \u015fey ke\u015ffettiler; bu katil, cinayetlerini d\u00fcnyan\u0131n en me\u015fhur seri katillerini taklit ederek i\u015fliyordu. Ama art\u0131k taklit etmek ona yetmiyordu. Bas\u0131n\u0131n G\u00f6lge Adam ad\u0131n\u0131 takt\u0131\u011f\u0131 katil, kendi \u015faheserini yaratmaya haz\u0131rd\u0131 ve bu daha \u00f6nce g\u00f6r\u00fclm\u00fc\u015f her \u015feyden daha korkun\u00e7 olacakt\u0131&#8230;<\/p>\n","protected":false},"excerpt":{"rendered":"<p>KORKUN\u00c7 C\u0130NAYETLER \u0130\u015eLEN\u0130YORDU&#8230; \u0130ngiltere&#8217;nin d\u00f6rt bir yan\u0131ndan bir dizi cinayet haberi geliyordu. Hepsinin y\u00f6ntemi farkl\u0131 olsa da her biri deh\u015fet verici ve ac\u0131mas\u0131zd\u0131.FAKAT KAT\u0130L DAHA YEN\u0130<span class=\"excerpt-hellip\"> [\u2026]<\/span><\/p>\n","protected":false},"featured_media":0,"template":"","meta":{"_monsterinsights_skip_tracking":false,"_monsterinsights_sitenote_active":false,"_monsterinsights_sitenote_note":"","_monsterinsights_sitenote_category":0},"product_brand":[],"product_cat":[12291,12711],"product_tag":[],"class_list":{"0":"post-771772","1":"product","2":"type-product","3":"status-publish","5":"product_cat-edebiyat","6":"product_cat-roman-oyku","7":"pa_cilt-ciltsiz","8":"pa_tur-kitap","9":"pa_yayinevi-yediveren-yayinlari","10":"pa_yazar-sam-holland","12":"first","13":"instock","14":"sale","15":"shipping-taxable","16":"purchasable","17":"product-type-simple"},"_links":{"self":[{"href":"https:\/\/roveyayinevi.com.tr\/index.php\/wp-json\/wp\/v2\/product\/771772","targetHints":{"allow":["GET"]}}],"collection":[{"href":"https:\/\/roveyayinevi.com.tr\/index.php\/wp-json\/wp\/v2\/product"}],"about":[{"href":"https:\/\/roveyayinevi.com.tr\/index.php\/wp-json\/wp\/v2\/types\/product"}],"wp:attachment":[{"href":"https:\/\/roveyayinevi.com.tr\/index.php\/wp-json\/wp\/v2\/media?parent=771772"}],"wp:term":[{"taxonomy":"product_brand","embeddable":true,"href":"https:\/\/roveyayinevi.com.tr\/index.php\/wp-json\/wp\/v2\/product_brand?post=771772"},{"taxonomy":"product_cat","embeddable":true,"href":"https:\/\/roveyayinevi.com.tr\/index.php\/wp-json\/wp\/v2\/product_cat?post=771772"},{"taxonomy":"product_tag","embeddable":true,"href":"https:\/\/roveyayinevi.com.tr\/index.php\/wp-json\/wp\/v2\/product_tag?post=771772"}],"curies":[{"name":"wp","href":"https:\/\/api.w.org\/{rel}","templated":true}]}}