{"id":771768,"date":"2025-08-28T15:17:31","date_gmt":"2025-08-28T12:17:31","guid":{"rendered":"https:\/\/roveyayinevi.com.tr\/index.php\/urun\/komplo-teorileri-2\/"},"modified":"2026-04-15T03:38:14","modified_gmt":"2026-04-15T00:38:14","slug":"komplo-teorileri-2","status":"publish","type":"product","link":"https:\/\/roveyayinevi.com.tr\/index.php\/urun\/komplo-teorileri-2\/","title":{"rendered":"Komplo Teorileri"},"content":{"rendered":"<p>S\u0130Z\u0130 UYARIYORUM!Bu kitab\u0131n amac\u0131 akl\u0131n\u0131z\u0131 birbirinden girift komplo teorileriyle buland\u0131r\u0131p deh\u015fete d\u00fc\u015f\u00fcrmek de\u011fil. Ben sadece \u00fcnl\u00fc komplolar\u0131n orijin hik\u00e2yelerini anlatmak istiyorum \u00e7\u00fcnk\u00fc sand\u0131\u011f\u0131n\u0131z\u0131n aksine bir\u00e7o\u011funun kayna\u011f\u0131 bilimsel bir kan\u0131ta ya da \u00e7al\u0131\u015fmaya dayanm\u0131yor. Az\u0131c\u0131k derine kazmaya ba\u015flad\u0131\u011f\u0131n\u0131zda kar\u015f\u0131n\u0131za ya eski bir bilim kurgu \u00f6yk\u00fcs\u00fc ya da ilgi \u00e7ekmek isteyen bir gazetecinin veyahut \u015fizofreninin s\u0131n\u0131rlar\u0131nda gezen sahte bir peygamberin yalanlar\u0131 \u00e7\u0131k\u0131yor. \u0130\u015fte bu kitapta sizlere 51. B\u00f6lge\u2019den d\u00fcz d\u00fcnyaya; piramitlerden Reptilianlara \u00fcnl\u00fc teorilerin asl\u0131nda nereden do\u011fdu\u011funu ve nas\u0131l yay\u0131l\u0131p \u00e7arp\u0131t\u0131ld\u0131\u011f\u0131n\u0131 g\u00f6stermek i\u00e7in elimde geleni yapt\u0131m. Milyonlar\u0131n inand\u0131\u011f\u0131 hik\u00e2yelerin do\u011fdu\u011fu kaynaklar\u0131 g\u00f6rd\u00fc\u011f\u00fcn\u00fczde neler d\u00fc\u015f\u00fcnece\u011finizi ger\u00e7ekten de \u00e7ok merak ediyorum. \u0130Y\u0130 E\u011eLENCELER \ud83d\ude42<\/p>\n","protected":false},"excerpt":{"rendered":"<p>S\u0130Z\u0130 UYARIYORUM!Bu kitab\u0131n amac\u0131 akl\u0131n\u0131z\u0131 birbirinden girift komplo teorileriyle buland\u0131r\u0131p deh\u015fete d\u00fc\u015f\u00fcrmek de\u011fil. Ben sadece \u00fcnl\u00fc komplolar\u0131n orijin hik\u00e2yelerini anlatmak istiyorum \u00e7\u00fcnk\u00fc sand\u0131\u011f\u0131n\u0131z\u0131n aksine bir\u00e7o\u011funun kayna\u011f\u0131<span class=\"excerpt-hellip\"> [\u2026]<\/span><\/p>\n","protected":false},"featured_media":0,"template":"","meta":{"_monsterinsights_skip_tracking":false,"_monsterinsights_sitenote_active":false,"_monsterinsights_sitenote_note":"","_monsterinsights_sitenote_category":0},"product_brand":[],"product_cat":[13005,13006],"product_tag":[],"class_list":{"0":"post-771768","1":"product","2":"type-product","3":"status-publish","5":"product_cat-bilim-muhendislik","6":"product_cat-populer-bilim","7":"pa_cilt-ciltsiz","8":"pa_tur-kitap","9":"pa_yayinevi-yediveren-yayinlari","10":"pa_yazar-ayhan-tarakci","12":"first","13":"instock","14":"sale","15":"shipping-taxable","16":"purchasable","17":"product-type-simple"},"_links":{"self":[{"href":"https:\/\/roveyayinevi.com.tr\/index.php\/wp-json\/wp\/v2\/product\/771768","targetHints":{"allow":["GET"]}}],"collection":[{"href":"https:\/\/roveyayinevi.com.tr\/index.php\/wp-json\/wp\/v2\/product"}],"about":[{"href":"https:\/\/roveyayinevi.com.tr\/index.php\/wp-json\/wp\/v2\/types\/product"}],"wp:attachment":[{"href":"https:\/\/roveyayinevi.com.tr\/index.php\/wp-json\/wp\/v2\/media?parent=771768"}],"wp:term":[{"taxonomy":"product_brand","embeddable":true,"href":"https:\/\/roveyayinevi.com.tr\/index.php\/wp-json\/wp\/v2\/product_brand?post=771768"},{"taxonomy":"product_cat","embeddable":true,"href":"https:\/\/roveyayinevi.com.tr\/index.php\/wp-json\/wp\/v2\/product_cat?post=771768"},{"taxonomy":"product_tag","embeddable":true,"href":"https:\/\/roveyayinevi.com.tr\/index.php\/wp-json\/wp\/v2\/product_tag?post=771768"}],"curies":[{"name":"wp","href":"https:\/\/api.w.org\/{rel}","templated":true}]}}