{"id":771767,"date":"2025-08-28T15:17:28","date_gmt":"2025-08-28T12:17:28","guid":{"rendered":"https:\/\/roveyayinevi.com.tr\/index.php\/urun\/tarladan-turneye\/"},"modified":"2026-04-15T03:38:14","modified_gmt":"2026-04-15T00:38:14","slug":"tarladan-turneye","status":"publish","type":"product","link":"https:\/\/roveyayinevi.com.tr\/index.php\/urun\/tarladan-turneye\/","title":{"rendered":"Tarladan Turneye"},"content":{"rendered":"<p>\u201cOnun hayalleri yedi ya\u015f\u0131nda t\u00fct\u00fcn tarlas\u0131nda, t\u00fct\u00fcn k\u0131rarken ba\u015flad\u0131. \u00d6nce m\u0131s\u0131r s\u00f6meklerinden kendine mikrofon yapt\u0131, sonra hayalindeki \u0131\u015f\u0131kl\u0131 yolun ta\u015flar\u0131n\u0131 tek tek d\u00f6\u015femeye ba\u015flad\u0131. O yol, Tarladan Turneye gidiyordu.\u201d \u00c7ocukluk hayallerini, ger\u00e7e\u011fe d\u00f6n\u00fc\u015fen bir ya\u015fam\u0131n simgesi h\u00e2line getiren \u0130brahim Ko\u00e7, kar\u015f\u0131la\u015ft\u0131\u011f\u0131 t\u00fcm zorluklara ra\u011fmen vazge\u00e7medi. Siz de okudu\u011funuz her sayfada hayallerinizi takip ederek s\u0131n\u0131rlar\u0131 a\u015fabilece\u011finizi ve kendi y\u0131ld\u0131zlar\u0131n\u0131za do\u011fru ilerleyebilece\u011finizi fark edeceksiniz.<\/p>\n","protected":false},"excerpt":{"rendered":"<p>\u201cOnun hayalleri yedi ya\u015f\u0131nda t\u00fct\u00fcn tarlas\u0131nda, t\u00fct\u00fcn k\u0131rarken ba\u015flad\u0131. \u00d6nce m\u0131s\u0131r s\u00f6meklerinden kendine mikrofon yapt\u0131, sonra hayalindeki \u0131\u015f\u0131kl\u0131 yolun ta\u015flar\u0131n\u0131 tek tek d\u00f6\u015femeye ba\u015flad\u0131. O yol,<span class=\"excerpt-hellip\"> [\u2026]<\/span><\/p>\n","protected":false},"featured_media":0,"template":"","meta":{"_monsterinsights_skip_tracking":false,"_monsterinsights_sitenote_active":false,"_monsterinsights_sitenote_note":"","_monsterinsights_sitenote_category":0},"product_brand":[],"product_cat":[14009,12291],"product_tag":[],"class_list":{"0":"post-771767","1":"product","2":"type-product","3":"status-publish","5":"product_cat-biyografi-otobiyografi-edebiyat","6":"product_cat-edebiyat","7":"pa_cilt-ciltsiz","8":"pa_tur-kitap","9":"pa_yayinevi-yediveren-yayinlari","10":"pa_yazar-ibrahim-koc","12":"first","13":"instock","14":"sale","15":"shipping-taxable","16":"purchasable","17":"product-type-simple"},"_links":{"self":[{"href":"https:\/\/roveyayinevi.com.tr\/index.php\/wp-json\/wp\/v2\/product\/771767","targetHints":{"allow":["GET"]}}],"collection":[{"href":"https:\/\/roveyayinevi.com.tr\/index.php\/wp-json\/wp\/v2\/product"}],"about":[{"href":"https:\/\/roveyayinevi.com.tr\/index.php\/wp-json\/wp\/v2\/types\/product"}],"wp:attachment":[{"href":"https:\/\/roveyayinevi.com.tr\/index.php\/wp-json\/wp\/v2\/media?parent=771767"}],"wp:term":[{"taxonomy":"product_brand","embeddable":true,"href":"https:\/\/roveyayinevi.com.tr\/index.php\/wp-json\/wp\/v2\/product_brand?post=771767"},{"taxonomy":"product_cat","embeddable":true,"href":"https:\/\/roveyayinevi.com.tr\/index.php\/wp-json\/wp\/v2\/product_cat?post=771767"},{"taxonomy":"product_tag","embeddable":true,"href":"https:\/\/roveyayinevi.com.tr\/index.php\/wp-json\/wp\/v2\/product_tag?post=771767"}],"curies":[{"name":"wp","href":"https:\/\/api.w.org\/{rel}","templated":true}]}}