{"id":771765,"date":"2025-08-28T15:17:25","date_gmt":"2025-08-28T12:17:25","guid":{"rendered":"https:\/\/roveyayinevi.com.tr\/index.php\/urun\/milli-mucadele\/"},"modified":"2026-04-15T03:38:14","modified_gmt":"2026-04-15T00:38:14","slug":"milli-mucadele","status":"publish","type":"product","link":"https:\/\/roveyayinevi.com.tr\/index.php\/urun\/milli-mucadele\/","title":{"rendered":"Milli M\u00fccadele"},"content":{"rendered":"<p>Tarihin en karanl\u0131k d\u00f6nemlerinden birinde, bir milletin umudu t\u00fckenmi\u015f gibi g\u00f6r\u00fcn\u00fcrken, cesur y\u00fcrekler ve kararl\u0131 iradeler ortaya \u00e7\u0131kt\u0131. Mustafa Kemal Atat\u00fcrk&#8217;\u00fcn \u00f6nderli\u011finde, Anadolu&#8217;nun d\u00f6rt bir yan\u0131ndan gelen yi\u011fitlerin destans\u0131 m\u00fccadelesi, emperyalist g\u00fc\u00e7lere kar\u015f\u0131 direni\u015fin ve ba\u011f\u0131ms\u0131zl\u0131k tutkusunun simgesi haline geldi.  Kurtulu\u015f sava\u015f\u0131n\u0131n k\u0131v\u0131lc\u0131m\u0131n\u0131 yakarak alev alev yanan, d\u00fc\u015fman\u0131 korkuya bo\u011fan ve nihayetinde zaferi kazanan bu kahramanlar\u0131n hayat hik\u00e2yeleri, unutulmaz bir destan\u0131n par\u00e7alar\u0131n\u0131 olu\u015fturuyor. Elinizdeki bu kitap, gen\u00e7 nesillerin tarihlerini ve miraslar\u0131n\u0131 daha iyi anlamalar\u0131n\u0131 sa\u011flayan bir rehberdir. Cesaretin, fedak\u00e2rl\u0131\u011f\u0131n ve milli birli\u011fin ne anlama geldi\u011fini g\u00f6steren kahramanlar, \u015f\u00fcphesiz sadece tarih sayfalar\u0131nda de\u011fil, kalbimizde de sonsuza kadar ya\u015fayacaklar.<\/p>\n","protected":false},"excerpt":{"rendered":"<p>Tarihin en karanl\u0131k d\u00f6nemlerinden birinde, bir milletin umudu t\u00fckenmi\u015f gibi g\u00f6r\u00fcn\u00fcrken, cesur y\u00fcrekler ve kararl\u0131 iradeler ortaya \u00e7\u0131kt\u0131. Mustafa Kemal Atat\u00fcrk&#8217;\u00fcn \u00f6nderli\u011finde, Anadolu&#8217;nun d\u00f6rt bir yan\u0131ndan<span class=\"excerpt-hellip\"> [\u2026]<\/span><\/p>\n","protected":false},"featured_media":0,"template":"","meta":{"_monsterinsights_skip_tracking":false,"_monsterinsights_sitenote_active":false,"_monsterinsights_sitenote_note":"","_monsterinsights_sitenote_category":0},"product_brand":[],"product_cat":[12370,12304],"product_tag":[],"class_list":{"0":"post-771765","1":"product","2":"type-product","3":"status-publish","5":"product_cat-arastirma-inceleme","6":"product_cat-tarih","7":"pa_cilt-ciltsiz","8":"pa_tur-kitap","9":"pa_yayinevi-yediveren-yayinlari","10":"pa_yazar-mevlut-yuksel","12":"first","13":"instock","14":"sale","15":"shipping-taxable","16":"purchasable","17":"product-type-simple"},"_links":{"self":[{"href":"https:\/\/roveyayinevi.com.tr\/index.php\/wp-json\/wp\/v2\/product\/771765","targetHints":{"allow":["GET"]}}],"collection":[{"href":"https:\/\/roveyayinevi.com.tr\/index.php\/wp-json\/wp\/v2\/product"}],"about":[{"href":"https:\/\/roveyayinevi.com.tr\/index.php\/wp-json\/wp\/v2\/types\/product"}],"wp:attachment":[{"href":"https:\/\/roveyayinevi.com.tr\/index.php\/wp-json\/wp\/v2\/media?parent=771765"}],"wp:term":[{"taxonomy":"product_brand","embeddable":true,"href":"https:\/\/roveyayinevi.com.tr\/index.php\/wp-json\/wp\/v2\/product_brand?post=771765"},{"taxonomy":"product_cat","embeddable":true,"href":"https:\/\/roveyayinevi.com.tr\/index.php\/wp-json\/wp\/v2\/product_cat?post=771765"},{"taxonomy":"product_tag","embeddable":true,"href":"https:\/\/roveyayinevi.com.tr\/index.php\/wp-json\/wp\/v2\/product_tag?post=771765"}],"curies":[{"name":"wp","href":"https:\/\/api.w.org\/{rel}","templated":true}]}}