{"id":771764,"date":"2025-08-28T15:17:23","date_gmt":"2025-08-28T12:17:23","guid":{"rendered":"https:\/\/roveyayinevi.com.tr\/index.php\/urun\/bu-hayatimda-aile-reisi-olacagim-3\/"},"modified":"2026-04-15T03:38:14","modified_gmt":"2026-04-15T00:38:14","slug":"bu-hayatimda-aile-reisi-olacagim-3","status":"publish","type":"product","link":"https:\/\/roveyayinevi.com.tr\/index.php\/urun\/bu-hayatimda-aile-reisi-olacagim-3\/","title":{"rendered":"Bu Hayat\u0131mda Aile Reisi Olaca\u011f\u0131m 3"},"content":{"rendered":"<p>Sizden bir ricam var.    &#8221;L\u00dcTFEN&#8230; \u201cS\u0130Z\u0130N   ADAMINIZ\u201d OLMAMA   \u0130Z\u0130N VER\u0130N. &#8221; <\/p>\n","protected":false},"excerpt":{"rendered":"<p>Sizden bir ricam var. &#8221;L\u00dcTFEN&#8230; \u201cS\u0130Z\u0130N ADAMINIZ\u201d OLMAMA \u0130Z\u0130N VER\u0130N. &#8221;<\/p>\n","protected":false},"featured_media":0,"template":"","meta":{"_monsterinsights_skip_tracking":false,"_monsterinsights_sitenote_active":false,"_monsterinsights_sitenote_note":"","_monsterinsights_sitenote_category":0},"product_brand":[],"product_cat":[12416,12291],"product_tag":[],"class_list":{"0":"post-771764","1":"product","2":"type-product","3":"status-publish","5":"product_cat-cizgi-roman","6":"product_cat-edebiyat","7":"pa_cilt-ciltsiz","8":"pa_tur-kitap","9":"pa_yayinevi-athica-yayinlari","10":"pa_yazar-roah-kim","12":"first","13":"instock","14":"sale","15":"shipping-taxable","16":"purchasable","17":"product-type-simple"},"_links":{"self":[{"href":"https:\/\/roveyayinevi.com.tr\/index.php\/wp-json\/wp\/v2\/product\/771764","targetHints":{"allow":["GET"]}}],"collection":[{"href":"https:\/\/roveyayinevi.com.tr\/index.php\/wp-json\/wp\/v2\/product"}],"about":[{"href":"https:\/\/roveyayinevi.com.tr\/index.php\/wp-json\/wp\/v2\/types\/product"}],"wp:attachment":[{"href":"https:\/\/roveyayinevi.com.tr\/index.php\/wp-json\/wp\/v2\/media?parent=771764"}],"wp:term":[{"taxonomy":"product_brand","embeddable":true,"href":"https:\/\/roveyayinevi.com.tr\/index.php\/wp-json\/wp\/v2\/product_brand?post=771764"},{"taxonomy":"product_cat","embeddable":true,"href":"https:\/\/roveyayinevi.com.tr\/index.php\/wp-json\/wp\/v2\/product_cat?post=771764"},{"taxonomy":"product_tag","embeddable":true,"href":"https:\/\/roveyayinevi.com.tr\/index.php\/wp-json\/wp\/v2\/product_tag?post=771764"}],"curies":[{"name":"wp","href":"https:\/\/api.w.org\/{rel}","templated":true}]}}