{"id":771762,"date":"2025-08-28T15:17:19","date_gmt":"2025-08-28T12:17:19","guid":{"rendered":"https:\/\/roveyayinevi.com.tr\/index.php\/urun\/mutluluk-icgudusu\/"},"modified":"2026-04-15T03:38:14","modified_gmt":"2026-04-15T00:38:14","slug":"mutluluk-icgudusu","status":"publish","type":"product","link":"https:\/\/roveyayinevi.com.tr\/index.php\/urun\/mutluluk-icgudusu\/","title":{"rendered":"Mutluluk \u0130\u00e7g\u00fcd\u00fcs\u00fc"},"content":{"rendered":"<p>Kitap Tan\u0131t\u0131m Yaz\u0131s\u0131 :  \u00c7ok bilinmeyenli bir denklemin par\u00e7as\u0131 olsayd\u0131n\u0131z ne yapard\u0131n\u0131z?Tutkular\u0131n\u0131n pe\u015finden gitmek i\u00e7in sahip oldu\u011fu her \u015feyden vazge\u00e7ebilecek kadar idealist bir adam ve sahip oldu\u011fu herhangi bir \u015feyi kaybetmemek i\u00e7in tutkular\u0131ndan vazge\u00e7en bir kad\u0131n. Ya\u015fad\u0131klar\u0131ndan sonra yeni bir duyguya tutunamayacak kadar yaral\u0131, daha fazla yaralanmayacak kadar tecr\u00fcbeli birer insana d\u00f6n\u00fc\u015fen Richard ve S\u00fcreyya\u2019n\u0131n i\u00e7ine d\u00fc\u015ft\u00fc\u011f\u00fc durum onlar\u0131, yeniden sahip olma g\u00fcd\u00fcs\u00fcyle m\u00fcdahale ettikleri bir \u201cDurumsal anksiyete bozuklu\u011fu\u201d vakas\u0131nda bedeli a\u011f\u0131r bir \u201cPotansiyelinin kar\u015f\u0131l\u0131\u011f\u0131n\u0131 bulma.\u201d m\u00fccadelesine sokar.Bununla birlikte, insanlar \u00fczerinde yasak deneyler yapt\u0131\u011f\u0131 i\u00e7in g\u00f6revinden at\u0131lm\u0131\u015f bir psikiyatr olan Richard,  sevgilisinin intihar\u0131na sebep oldu\u011fu i\u00e7in Paranoid \u015eizofreninin kuca\u011f\u0131na d\u00fc\u015fm\u00fc\u015f olan Ozan\u2019la kar\u015f\u0131 kar\u015f\u0131ya kalacak ve olaylar daha karma\u015f\u0131k bir hal alacakt\u0131r..<\/p>\n","protected":false},"excerpt":{"rendered":"<p>Kitap Tan\u0131t\u0131m Yaz\u0131s\u0131 : \u00c7ok bilinmeyenli bir denklemin par\u00e7as\u0131 olsayd\u0131n\u0131z ne yapard\u0131n\u0131z?Tutkular\u0131n\u0131n pe\u015finden gitmek i\u00e7in sahip oldu\u011fu her \u015feyden vazge\u00e7ebilecek kadar idealist bir adam ve sahip<span class=\"excerpt-hellip\"> [\u2026]<\/span><\/p>\n","protected":false},"featured_media":0,"template":"","meta":{"_monsterinsights_skip_tracking":false,"_monsterinsights_sitenote_active":false,"_monsterinsights_sitenote_note":"","_monsterinsights_sitenote_category":0},"product_brand":[],"product_cat":[12291,12711],"product_tag":[],"class_list":{"0":"post-771762","1":"product","2":"type-product","3":"status-publish","5":"product_cat-edebiyat","6":"product_cat-roman-oyku","7":"pa_cilt-ciltsiz","8":"pa_tur-kitap","9":"pa_yayinevi-yediveren-yayinlari","10":"pa_yazar-metin-kuru","12":"first","13":"instock","14":"sale","15":"shipping-taxable","16":"purchasable","17":"product-type-simple"},"_links":{"self":[{"href":"https:\/\/roveyayinevi.com.tr\/index.php\/wp-json\/wp\/v2\/product\/771762","targetHints":{"allow":["GET"]}}],"collection":[{"href":"https:\/\/roveyayinevi.com.tr\/index.php\/wp-json\/wp\/v2\/product"}],"about":[{"href":"https:\/\/roveyayinevi.com.tr\/index.php\/wp-json\/wp\/v2\/types\/product"}],"wp:attachment":[{"href":"https:\/\/roveyayinevi.com.tr\/index.php\/wp-json\/wp\/v2\/media?parent=771762"}],"wp:term":[{"taxonomy":"product_brand","embeddable":true,"href":"https:\/\/roveyayinevi.com.tr\/index.php\/wp-json\/wp\/v2\/product_brand?post=771762"},{"taxonomy":"product_cat","embeddable":true,"href":"https:\/\/roveyayinevi.com.tr\/index.php\/wp-json\/wp\/v2\/product_cat?post=771762"},{"taxonomy":"product_tag","embeddable":true,"href":"https:\/\/roveyayinevi.com.tr\/index.php\/wp-json\/wp\/v2\/product_tag?post=771762"}],"curies":[{"name":"wp","href":"https:\/\/api.w.org\/{rel}","templated":true}]}}