{"id":771761,"date":"2025-08-28T15:17:17","date_gmt":"2025-08-28T12:17:17","guid":{"rendered":"https:\/\/roveyayinevi.com.tr\/index.php\/urun\/yangin-var\/"},"modified":"2026-04-15T03:38:14","modified_gmt":"2026-04-15T00:38:14","slug":"yangin-var","status":"publish","type":"product","link":"https:\/\/roveyayinevi.com.tr\/index.php\/urun\/yangin-var\/","title":{"rendered":"Yang\u0131n Var"},"content":{"rendered":"<p>benim i\u00e7in tiyatro bak\u0131m\u0131ndan \u00e7ok \u00f6nemli bir olayd\u0131r. Kanto deyip ge\u00e7memek laz\u0131m. Kantolar T\u00fcrk tiyatro tarihinin \u00fcst\u00fcnde durulmas\u0131 gereken \u00e7ok \u00f6nemli bir basama\u011f\u0131d\u0131r. Kantocular yapt\u0131klar\u0131yla tiyatro d\u00fcnyas\u0131na yepyeni bir y\u00f6n verdiler ve k\u00fc\u00e7\u00fcmsenemeyecek kadar b\u00fcy\u00fcl\u00fc bir alem yaratt\u0131lar ve bana kal\u0131rsa T\u00fcrkiye\u2019deki m\u00fczikal tiyatronun ilk \u00f6nemli tohumlar\u0131n\u0131 at\u0131p fidanlar\u0131n\u0131 yeti\u015ftirdiler. Perhuzlar, \u015eamramlar, Virjinler ve daha niceleri T\u00fcrk M\u00fczikal Tiyatro D\u00fcnyas\u0131\u2019n\u0131n unutulmamas\u0131, hatta minnetle an\u0131lmas\u0131 gereken ilk b\u00fcy\u00fck efsanevi starlar\u0131 oldular. \u015eebnem \u00d6zinal\u2019a bu kitab\u0131 yazarak bu bo\u015flu\u011fu kapatt\u0131\u011f\u0131ndan dolay\u0131 ne kadar te\u015fekk\u00fcr etsek azd\u0131r. Kad\u0131nlar\u0131n sahneye \u00e7\u0131kmas\u0131 g\u00fc\u00e7 hatta neredeyse imkans\u0131z anlarda kantolar\u0131yla att\u0131klar\u0131 tohumlar\u0131 ve i\u015fi vazge\u00e7ilmez hale getirdikleri i\u00e7in kanto d\u00fcnyas\u0131na eme\u011fi ge\u00e7en herkesi minnetle an\u0131yorum.\u201d<\/p>\n","protected":false},"excerpt":{"rendered":"<p>benim i\u00e7in tiyatro bak\u0131m\u0131ndan \u00e7ok \u00f6nemli bir olayd\u0131r. Kanto deyip ge\u00e7memek laz\u0131m. Kantolar T\u00fcrk tiyatro tarihinin \u00fcst\u00fcnde durulmas\u0131 gereken \u00e7ok \u00f6nemli bir basama\u011f\u0131d\u0131r. Kantocular yapt\u0131klar\u0131yla tiyatro<span class=\"excerpt-hellip\"> [\u2026]<\/span><\/p>\n","protected":false},"featured_media":0,"template":"","meta":{"_monsterinsights_skip_tracking":false,"_monsterinsights_sitenote_active":false,"_monsterinsights_sitenote_note":"","_monsterinsights_sitenote_category":0},"product_brand":[],"product_cat":[13072,12291],"product_tag":[],"class_list":{"0":"post-771761","1":"product","2":"type-product","3":"status-publish","5":"product_cat-arastirma-inceleme-referans","6":"product_cat-edebiyat","7":"pa_cilt-ciltsiz","8":"pa_tur-kitap","9":"pa_yayinevi-yediveren-yayinlari","10":"pa_yazar-sebnem-ozinal","12":"first","13":"instock","14":"sale","15":"shipping-taxable","16":"purchasable","17":"product-type-simple"},"_links":{"self":[{"href":"https:\/\/roveyayinevi.com.tr\/index.php\/wp-json\/wp\/v2\/product\/771761","targetHints":{"allow":["GET"]}}],"collection":[{"href":"https:\/\/roveyayinevi.com.tr\/index.php\/wp-json\/wp\/v2\/product"}],"about":[{"href":"https:\/\/roveyayinevi.com.tr\/index.php\/wp-json\/wp\/v2\/types\/product"}],"wp:attachment":[{"href":"https:\/\/roveyayinevi.com.tr\/index.php\/wp-json\/wp\/v2\/media?parent=771761"}],"wp:term":[{"taxonomy":"product_brand","embeddable":true,"href":"https:\/\/roveyayinevi.com.tr\/index.php\/wp-json\/wp\/v2\/product_brand?post=771761"},{"taxonomy":"product_cat","embeddable":true,"href":"https:\/\/roveyayinevi.com.tr\/index.php\/wp-json\/wp\/v2\/product_cat?post=771761"},{"taxonomy":"product_tag","embeddable":true,"href":"https:\/\/roveyayinevi.com.tr\/index.php\/wp-json\/wp\/v2\/product_tag?post=771761"}],"curies":[{"name":"wp","href":"https:\/\/api.w.org\/{rel}","templated":true}]}}