{"id":771758,"date":"2025-08-28T15:17:10","date_gmt":"2025-08-28T12:17:10","guid":{"rendered":"https:\/\/roveyayinevi.com.tr\/index.php\/urun\/akame-keser-8\/"},"modified":"2026-04-15T03:38:14","modified_gmt":"2026-04-15T00:38:14","slug":"akame-keser-8","status":"publish","type":"product","link":"https:\/\/roveyayinevi.com.tr\/index.php\/urun\/akame-keser-8\/","title":{"rendered":"Akame Keser 8"},"content":{"rendered":"<p>AKAME VE AKINCILAR TAR\u0130KATIN KARARG\u00c2HINA SIZAR.   JEAGERS VE KOUEN TAPINA\u011eI\u2019NIN D\u00d6RT \u015eEYTANI\u2019YSA SALDIRIYA   HAZIR B\u0130R \u015eEK\u0130LDE ONLARI BEKLEMEKTED\u0130R. SONUNDA M\u0130NE SERYU \u0130LE \u00c7ARPI\u015eIR!   KIRAN KIRANA SAVA\u015eLARLA DOLU \u00c7OK SEV\u0130LEN KARANLIK KURGU,   SEK\u0130Z\u0130NC\u0130 C\u0130LD\u0130YLE KAR\u015eINIZDA!! <\/p>\n","protected":false},"excerpt":{"rendered":"<p>AKAME VE AKINCILAR TAR\u0130KATIN KARARG\u00c2HINA SIZAR. JEAGERS VE KOUEN TAPINA\u011eI\u2019NIN D\u00d6RT \u015eEYTANI\u2019YSA SALDIRIYA HAZIR B\u0130R \u015eEK\u0130LDE ONLARI BEKLEMEKTED\u0130R. SONUNDA M\u0130NE SERYU \u0130LE \u00c7ARPI\u015eIR! KIRAN KIRANA SAVA\u015eLARLA<span class=\"excerpt-hellip\"> [\u2026]<\/span><\/p>\n","protected":false},"featured_media":0,"template":"","meta":{"_monsterinsights_skip_tracking":false,"_monsterinsights_sitenote_active":false,"_monsterinsights_sitenote_note":"","_monsterinsights_sitenote_category":0},"product_brand":[],"product_cat":[12416,12291],"product_tag":[],"class_list":{"0":"post-771758","1":"product","2":"type-product","3":"status-publish","5":"product_cat-cizgi-roman","6":"product_cat-edebiyat","7":"pa_cilt-ciltsiz","8":"pa_tur-kitap","9":"pa_yayinevi-athica-yayinlari","10":"pa_yazar-takahiro","12":"first","13":"instock","14":"sale","15":"shipping-taxable","16":"purchasable","17":"product-type-simple"},"_links":{"self":[{"href":"https:\/\/roveyayinevi.com.tr\/index.php\/wp-json\/wp\/v2\/product\/771758","targetHints":{"allow":["GET"]}}],"collection":[{"href":"https:\/\/roveyayinevi.com.tr\/index.php\/wp-json\/wp\/v2\/product"}],"about":[{"href":"https:\/\/roveyayinevi.com.tr\/index.php\/wp-json\/wp\/v2\/types\/product"}],"wp:attachment":[{"href":"https:\/\/roveyayinevi.com.tr\/index.php\/wp-json\/wp\/v2\/media?parent=771758"}],"wp:term":[{"taxonomy":"product_brand","embeddable":true,"href":"https:\/\/roveyayinevi.com.tr\/index.php\/wp-json\/wp\/v2\/product_brand?post=771758"},{"taxonomy":"product_cat","embeddable":true,"href":"https:\/\/roveyayinevi.com.tr\/index.php\/wp-json\/wp\/v2\/product_cat?post=771758"},{"taxonomy":"product_tag","embeddable":true,"href":"https:\/\/roveyayinevi.com.tr\/index.php\/wp-json\/wp\/v2\/product_tag?post=771758"}],"curies":[{"name":"wp","href":"https:\/\/api.w.org\/{rel}","templated":true}]}}