{"id":771755,"date":"2025-08-28T15:17:04","date_gmt":"2025-08-28T12:17:04","guid":{"rendered":"https:\/\/roveyayinevi.com.tr\/index.php\/urun\/tasavvufta-cok-mubarek-putlar\/"},"modified":"2026-04-15T03:38:14","modified_gmt":"2026-04-15T00:38:14","slug":"tasavvufta-cok-mubarek-putlar","status":"publish","type":"product","link":"https:\/\/roveyayinevi.com.tr\/index.php\/urun\/tasavvufta-cok-mubarek-putlar\/","title":{"rendered":"Tasavvufta \u00c7ok M\u00fcbarek Putlar"},"content":{"rendered":"<p>Din ve ak\u0131l \u00fczerinde d\u00fc\u015f\u00fcn\u00fcnce, kolayca g\u00f6r\u00fcl\u00fcr ki \u201cAk\u0131ls\u0131z din olmaz, dinsiz ak\u0131l da \u00e7ok i\u015fe yaramaz&#8230;\u201dAllah\u2019\u0131n kitab\u0131 \u201chala akletmez misiniz?\u201d buyurarak, dinde akl\u0131 \u015fart ko\u015fuyor.Sufiler ise \u201cakl\u0131 b\u0131rak\u0131n, \u00f6yle gelin!\u201d diyor.Din ve tasavvuf ak\u0131l konusunda tam bir z\u0131tla\u015fma i\u00e7inde&#8230; Din ak\u0131l istiyor, tasavvuf istemiyor.Din akla gelmi\u015f, tasavvuf akla so\u011fuk.Din \u2018ak\u0131ls\u0131z olmaz\u2019 diyor, Tasavvuf \u2018ak\u0131lla olmaz\u2019 diyor.Din \u2018akl\u0131n\u0131 ba\u015f\u0131na al\u2019 diyor, tarikat \u2018akl\u0131n\u0131 ba\u015f\u0131ndan at\u2019 diyor.Din akl\u0131 g\u00f6reve \u00e7a\u011f\u0131r\u0131yor, tarikat akl\u0131 kovuyor.Ve \u015fimdi i\u015fler kar\u0131\u015f\u0131yor!Bu durumda dileyen Kur\u2019an\u2019a, dileyen \u00e7ok m\u00fcbarek zatlar\u0131n kitaplar\u0131na g\u00f6re iman edecek!Tasavvufta esas olan, gavslar\u0131n s\u00f6yledikleri ve onlara verildi\u011fine inan\u0131lan kitaplard\u0131r.Bu kitaplara iman edilir.Arabi\u2019nin dedi\u011fi gibi \u201cBu kitaplardan \u015f\u00fcphe edilmez  aynen Kur\u2019an\u2019dan \u015f\u00fcphe edilemeyece\u011fi gibi&#8230;\u201dBu s\u00f6ylemler kar\u015f\u0131s\u0131nda s\u00f6ylenecek tek bir s\u00f6z vard\u0131r: \u201cNas\u0131l\u2019 yani?\u201d<\/p>\n","protected":false},"excerpt":{"rendered":"<p>Din ve ak\u0131l \u00fczerinde d\u00fc\u015f\u00fcn\u00fcnce, kolayca g\u00f6r\u00fcl\u00fcr ki \u201cAk\u0131ls\u0131z din olmaz, dinsiz ak\u0131l da \u00e7ok i\u015fe yaramaz&#8230;\u201dAllah\u2019\u0131n kitab\u0131 \u201chala akletmez misiniz?\u201d buyurarak, dinde akl\u0131 \u015fart ko\u015fuyor.Sufiler<span class=\"excerpt-hellip\"> [\u2026]<\/span><\/p>\n","protected":false},"featured_media":0,"template":"","meta":{"_monsterinsights_skip_tracking":false,"_monsterinsights_sitenote_active":false,"_monsterinsights_sitenote_note":"","_monsterinsights_sitenote_category":0},"product_brand":[],"product_cat":[12718,12719,15238],"product_tag":[],"class_list":{"0":"post-771755","1":"product","2":"type-product","3":"status-publish","5":"product_cat-din","6":"product_cat-islam","7":"product_cat-tasavvuf","8":"pa_cilt-ciltsiz","9":"pa_tur-kitap","10":"pa_yayinevi-yediveren-yayinlari","11":"pa_yazar-hamdi-kalyoncu","13":"first","14":"instock","15":"sale","16":"shipping-taxable","17":"purchasable","18":"product-type-simple"},"_links":{"self":[{"href":"https:\/\/roveyayinevi.com.tr\/index.php\/wp-json\/wp\/v2\/product\/771755","targetHints":{"allow":["GET"]}}],"collection":[{"href":"https:\/\/roveyayinevi.com.tr\/index.php\/wp-json\/wp\/v2\/product"}],"about":[{"href":"https:\/\/roveyayinevi.com.tr\/index.php\/wp-json\/wp\/v2\/types\/product"}],"wp:attachment":[{"href":"https:\/\/roveyayinevi.com.tr\/index.php\/wp-json\/wp\/v2\/media?parent=771755"}],"wp:term":[{"taxonomy":"product_brand","embeddable":true,"href":"https:\/\/roveyayinevi.com.tr\/index.php\/wp-json\/wp\/v2\/product_brand?post=771755"},{"taxonomy":"product_cat","embeddable":true,"href":"https:\/\/roveyayinevi.com.tr\/index.php\/wp-json\/wp\/v2\/product_cat?post=771755"},{"taxonomy":"product_tag","embeddable":true,"href":"https:\/\/roveyayinevi.com.tr\/index.php\/wp-json\/wp\/v2\/product_tag?post=771755"}],"curies":[{"name":"wp","href":"https:\/\/api.w.org\/{rel}","templated":true}]}}