{"id":771753,"date":"2025-08-28T15:16:59","date_gmt":"2025-08-28T12:16:59","guid":{"rendered":"https:\/\/roveyayinevi.com.tr\/index.php\/urun\/cilgin-kizlar-takimi\/"},"modified":"2026-04-15T03:38:14","modified_gmt":"2026-04-15T00:38:14","slug":"cilgin-kizlar-takimi","status":"publish","type":"product","link":"https:\/\/roveyayinevi.com.tr\/index.php\/urun\/cilgin-kizlar-takimi\/","title":{"rendered":"\u00c7\u0131lg\u0131n K\u0131zlar Tak\u0131m\u0131"},"content":{"rendered":"<p>Yaz tatilinde \u0130spanya&#8217;ya giden Marla&#8217;n\u0131n d\u00f6n\u00fc\u015fte valiziyle beraber s\u00fcrprizlerle dolu birini hayat\u0131na getirmesiyle ba\u015fl\u0131yordu her \u015fey. Beatriz&#8217;in bir gazetede ba\u015flad\u0131\u011f\u0131 stajda tan\u0131\u015ft\u0131\u011f\u0131 \u00e7ocuk, Lauren&#8217;\u0131n tatil i\u00e7in gittikleri yerde ya\u015fad\u0131klar\u0131 ve Marla&#8217;n\u0131n do\u011fumg\u00fcn\u00fc partisinde ya\u015fanan olaylar, onlara heyecanl\u0131 dakikalar ya\u015fatacakt\u0131. \u00dc\u00e7\u00fcn\u00fcn de ya\u015fam\u0131na sihirli bir de\u011fnek de\u011fecekti. De\u011ferli bir e\u015fyan\u0131n kaybolmas\u0131, k\u00f6t\u00fc bir olay gibi g\u00f6z\u00fckse de asl\u0131nda onlara katt\u0131\u011f\u0131 tatl\u0131 dostlu\u011fa \u015fahit olacaks\u0131n\u0131z. \u00c7\u0131lg\u0131n K\u0131zlar Tak\u0131m\u0131, kaybetmeyi ve zor da olsa onlara mutsuzluk veren ki\u015filerden vazge\u00e7meyi \u00f6\u011freneceklerdi. Yolda, yanl\u0131\u015f insanlar tan\u0131m\u0131\u015f olsalar da do\u011fru tercihler yapman\u0131n hayatta ne kadar \u00f6nemli oldu\u011funu bir kez daha anlayacaklard\u0131.<\/p>\n","protected":false},"excerpt":{"rendered":"<p>Yaz tatilinde \u0130spanya&#8217;ya giden Marla&#8217;n\u0131n d\u00f6n\u00fc\u015fte valiziyle beraber s\u00fcrprizlerle dolu birini hayat\u0131na getirmesiyle ba\u015fl\u0131yordu her \u015fey. Beatriz&#8217;in bir gazetede ba\u015flad\u0131\u011f\u0131 stajda tan\u0131\u015ft\u0131\u011f\u0131 \u00e7ocuk, Lauren&#8217;\u0131n tatil i\u00e7in<span class=\"excerpt-hellip\"> [\u2026]<\/span><\/p>\n","protected":false},"featured_media":0,"template":"","meta":{"_monsterinsights_skip_tracking":false,"_monsterinsights_sitenote_active":false,"_monsterinsights_sitenote_note":"","_monsterinsights_sitenote_category":0},"product_brand":[],"product_cat":[12274,12284],"product_tag":[],"class_list":{"0":"post-771753","1":"product","2":"type-product","3":"status-publish","5":"product_cat-cocuk-ve-genclik-kitaplari","6":"product_cat-hikayeler","7":"pa_cilt-ciltsiz","8":"pa_tur-kitap","9":"pa_yayinevi-eftalya-kitap","10":"pa_yazar-jessica-sanders","12":"first","13":"instock","14":"sale","15":"shipping-taxable","16":"purchasable","17":"product-type-simple"},"_links":{"self":[{"href":"https:\/\/roveyayinevi.com.tr\/index.php\/wp-json\/wp\/v2\/product\/771753","targetHints":{"allow":["GET"]}}],"collection":[{"href":"https:\/\/roveyayinevi.com.tr\/index.php\/wp-json\/wp\/v2\/product"}],"about":[{"href":"https:\/\/roveyayinevi.com.tr\/index.php\/wp-json\/wp\/v2\/types\/product"}],"wp:attachment":[{"href":"https:\/\/roveyayinevi.com.tr\/index.php\/wp-json\/wp\/v2\/media?parent=771753"}],"wp:term":[{"taxonomy":"product_brand","embeddable":true,"href":"https:\/\/roveyayinevi.com.tr\/index.php\/wp-json\/wp\/v2\/product_brand?post=771753"},{"taxonomy":"product_cat","embeddable":true,"href":"https:\/\/roveyayinevi.com.tr\/index.php\/wp-json\/wp\/v2\/product_cat?post=771753"},{"taxonomy":"product_tag","embeddable":true,"href":"https:\/\/roveyayinevi.com.tr\/index.php\/wp-json\/wp\/v2\/product_tag?post=771753"}],"curies":[{"name":"wp","href":"https:\/\/api.w.org\/{rel}","templated":true}]}}