{"id":771749,"date":"2025-08-28T15:16:52","date_gmt":"2025-08-28T12:16:52","guid":{"rendered":"https:\/\/roveyayinevi.com.tr\/index.php\/urun\/suphe-kutup-yildizidir\/"},"modified":"2025-09-25T11:22:42","modified_gmt":"2025-09-25T08:22:42","slug":"suphe-kutup-yildizidir","status":"publish","type":"product","link":"https:\/\/roveyayinevi.com.tr\/index.php\/urun\/suphe-kutup-yildizidir\/","title":{"rendered":"\u015e\u00fcphe Kutup Y\u0131ld\u0131z\u0131d\u0131r"},"content":{"rendered":"<p>\u201c\u2026\u0130nsanlar genellikle yak\u0131nlar\u0131n\u0131n ve sevdiklerinin s\u00f6ylediklerinin do\u011fru oldu\u011funu kabul eder. Oysa herkesin yak\u0131n\u0131 ve sevdi\u011fi var. Bunlara inan\u0131rlarsa, b\u00fct\u00fcn insanlar do\u011fruyu s\u00f6yl\u00fcyor demektir. Annemiz, babam\u0131z, en sevdi\u011fimiz arkada\u015flar\u0131m\u0131z, geleneklerimiz, inan\u00e7lar\u0131m\u0131z\u2026 Bunlar\u0131n hi\u00e7birisi sorgulamam\u0131za engel olmamal\u0131d\u0131r. Dedemin deyimiyle: \u2018\u015e\u00fcphe Kutup Y\u0131ld\u0131z\u0131d\u0131r. Y\u00f6n\u00fcm\u00fcz\u00fc bulmakta zorland\u0131\u011f\u0131m\u0131zda, ona do\u011fru y\u00fcr\u00fcmeliyiz.\u2019\u2026\u201d  <\/p>\n","protected":false},"excerpt":{"rendered":"<p>\u201c\u2026\u0130nsanlar genellikle yak\u0131nlar\u0131n\u0131n ve sevdiklerinin s\u00f6ylediklerinin do\u011fru oldu\u011funu kabul eder. Oysa herkesin yak\u0131n\u0131 ve sevdi\u011fi var. Bunlara inan\u0131rlarsa, b\u00fct\u00fcn insanlar do\u011fruyu s\u00f6yl\u00fcyor demektir. Annemiz, babam\u0131z, en<span class=\"excerpt-hellip\"> [\u2026]<\/span><\/p>\n","protected":false},"featured_media":0,"template":"","meta":{"_monsterinsights_skip_tracking":false,"_monsterinsights_sitenote_active":false,"_monsterinsights_sitenote_note":"","_monsterinsights_sitenote_category":0},"product_brand":[],"product_cat":[12777,12291],"product_tag":[],"class_list":{"0":"post-771749","1":"product","2":"type-product","3":"status-publish","5":"product_cat-deneme","6":"product_cat-edebiyat","7":"pa_cilt-ciltsiz","8":"pa_tur-kitap","9":"pa_yayinevi-galeati-yayincilik","10":"pa_yazar-saadettin-aydos","12":"first","13":"instock","14":"sale","15":"shipping-taxable","16":"purchasable","17":"product-type-simple"},"_links":{"self":[{"href":"https:\/\/roveyayinevi.com.tr\/index.php\/wp-json\/wp\/v2\/product\/771749","targetHints":{"allow":["GET"]}}],"collection":[{"href":"https:\/\/roveyayinevi.com.tr\/index.php\/wp-json\/wp\/v2\/product"}],"about":[{"href":"https:\/\/roveyayinevi.com.tr\/index.php\/wp-json\/wp\/v2\/types\/product"}],"wp:attachment":[{"href":"https:\/\/roveyayinevi.com.tr\/index.php\/wp-json\/wp\/v2\/media?parent=771749"}],"wp:term":[{"taxonomy":"product_brand","embeddable":true,"href":"https:\/\/roveyayinevi.com.tr\/index.php\/wp-json\/wp\/v2\/product_brand?post=771749"},{"taxonomy":"product_cat","embeddable":true,"href":"https:\/\/roveyayinevi.com.tr\/index.php\/wp-json\/wp\/v2\/product_cat?post=771749"},{"taxonomy":"product_tag","embeddable":true,"href":"https:\/\/roveyayinevi.com.tr\/index.php\/wp-json\/wp\/v2\/product_tag?post=771749"}],"curies":[{"name":"wp","href":"https:\/\/api.w.org\/{rel}","templated":true}]}}