{"id":771744,"date":"2025-08-28T15:16:44","date_gmt":"2025-08-28T12:16:44","guid":{"rendered":"https:\/\/roveyayinevi.com.tr\/index.php\/urun\/politik-psikoloji-sozlugu\/"},"modified":"2026-04-15T03:38:14","modified_gmt":"2026-04-15T00:38:14","slug":"politik-psikoloji-sozlugu","status":"publish","type":"product","link":"https:\/\/roveyayinevi.com.tr\/index.php\/urun\/politik-psikoloji-sozlugu\/","title":{"rendered":"Politik Psikoloji S\u00f6zl\u00fc\u011f\u00fc"},"content":{"rendered":"<p>Politik psikoloji, di\u011fer ismiyle siyaset psikolojisi, insanlar\u0131n ve toplumlar\u0131n politik davran\u0131\u015flar\u0131n\u0131n perde arkas\u0131ndaki bile\u015fenleri ara\u015ft\u0131ran disiplinler aras\u0131 bir bilim dal\u0131d\u0131r. \u00d6zellikle davran\u0131\u015f\u00e7\u0131l\u0131k ak\u0131m\u0131n\u0131n h\u0131z kazand\u0131\u011f\u0131 son elli y\u0131ll\u0131k d\u00f6nemde, di\u011fer disiplinler aras\u0131 bilimlerde oldu\u011fu gibi politik psikoloji alan\u0131ndaki \u00e7al\u0131\u015fmalar da h\u0131z kazanm\u0131\u015ft\u0131r. Bireylerin ve toplumlar\u0131n politik eylem ve davran\u0131\u015flar\u0131n\u0131 incelemek ve anlamland\u0131rmak i\u00e7in politik psikolojinin inceleme alanlar\u0131n\u0131, temel kavramlar\u0131n\u0131 ve bunlarla ilintili di\u011fer kavramlar\u0131 anlamak b\u00fcy\u00fck \u00f6nem ta\u015f\u0131maktad\u0131r. Politik Psikoloji S\u00f6zl\u00fc\u011f\u00fc isimli bu eserde, politik psikolojinin temel kavramlar\u0131 ve bu kavramlarla ili\u015fkili alanyaz\u0131ndaki bir\u00e7ok kavram derlenmi\u015ftir. Politik Psikoloji S\u00f6zl\u00fc\u011f\u00fc, sadece politik psikoloji alan\u0131nda \u00e7al\u0131\u015fma yapacak ki\u015filer i\u00e7in de\u011fil; ayn\u0131 zamanda psikoloji, sosyoloji ve sosyal psikoloji \u00e7al\u0131\u015fmalar\u0131 yapacak ki\u015filer ile temel anlamda siyaseti anlamak isteyen herkes i\u00e7in bir rehber rol\u00fc \u00fcstelenecektir.<\/p>\n","protected":false},"excerpt":{"rendered":"<p>Politik psikoloji, di\u011fer ismiyle siyaset psikolojisi, insanlar\u0131n ve toplumlar\u0131n politik davran\u0131\u015flar\u0131n\u0131n perde arkas\u0131ndaki bile\u015fenleri ara\u015ft\u0131ran disiplinler aras\u0131 bir bilim dal\u0131d\u0131r. \u00d6zellikle davran\u0131\u015f\u00e7\u0131l\u0131k ak\u0131m\u0131n\u0131n h\u0131z kazand\u0131\u011f\u0131 son<span class=\"excerpt-hellip\"> [\u2026]<\/span><\/p>\n","protected":false},"featured_media":0,"template":"","meta":{"_monsterinsights_skip_tracking":false,"_monsterinsights_sitenote_active":false,"_monsterinsights_sitenote_note":"","_monsterinsights_sitenote_category":0},"product_brand":[],"product_cat":[12566,13611],"product_tag":[],"class_list":{"0":"post-771744","1":"product","2":"type-product","3":"status-publish","5":"product_cat-egitim","6":"product_cat-sozlukler-ve-konusma-kilavuzlari","7":"pa_cilt-ciltsiz","8":"pa_tur-kitap","9":"pa_yayinevi-yediveren-yayinlari","10":"pa_yazar-ugur-huseyin-hasancebi","12":"first","13":"instock","14":"sale","15":"shipping-taxable","16":"purchasable","17":"product-type-simple"},"_links":{"self":[{"href":"https:\/\/roveyayinevi.com.tr\/index.php\/wp-json\/wp\/v2\/product\/771744","targetHints":{"allow":["GET"]}}],"collection":[{"href":"https:\/\/roveyayinevi.com.tr\/index.php\/wp-json\/wp\/v2\/product"}],"about":[{"href":"https:\/\/roveyayinevi.com.tr\/index.php\/wp-json\/wp\/v2\/types\/product"}],"wp:attachment":[{"href":"https:\/\/roveyayinevi.com.tr\/index.php\/wp-json\/wp\/v2\/media?parent=771744"}],"wp:term":[{"taxonomy":"product_brand","embeddable":true,"href":"https:\/\/roveyayinevi.com.tr\/index.php\/wp-json\/wp\/v2\/product_brand?post=771744"},{"taxonomy":"product_cat","embeddable":true,"href":"https:\/\/roveyayinevi.com.tr\/index.php\/wp-json\/wp\/v2\/product_cat?post=771744"},{"taxonomy":"product_tag","embeddable":true,"href":"https:\/\/roveyayinevi.com.tr\/index.php\/wp-json\/wp\/v2\/product_tag?post=771744"}],"curies":[{"name":"wp","href":"https:\/\/api.w.org\/{rel}","templated":true}]}}